{"id":6918,"date":"2023-05-19T11:57:20","date_gmt":"2023-05-19T11:57:20","guid":{"rendered":"https:\/\/chibolita.es\/?post_type=product&#038;p=6918"},"modified":"2023-05-19T11:58:09","modified_gmt":"2023-05-19T11:58:09","slug":"uniq-multi-preservativos-sin-latex-3-unidades","status":"publish","type":"product","link":"https:\/\/chibolita.es\/index.php\/product\/uniq-multi-preservativos-sin-latex-3-unidades\/","title":{"rendered":"UNIQ MULTI PRESERVATIVOS SIN LATEX 3 UNIDADES"},"content":{"rendered":"<p>Los condones transparentes sin l\u00e1tex Uniq MULTI son extremadamente delgados y brindan una sensaci\u00f3n natural durante las relaciones sexuales, como si no usaras nada. Mientras que los condones normales tienen un grosor de 0,06 a 0,07 mm, estos Uniq MULTI Non-latex tienen un grosor de solo 0,008 mm. Las gomas multiusos aumentan la sensibilidad y son extra suaves.<\/p>\n<p>Los preservativos Uniq MULTI est\u00e1n hechos de resina sint\u00e9tica, es decir, son perfectos para quienes tienen alergia al l\u00e1tex. Alcanza la forma m\u00e1s alta de placer y seguridad porque los condones Uniq MULTI son extra resistentes a cualquier calor, aceite o da\u00f1o qu\u00edmico.<\/p>\n<p>Perfecto para hombres y mujeres,Los innovadores preservativos Uniq MULTI vienen con una base especialmente dise\u00f1ada. Para una m\u00e1xima protecci\u00f3n, util\u00edcelo como un cond\u00f3n masculino, una presa para el sexo oral o anal, para cubrir un \u00e1rea genital, o introd\u00fazcalo dentro de la vagina incluso 4 horas antes de la relaci\u00f3n sexual. El exclusivo y moderno empaque de condones de 3 tarjetas m\u00faltiples es seguro para guardar en una billetera.<\/p>\n<ul>\n<li>Caracter\u00edsticas: Preservativos m\u00e1s finos de 0,008 mm<\/li>\n<li>Tama\u00f1o: Forma \u00fanica<\/li>\n<li>Forma: Forma \u00fanica<\/li>\n<li>Textura: Suave<\/li>\n<li>Color: Transparente<\/li>\n<li>Sabor: Sin sabor<\/li>\n<li>Material: Sin l\u00e1tex AT-10<\/li>\n<li>Ancho en la base: 60\u00b12 \/ 2.36&#8243; pulgadas<\/li>\n<li>Longitud: 170-180 mm \/ 6,69-7,08&#8243; pulgadas<\/li>\n<li>Espesor:\u00a08mm<\/li>\n<\/ul>\n<p>Uniq Condoms es una empresa con sede en Columbia que fabrica los condones sin l\u00e1tex m\u00e1s innovadores para hombres y mujeres. En 2015, los condones Uniq fueron premiados por Bill &amp; Melinda Gates por ser los condones m\u00e1s ingeniosos del mundo.<\/p>\n","protected":false},"excerpt":{"rendered":"<p>Los condones transparentes sin l\u00e1tex Uniq MULTI son extremadamente delgados y brindan una sensaci\u00f3n natural durante las relaciones sexuales, como si no usaras nada. Mientras que los condones normales tienen un grosor de 0,06 a 0,07 mm, estos Uniq MULTI Non-latex tienen un grosor de solo 0,008 mm. Las gomas multiusos aumentan la sensibilidad y [&hellip;]<\/p>\n","protected":false},"featured_media":6919,"comment_status":"open","ping_status":"closed","template":"","meta":{"_eb_attr":"","site-sidebar-layout":"default","site-content-layout":"default","ast-site-content-layout":"default","site-content-style":"default","site-sidebar-style":"default","ast-global-header-display":"","ast-banner-title-visibility":"","ast-main-header-display":"","ast-hfb-above-header-display":"","ast-hfb-below-header-display":"","ast-hfb-mobile-header-display":"","site-post-title":"","ast-breadcrumbs-content":"","ast-featured-img":"","footer-sml-layout":"","ast-disable-related-posts":"","theme-transparent-header-meta":"default","adv-header-id-meta":"","stick-header-meta":"","header-above-stick-meta":"","header-main-stick-meta":"","header-below-stick-meta":"","astra-migrate-meta-layouts":"default","ast-page-background-enabled":"default","ast-page-background-meta":{"desktop":{"background-color":"var(--ast-global-color-4)","background-image":"","background-repeat":"repeat","background-position":"center center","background-size":"auto","background-attachment":"scroll","background-type":"","background-media":"","overlay-type":"","overlay-color":"","overlay-opacity":"","overlay-gradient":""},"tablet":{"background-color":"","background-image":"","background-repeat":"repeat","background-position":"center center","background-size":"auto","background-attachment":"scroll","background-type":"","background-media":"","overlay-type":"","overlay-color":"","overlay-opacity":"","overlay-gradient":""},"mobile":{"background-color":"","background-image":"","background-repeat":"repeat","background-position":"center center","background-size":"auto","background-attachment":"scroll","background-type":"","background-media":"","overlay-type":"","overlay-color":"","overlay-opacity":"","overlay-gradient":""}},"ast-content-background-meta":{"desktop":{"background-color":"var(--ast-global-color-5)","background-image":"","background-repeat":"repeat","background-position":"center center","background-size":"auto","background-attachment":"scroll","background-type":"","background-media":"","overlay-type":"","overlay-color":"","overlay-opacity":"","overlay-gradient":""},"tablet":{"background-color":"var(--ast-global-color-5)","background-image":"","background-repeat":"repeat","background-position":"center center","background-size":"auto","background-attachment":"scroll","background-type":"","background-media":"","overlay-type":"","overlay-color":"","overlay-opacity":"","overlay-gradient":""},"mobile":{"background-color":"var(--ast-global-color-5)","background-image":"","background-repeat":"repeat","background-position":"center center","background-size":"auto","background-attachment":"scroll","background-type":"","background-media":"","overlay-type":"","overlay-color":"","overlay-opacity":"","overlay-gradient":""}}},"product_brand":[],"product_cat":[283],"product_tag":[],"class_list":{"0":"post-6918","1":"product","2":"type-product","3":"status-publish","4":"has-post-thumbnail","6":"product_cat-preservativos","7":"desktop-align-left","8":"tablet-align-left","9":"mobile-align-left","11":"first","12":"instock","13":"shipping-taxable","14":"purchasable","15":"product-type-simple"},"_links":{"self":[{"href":"https:\/\/chibolita.es\/index.php\/wp-json\/wp\/v2\/product\/6918","targetHints":{"allow":["GET"]}}],"collection":[{"href":"https:\/\/chibolita.es\/index.php\/wp-json\/wp\/v2\/product"}],"about":[{"href":"https:\/\/chibolita.es\/index.php\/wp-json\/wp\/v2\/types\/product"}],"replies":[{"embeddable":true,"href":"https:\/\/chibolita.es\/index.php\/wp-json\/wp\/v2\/comments?post=6918"}],"wp:featuredmedia":[{"embeddable":true,"href":"https:\/\/chibolita.es\/index.php\/wp-json\/wp\/v2\/media\/6919"}],"wp:attachment":[{"href":"https:\/\/chibolita.es\/index.php\/wp-json\/wp\/v2\/media?parent=6918"}],"wp:term":[{"taxonomy":"product_brand","embeddable":true,"href":"https:\/\/chibolita.es\/index.php\/wp-json\/wp\/v2\/product_brand?post=6918"},{"taxonomy":"product_cat","embeddable":true,"href":"https:\/\/chibolita.es\/index.php\/wp-json\/wp\/v2\/product_cat?post=6918"},{"taxonomy":"product_tag","embeddable":true,"href":"https:\/\/chibolita.es\/index.php\/wp-json\/wp\/v2\/product_tag?post=6918"}],"curies":[{"name":"wp","href":"https:\/\/api.w.org\/{rel}","templated":true}]}}