{"id":6915,"date":"2023-05-19T11:56:09","date_gmt":"2023-05-19T11:56:09","guid":{"rendered":"https:\/\/chibolita.es\/?post_type=product&#038;p=6915"},"modified":"2023-05-19T11:57:03","modified_gmt":"2023-05-19T11:57:03","slug":"uniq-oral-mask-preservativos-sin-latex-1-unidad","status":"publish","type":"product","link":"https:\/\/chibolita.es\/index.php\/product\/uniq-oral-mask-preservativos-sin-latex-1-unidad\/","title":{"rendered":"UNIQ ORAL MASK PRESERVATIVOS SIN LATEX 1 UNIDAD"},"content":{"rendered":"<p>M\u00e1scara de resina sint\u00e9tica AT-10 para protecci\u00f3n durante el sexo oral. El Oral mask usado adecuadamente evita el paso de fluidos corporales, ayudando a reducir el riesgo de adquirir o transmitir ITS como s\u00edfilis, herpes, gonorrea, candidi\u00e1sis, VIH y el virus del papiloma humano (VPH).<\/p>\n<ul>\n<li>Caracter\u00edsticas especiales: M\u00e1scara para sexo oral<\/li>\n<li>Tama\u00f1o: Forma \u00fanica<\/li>\n<li>Forma: Forma \u00fanica<\/li>\n<li>Textura: Suave<\/li>\n<li>Color: Transparente<\/li>\n<li>Sabor: Sin sabor<\/li>\n<li>Material: Sin l\u00e1tex AT-10<\/li>\n<\/ul>\n","protected":false},"excerpt":{"rendered":"<p>M\u00e1scara de resina sint\u00e9tica AT-10 para protecci\u00f3n durante el sexo oral. El Oral mask usado adecuadamente evita el paso de fluidos corporales, ayudando a reducir el riesgo de adquirir o transmitir ITS como s\u00edfilis, herpes, gonorrea, candidi\u00e1sis, VIH y el virus del papiloma humano (VPH). Caracter\u00edsticas especiales: M\u00e1scara para sexo oral Tama\u00f1o: Forma \u00fanica Forma: [&hellip;]<\/p>\n","protected":false},"featured_media":6917,"comment_status":"open","ping_status":"closed","template":"","meta":{"_eb_attr":"","site-sidebar-layout":"default","site-content-layout":"default","ast-site-content-layout":"default","site-content-style":"default","site-sidebar-style":"default","ast-global-header-display":"","ast-banner-title-visibility":"","ast-main-header-display":"","ast-hfb-above-header-display":"","ast-hfb-below-header-display":"","ast-hfb-mobile-header-display":"","site-post-title":"","ast-breadcrumbs-content":"","ast-featured-img":"","footer-sml-layout":"","ast-disable-related-posts":"","theme-transparent-header-meta":"default","adv-header-id-meta":"","stick-header-meta":"","header-above-stick-meta":"","header-main-stick-meta":"","header-below-stick-meta":"","astra-migrate-meta-layouts":"default","ast-page-background-enabled":"default","ast-page-background-meta":{"desktop":{"background-color":"var(--ast-global-color-4)","background-image":"","background-repeat":"repeat","background-position":"center center","background-size":"auto","background-attachment":"scroll","background-type":"","background-media":"","overlay-type":"","overlay-color":"","overlay-opacity":"","overlay-gradient":""},"tablet":{"background-color":"","background-image":"","background-repeat":"repeat","background-position":"center center","background-size":"auto","background-attachment":"scroll","background-type":"","background-media":"","overlay-type":"","overlay-color":"","overlay-opacity":"","overlay-gradient":""},"mobile":{"background-color":"","background-image":"","background-repeat":"repeat","background-position":"center center","background-size":"auto","background-attachment":"scroll","background-type":"","background-media":"","overlay-type":"","overlay-color":"","overlay-opacity":"","overlay-gradient":""}},"ast-content-background-meta":{"desktop":{"background-color":"var(--ast-global-color-5)","background-image":"","background-repeat":"repeat","background-position":"center center","background-size":"auto","background-attachment":"scroll","background-type":"","background-media":"","overlay-type":"","overlay-color":"","overlay-opacity":"","overlay-gradient":""},"tablet":{"background-color":"var(--ast-global-color-5)","background-image":"","background-repeat":"repeat","background-position":"center center","background-size":"auto","background-attachment":"scroll","background-type":"","background-media":"","overlay-type":"","overlay-color":"","overlay-opacity":"","overlay-gradient":""},"mobile":{"background-color":"var(--ast-global-color-5)","background-image":"","background-repeat":"repeat","background-position":"center center","background-size":"auto","background-attachment":"scroll","background-type":"","background-media":"","overlay-type":"","overlay-color":"","overlay-opacity":"","overlay-gradient":""}}},"product_brand":[],"product_cat":[281,15],"product_tag":[],"class_list":{"0":"post-6915","1":"product","2":"type-product","3":"status-publish","4":"has-post-thumbnail","6":"product_cat-sexo-oral","7":"product_cat-uncategorized","8":"desktop-align-left","9":"tablet-align-left","10":"mobile-align-left","12":"first","13":"instock","14":"shipping-taxable","15":"purchasable","16":"product-type-simple"},"_links":{"self":[{"href":"https:\/\/chibolita.es\/index.php\/wp-json\/wp\/v2\/product\/6915","targetHints":{"allow":["GET"]}}],"collection":[{"href":"https:\/\/chibolita.es\/index.php\/wp-json\/wp\/v2\/product"}],"about":[{"href":"https:\/\/chibolita.es\/index.php\/wp-json\/wp\/v2\/types\/product"}],"replies":[{"embeddable":true,"href":"https:\/\/chibolita.es\/index.php\/wp-json\/wp\/v2\/comments?post=6915"}],"wp:featuredmedia":[{"embeddable":true,"href":"https:\/\/chibolita.es\/index.php\/wp-json\/wp\/v2\/media\/6917"}],"wp:attachment":[{"href":"https:\/\/chibolita.es\/index.php\/wp-json\/wp\/v2\/media?parent=6915"}],"wp:term":[{"taxonomy":"product_brand","embeddable":true,"href":"https:\/\/chibolita.es\/index.php\/wp-json\/wp\/v2\/product_brand?post=6915"},{"taxonomy":"product_cat","embeddable":true,"href":"https:\/\/chibolita.es\/index.php\/wp-json\/wp\/v2\/product_cat?post=6915"},{"taxonomy":"product_tag","embeddable":true,"href":"https:\/\/chibolita.es\/index.php\/wp-json\/wp\/v2\/product_tag?post=6915"}],"curies":[{"name":"wp","href":"https:\/\/api.w.org\/{rel}","templated":true}]}}