{"id":6911,"date":"2023-05-19T11:54:17","date_gmt":"2023-05-19T11:54:17","guid":{"rendered":"https:\/\/chibolita.es\/?post_type=product&#038;p=6911"},"modified":"2023-05-19T11:55:15","modified_gmt":"2023-05-19T11:55:15","slug":"uniq-pull-preservativos-con-tiras-sin-latex-3-unidades","status":"publish","type":"product","link":"https:\/\/chibolita.es\/index.php\/product\/uniq-pull-preservativos-con-tiras-sin-latex-3-unidades\/","title":{"rendered":"UNIQ PULL PRESERVATIVOS CON TIRAS SIN LATEX 3 UNIDADES"},"content":{"rendered":"<p>Uniq Pull se diferencia de otros tipos de preservativos por tener un sistema \u00fanico con tiras. Simplemente agregue el cond\u00f3n en la punta de un pene erecto y tire de las tiras hacia abajo para una cobertura completa. \u00a1Una forma s\u00faper f\u00e1cil y r\u00e1pida de tener sexo seguro!<\/p>\n<p>Preservativos sin l\u00e1tex hipoalerg\u00e9nicos , extrasuaves y ultrarresistentes que se adhieren a la piel del usuario y no resbalan durante las relaciones sexuales. As\u00ed, disfruta de un deslizamiento intenso, sensacional y seguro incluso en la oscuridad, porque con el Uniq Pull ponerte el preservativo te llevar\u00e1 s\u00f3lo unos segundos .<\/p>\n<p>Transparente e inodoroLos condones vienen en un paquete del tama\u00f1o de una tarjeta de cr\u00e9dito, que podr\u00eda caber perfectamente en la billetera o el bolsillo. Bono extra: encontrar\u00e1s 3 lubricantes adicionales en el paquete. No te preocupes, los preservativos Uniq Pull son aptos para cualquier otro tipo de lubricante.<\/p>\n<ul>\n<li>Caracter\u00edsticas: Cintas laterales para tirar<\/li>\n<li>Tama\u00f1o: Regular<\/li>\n<li>Forma: Directo<\/li>\n<li>Textura: Suave<\/li>\n<li>Color: Transparente<\/li>\n<li>Sabor: Sin sabor<\/li>\n<li>Material: Sin l\u00e1tex AT-10<\/li>\n<li>Espesor: 20 micras<\/li>\n<li>Ancho en la base: 60 \/ 2.36&#8243; pulgadas<\/li>\n<li>Longitud: 170-190 mm \/ 6,7-7,5&#8243; pulgadas<\/li>\n<\/ul>\n<p>Uniq es una empresa con sede en Columbia que ofrece una amplia gama de productos exclusivos , seguros y placenteros hechos tanto para hombres como para mujeres.<\/p>\n","protected":false},"excerpt":{"rendered":"<p>Uniq Pull se diferencia de otros tipos de preservativos por tener un sistema \u00fanico con tiras. Simplemente agregue el cond\u00f3n en la punta de un pene erecto y tire de las tiras hacia abajo para una cobertura completa. \u00a1Una forma s\u00faper f\u00e1cil y r\u00e1pida de tener sexo seguro! Preservativos sin l\u00e1tex hipoalerg\u00e9nicos , extrasuaves y [&hellip;]<\/p>\n","protected":false},"featured_media":6914,"comment_status":"open","ping_status":"closed","template":"","meta":{"_eb_attr":"","site-sidebar-layout":"default","site-content-layout":"default","ast-site-content-layout":"default","site-content-style":"default","site-sidebar-style":"default","ast-global-header-display":"","ast-banner-title-visibility":"","ast-main-header-display":"","ast-hfb-above-header-display":"","ast-hfb-below-header-display":"","ast-hfb-mobile-header-display":"","site-post-title":"","ast-breadcrumbs-content":"","ast-featured-img":"","footer-sml-layout":"","ast-disable-related-posts":"","theme-transparent-header-meta":"default","adv-header-id-meta":"","stick-header-meta":"","header-above-stick-meta":"","header-main-stick-meta":"","header-below-stick-meta":"","astra-migrate-meta-layouts":"default","ast-page-background-enabled":"default","ast-page-background-meta":{"desktop":{"background-color":"var(--ast-global-color-4)","background-image":"","background-repeat":"repeat","background-position":"center center","background-size":"auto","background-attachment":"scroll","background-type":"","background-media":"","overlay-type":"","overlay-color":"","overlay-opacity":"","overlay-gradient":""},"tablet":{"background-color":"","background-image":"","background-repeat":"repeat","background-position":"center center","background-size":"auto","background-attachment":"scroll","background-type":"","background-media":"","overlay-type":"","overlay-color":"","overlay-opacity":"","overlay-gradient":""},"mobile":{"background-color":"","background-image":"","background-repeat":"repeat","background-position":"center center","background-size":"auto","background-attachment":"scroll","background-type":"","background-media":"","overlay-type":"","overlay-color":"","overlay-opacity":"","overlay-gradient":""}},"ast-content-background-meta":{"desktop":{"background-color":"var(--ast-global-color-5)","background-image":"","background-repeat":"repeat","background-position":"center center","background-size":"auto","background-attachment":"scroll","background-type":"","background-media":"","overlay-type":"","overlay-color":"","overlay-opacity":"","overlay-gradient":""},"tablet":{"background-color":"var(--ast-global-color-5)","background-image":"","background-repeat":"repeat","background-position":"center center","background-size":"auto","background-attachment":"scroll","background-type":"","background-media":"","overlay-type":"","overlay-color":"","overlay-opacity":"","overlay-gradient":""},"mobile":{"background-color":"var(--ast-global-color-5)","background-image":"","background-repeat":"repeat","background-position":"center center","background-size":"auto","background-attachment":"scroll","background-type":"","background-media":"","overlay-type":"","overlay-color":"","overlay-opacity":"","overlay-gradient":""}}},"product_brand":[],"product_cat":[283],"product_tag":[],"class_list":{"0":"post-6911","1":"product","2":"type-product","3":"status-publish","4":"has-post-thumbnail","6":"product_cat-preservativos","7":"desktop-align-left","8":"tablet-align-left","9":"mobile-align-left","11":"first","12":"instock","13":"shipping-taxable","14":"purchasable","15":"product-type-simple"},"_links":{"self":[{"href":"https:\/\/chibolita.es\/index.php\/wp-json\/wp\/v2\/product\/6911","targetHints":{"allow":["GET"]}}],"collection":[{"href":"https:\/\/chibolita.es\/index.php\/wp-json\/wp\/v2\/product"}],"about":[{"href":"https:\/\/chibolita.es\/index.php\/wp-json\/wp\/v2\/types\/product"}],"replies":[{"embeddable":true,"href":"https:\/\/chibolita.es\/index.php\/wp-json\/wp\/v2\/comments?post=6911"}],"wp:featuredmedia":[{"embeddable":true,"href":"https:\/\/chibolita.es\/index.php\/wp-json\/wp\/v2\/media\/6914"}],"wp:attachment":[{"href":"https:\/\/chibolita.es\/index.php\/wp-json\/wp\/v2\/media?parent=6911"}],"wp:term":[{"taxonomy":"product_brand","embeddable":true,"href":"https:\/\/chibolita.es\/index.php\/wp-json\/wp\/v2\/product_brand?post=6911"},{"taxonomy":"product_cat","embeddable":true,"href":"https:\/\/chibolita.es\/index.php\/wp-json\/wp\/v2\/product_cat?post=6911"},{"taxonomy":"product_tag","embeddable":true,"href":"https:\/\/chibolita.es\/index.php\/wp-json\/wp\/v2\/product_tag?post=6911"}],"curies":[{"name":"wp","href":"https:\/\/api.w.org\/{rel}","templated":true}]}}