{"id":6884,"date":"2023-05-18T22:20:01","date_gmt":"2023-05-18T22:20:01","guid":{"rendered":"https:\/\/chibolita.es\/?post_type=product&#038;p=6884"},"modified":"2025-05-31T11:14:54","modified_gmt":"2025-05-31T11:14:54","slug":"rush-herbal-popper-spray-15-ml-east","status":"publish","type":"product","link":"https:\/\/chibolita.es\/index.php\/product\/rush-herbal-popper-spray-15-ml-east\/","title":{"rendered":"RUSH HERBAL POPPER SPRAY 15 ML"},"content":{"rendered":"<p>Rush Herbal Popper es un energ\u00e9tico natural que proporciona relaciones sexuales m\u00e1s intensas. Estas gotas energ\u00e9ticas activan la energ\u00eda f\u00edsica y, por lo tanto, tambi\u00e9n proporcionan m\u00e1s potencia sexual, gracias a ingredientes como el ginseng siberiano y el ginkgo biloba. Experimente c\u00f3mo la potencia sexual de Rush Herbal Popper le da un subid\u00f3n er\u00f3tico, para disfrutar de un placer m\u00e1s intenso e inolvidable.<\/p>\n<ul>\n<li>Proporciona potencia sexual adicional<\/li>\n<li>Ginkgo Biloba mejora la resistencia *<\/li>\n<li>Experimente un subid\u00f3n er\u00f3tico<\/li>\n<\/ul>\n<p><strong>C\u00f3mo funciona<\/strong><\/p>\n<p>Este exclusivo vigorizante mejora las relaciones sexuales de forma natural. Las gotas se absorben f\u00e1cil y r\u00e1pidamente por el cuerpo y proporcionan m\u00e1s vitalidad sexual Su f\u00f3rmula equilibrada aprovecha las propiedades energ\u00e9ticas de ingredientes como el Ginkgo Biloba y el Ginseng Siberiano. El extracto de eleuterococo, o ginseng siberiano, es conocido tradicionalmente por sus propiedades curativas, equilibrantes y energizantes. El extracto de Serenoa Serrulata puede favorecer la buena salud de los organos sexuales y el vigor sexual. Ginkgo Biloba mejora la resistencia y, paralelamente, la energ\u00eda sexual, con lo que se puede sentir un deseo sexual m\u00e1s intenso.<\/p>\n<p><strong>Informaci\u00f3n adicional<\/strong><\/p>\n<p>Es un preparado a base de hierbas, amino\u00e1cidos y vitaminas. Un suplemento alimenticio no debe utilizarse como sustituto de una dieta variada y equilibrada y un estilo de vida saludable. Mantener fuera del alcance de los ni\u00f1os. Almacenar en un lugar seco a temperatura ambiente.<\/p>\n<p><strong>Ingredientes<\/strong><\/p>\n<p>Ingredientes en 3 ml: agua, 39 mg L-arginina, 39 mg ginseng siberiano (Eleutherococcus senticosus), 39 mg Serenoa repens, 39 mg cranberry (Vaccinium macrocarpon), 15 mg Ginkgo biloba, 15 mg \u00e1cido L-glut\u00e1mico, 15 mg L-alanina, 15 mg L-lisina, 15 mg EN* niacina (como nicotinamida) (83% IR**), cloruro de sodio, conservantes: E211, E202. *EN = Equivalente de niacina. **IR = Ingestas de referencia.<\/p>\n<p><strong>Uso<\/strong><\/p>\n<p>Agitar bien antes de usar. Nebulizar 3 ml (de 2 hasta 5 pulverizaciones) a bajo de la lengua unos 15 minutos antes del efecto deseado. No tome m\u00e1s de 3 ml dentro de 24 horas. No exceda la dosis diaria recomendada.<\/p>\n<p>* Este producto contiene una etiqueta con instrucciones facilitadas en los siguientes idiomas: \/de\/cz\/pl\/lv\/sl\/<\/p>\n","protected":false},"excerpt":{"rendered":"<p>Rush Herbal Popper es un energ\u00e9tico natural que proporciona relaciones sexuales m\u00e1s intensas. Estas gotas energ\u00e9ticas activan la energ\u00eda f\u00edsica y, por lo tanto, tambi\u00e9n proporcionan m\u00e1s potencia sexual, gracias a ingredientes como el ginseng siberiano y el ginkgo biloba. Experimente c\u00f3mo la potencia sexual de Rush Herbal Popper le da un subid\u00f3n er\u00f3tico, para [&hellip;]<\/p>\n","protected":false},"featured_media":6885,"comment_status":"open","ping_status":"closed","template":"","meta":{"_eb_attr":"","site-sidebar-layout":"default","site-content-layout":"default","ast-site-content-layout":"default","site-content-style":"default","site-sidebar-style":"default","ast-global-header-display":"","ast-banner-title-visibility":"","ast-main-header-display":"","ast-hfb-above-header-display":"","ast-hfb-below-header-display":"","ast-hfb-mobile-header-display":"","site-post-title":"","ast-breadcrumbs-content":"","ast-featured-img":"","footer-sml-layout":"","ast-disable-related-posts":"","theme-transparent-header-meta":"default","adv-header-id-meta":"","stick-header-meta":"","header-above-stick-meta":"","header-main-stick-meta":"","header-below-stick-meta":"","astra-migrate-meta-layouts":"default","ast-page-background-enabled":"default","ast-page-background-meta":{"desktop":{"background-color":"var(--ast-global-color-4)","background-image":"","background-repeat":"repeat","background-position":"center center","background-size":"auto","background-attachment":"scroll","background-type":"","background-media":"","overlay-type":"","overlay-color":"","overlay-opacity":"","overlay-gradient":""},"tablet":{"background-color":"","background-image":"","background-repeat":"repeat","background-position":"center center","background-size":"auto","background-attachment":"scroll","background-type":"","background-media":"","overlay-type":"","overlay-color":"","overlay-opacity":"","overlay-gradient":""},"mobile":{"background-color":"","background-image":"","background-repeat":"repeat","background-position":"center center","background-size":"auto","background-attachment":"scroll","background-type":"","background-media":"","overlay-type":"","overlay-color":"","overlay-opacity":"","overlay-gradient":""}},"ast-content-background-meta":{"desktop":{"background-color":"var(--ast-global-color-5)","background-image":"","background-repeat":"repeat","background-position":"center center","background-size":"auto","background-attachment":"scroll","background-type":"","background-media":"","overlay-type":"","overlay-color":"","overlay-opacity":"","overlay-gradient":""},"tablet":{"background-color":"var(--ast-global-color-5)","background-image":"","background-repeat":"repeat","background-position":"center center","background-size":"auto","background-attachment":"scroll","background-type":"","background-media":"","overlay-type":"","overlay-color":"","overlay-opacity":"","overlay-gradient":""},"mobile":{"background-color":"var(--ast-global-color-5)","background-image":"","background-repeat":"repeat","background-position":"center center","background-size":"auto","background-attachment":"scroll","background-type":"","background-media":"","overlay-type":"","overlay-color":"","overlay-opacity":"","overlay-gradient":""}}},"product_brand":[],"product_cat":[15,282],"product_tag":[],"class_list":{"0":"post-6884","1":"product","2":"type-product","3":"status-publish","4":"has-post-thumbnail","6":"product_cat-uncategorized","7":"product_cat-poppers","8":"desktop-align-left","9":"tablet-align-left","10":"mobile-align-left","12":"first","13":"instock","14":"sale","15":"shipping-taxable","16":"purchasable","17":"product-type-simple"},"_links":{"self":[{"href":"https:\/\/chibolita.es\/index.php\/wp-json\/wp\/v2\/product\/6884","targetHints":{"allow":["GET"]}}],"collection":[{"href":"https:\/\/chibolita.es\/index.php\/wp-json\/wp\/v2\/product"}],"about":[{"href":"https:\/\/chibolita.es\/index.php\/wp-json\/wp\/v2\/types\/product"}],"replies":[{"embeddable":true,"href":"https:\/\/chibolita.es\/index.php\/wp-json\/wp\/v2\/comments?post=6884"}],"wp:featuredmedia":[{"embeddable":true,"href":"https:\/\/chibolita.es\/index.php\/wp-json\/wp\/v2\/media\/6885"}],"wp:attachment":[{"href":"https:\/\/chibolita.es\/index.php\/wp-json\/wp\/v2\/media?parent=6884"}],"wp:term":[{"taxonomy":"product_brand","embeddable":true,"href":"https:\/\/chibolita.es\/index.php\/wp-json\/wp\/v2\/product_brand?post=6884"},{"taxonomy":"product_cat","embeddable":true,"href":"https:\/\/chibolita.es\/index.php\/wp-json\/wp\/v2\/product_cat?post=6884"},{"taxonomy":"product_tag","embeddable":true,"href":"https:\/\/chibolita.es\/index.php\/wp-json\/wp\/v2\/product_tag?post=6884"}],"curies":[{"name":"wp","href":"https:\/\/api.w.org\/{rel}","templated":true}]}}