{"id":6870,"date":"2023-05-18T22:07:09","date_gmt":"2023-05-18T22:07:09","guid":{"rendered":"https:\/\/chibolita.es\/?post_type=product&#038;p=6870"},"modified":"2023-05-18T22:07:59","modified_gmt":"2023-05-18T22:07:59","slug":"shunga-mini-caress-by-candelight-vela-masaje-fresas-y-cava-30ml","status":"publish","type":"product","link":"https:\/\/chibolita.es\/index.php\/product\/shunga-mini-caress-by-candelight-vela-masaje-fresas-y-cava-30ml\/","title":{"rendered":"SHUNGA MINI CARESS BY CANDELIGHT VELA MASAJE FRESAS Y CAVA 30ML"},"content":{"rendered":"<p>Combina la suavidad de un dulce masaje con un ambiente \u00edntimo y sensual.<\/p>\n<p>Esta vela de masaje Shunga te encender\u00e1 tus sentidos con los aromas sensuales y te deleitar\u00e1 adem\u00e1s con un c\u00e1lido aceite para masajear a tu pareja.<\/p>\n<p>Enciende la mecha de la candela y deja que arda durante veinte minutos, luego vierte la cera caliente y viertela encima de la piel&#8230;<\/p>\n<ul>\n<li>Aroma a\u00a0FRESAS Y CAVA<\/li>\n<li>Contenido 30\u00a0ml.<\/li>\n<\/ul>\n<p>Cosmetica y aromaterapia al placer de tus sentidos!<\/p>\n<p>Shunga es L\u00edder mundia en cosmetica Erotica, sus ingredientes naturales fusionado con principios activos logran un gran resultado<\/p>\n<p>Entrar en el mundo er\u00f3tico de Shunga es viajar al pasado. Traducido literalmente, Shunga significa \u2018imagen de primavera\u2019, una manera delicada de decir \u2018relaciones sexuales\u2019 entre personas.<\/p>\n<p>Esta palabra se usaba para designar las pinturas er\u00f3ticas japonesas del siglo XVI, XVII y XVIII, un tipo llamado ukiyo-e, que no eran otra cosa que obras sobre madera o pergamino con escenas sensuales y episodios de amor carnal, siempre elaborados con mucho cuidado y buen gusto.<\/p>\n<p>El arte Shunga, aunque oculto durante siglos, marc\u00f3 el principio de la industria pornogr\u00e1fica para la clase media nipona y sirvi\u00f3 durante generaciones como ense\u00f1anza para los hijos y las hijas de muchas familias.<\/p>\n","protected":false},"excerpt":{"rendered":"<p>Combina la suavidad de un dulce masaje con un ambiente \u00edntimo y sensual. Esta vela de masaje Shunga te encender\u00e1 tus sentidos con los aromas sensuales y te deleitar\u00e1 adem\u00e1s con un c\u00e1lido aceite para masajear a tu pareja. Enciende la mecha de la candela y deja que arda durante veinte minutos, luego vierte la [&hellip;]<\/p>\n","protected":false},"featured_media":6871,"comment_status":"open","ping_status":"closed","template":"","meta":{"_eb_attr":"","site-sidebar-layout":"default","site-content-layout":"default","ast-site-content-layout":"default","site-content-style":"default","site-sidebar-style":"default","ast-global-header-display":"","ast-banner-title-visibility":"","ast-main-header-display":"","ast-hfb-above-header-display":"","ast-hfb-below-header-display":"","ast-hfb-mobile-header-display":"","site-post-title":"","ast-breadcrumbs-content":"","ast-featured-img":"","footer-sml-layout":"","ast-disable-related-posts":"","theme-transparent-header-meta":"default","adv-header-id-meta":"","stick-header-meta":"","header-above-stick-meta":"","header-main-stick-meta":"","header-below-stick-meta":"","astra-migrate-meta-layouts":"default","ast-page-background-enabled":"default","ast-page-background-meta":{"desktop":{"background-color":"var(--ast-global-color-4)","background-image":"","background-repeat":"repeat","background-position":"center center","background-size":"auto","background-attachment":"scroll","background-type":"","background-media":"","overlay-type":"","overlay-color":"","overlay-opacity":"","overlay-gradient":""},"tablet":{"background-color":"","background-image":"","background-repeat":"repeat","background-position":"center center","background-size":"auto","background-attachment":"scroll","background-type":"","background-media":"","overlay-type":"","overlay-color":"","overlay-opacity":"","overlay-gradient":""},"mobile":{"background-color":"","background-image":"","background-repeat":"repeat","background-position":"center center","background-size":"auto","background-attachment":"scroll","background-type":"","background-media":"","overlay-type":"","overlay-color":"","overlay-opacity":"","overlay-gradient":""}},"ast-content-background-meta":{"desktop":{"background-color":"var(--ast-global-color-5)","background-image":"","background-repeat":"repeat","background-position":"center center","background-size":"auto","background-attachment":"scroll","background-type":"","background-media":"","overlay-type":"","overlay-color":"","overlay-opacity":"","overlay-gradient":""},"tablet":{"background-color":"var(--ast-global-color-5)","background-image":"","background-repeat":"repeat","background-position":"center center","background-size":"auto","background-attachment":"scroll","background-type":"","background-media":"","overlay-type":"","overlay-color":"","overlay-opacity":"","overlay-gradient":""},"mobile":{"background-color":"var(--ast-global-color-5)","background-image":"","background-repeat":"repeat","background-position":"center center","background-size":"auto","background-attachment":"scroll","background-type":"","background-media":"","overlay-type":"","overlay-color":"","overlay-opacity":"","overlay-gradient":""}}},"product_brand":[],"product_cat":[280],"product_tag":[],"class_list":{"0":"post-6870","1":"product","2":"type-product","3":"status-publish","4":"has-post-thumbnail","6":"product_cat-masajes-y-cuidados-corporales","7":"desktop-align-left","8":"tablet-align-left","9":"mobile-align-left","11":"first","12":"instock","13":"shipping-taxable","14":"purchasable","15":"product-type-simple"},"_links":{"self":[{"href":"https:\/\/chibolita.es\/index.php\/wp-json\/wp\/v2\/product\/6870","targetHints":{"allow":["GET"]}}],"collection":[{"href":"https:\/\/chibolita.es\/index.php\/wp-json\/wp\/v2\/product"}],"about":[{"href":"https:\/\/chibolita.es\/index.php\/wp-json\/wp\/v2\/types\/product"}],"replies":[{"embeddable":true,"href":"https:\/\/chibolita.es\/index.php\/wp-json\/wp\/v2\/comments?post=6870"}],"wp:featuredmedia":[{"embeddable":true,"href":"https:\/\/chibolita.es\/index.php\/wp-json\/wp\/v2\/media\/6871"}],"wp:attachment":[{"href":"https:\/\/chibolita.es\/index.php\/wp-json\/wp\/v2\/media?parent=6870"}],"wp:term":[{"taxonomy":"product_brand","embeddable":true,"href":"https:\/\/chibolita.es\/index.php\/wp-json\/wp\/v2\/product_brand?post=6870"},{"taxonomy":"product_cat","embeddable":true,"href":"https:\/\/chibolita.es\/index.php\/wp-json\/wp\/v2\/product_cat?post=6870"},{"taxonomy":"product_tag","embeddable":true,"href":"https:\/\/chibolita.es\/index.php\/wp-json\/wp\/v2\/product_tag?post=6870"}],"curies":[{"name":"wp","href":"https:\/\/api.w.org\/{rel}","templated":true}]}}