{"id":6841,"date":"2023-05-18T09:19:01","date_gmt":"2023-05-18T09:19:01","guid":{"rendered":"https:\/\/chibolita.es\/?post_type=product&#038;p=6841"},"modified":"2023-05-18T09:19:38","modified_gmt":"2023-05-18T09:19:38","slug":"excite-gel-lubricante-original-100-ml","status":"publish","type":"product","link":"https:\/\/chibolita.es\/index.php\/product\/excite-gel-lubricante-original-100-ml\/","title":{"rendered":"EXCITE &#8211; GEL LUBRICANTE ORIGINAL 100 ML"},"content":{"rendered":"<p><strong>Descripci\u00f3n:<\/strong>\u00a0Lubricantes \u00edntimos de naturaleza acuosa que permiten suavizar la sequedad vaginal y las molestias \u00edntimas, favoreciendo un mayor disfrute e intensidad en tus relaciones. Neutro y con aroma de Fresa.<\/p>\n<p><strong>Modo de uso:<\/strong>\u00a0Abrir la tapa. Presionar el envase y aplicar la cantidad deseada. Puedes utilizarlo con preservativos. Aplicar el lubricante sobre el preservativo una vez colocado. No es un contraceptivo y no contiene espermicida. Es soluble en agua y f\u00e1cil de limpiar.<\/p>\n<p>Este lubricante es adecuado para sexo vaginal, oral y anal. Puede reducir la movilidad del esperma. Cl\u00ednica y dermatol\u00f3gicamente testado. Evitar el contacto con los ojos. Si siente irritaci\u00f3n, interrumpir su uso. Si la irritaci\u00f3n persiste o se necesita lubricaci\u00f3n adicional con excesiva frecuencia, se aconseja consultar con su m\u00e9dico. Mant\u00e9ngase fuera del alcance de los ni\u00f1os. Conservar en un lugar fresco y seco, lejos de la luz directa del sol. Aunque es apto para consumo, no puede ser considerado alimento. Desechar 3 meses despu\u00e9s de la apertura del envase. COMPATIBLE CON PRESERVATIVOS.<\/p>\n","protected":false},"excerpt":{"rendered":"<p>Descripci\u00f3n:\u00a0Lubricantes \u00edntimos de naturaleza acuosa que permiten suavizar la sequedad vaginal y las molestias \u00edntimas, favoreciendo un mayor disfrute e intensidad en tus relaciones. Neutro y con aroma de Fresa. Modo de uso:\u00a0Abrir la tapa. Presionar el envase y aplicar la cantidad deseada. Puedes utilizarlo con preservativos. Aplicar el lubricante sobre el preservativo una vez [&hellip;]<\/p>\n","protected":false},"featured_media":6842,"comment_status":"open","ping_status":"closed","template":"","meta":{"_eb_attr":"","site-sidebar-layout":"default","site-content-layout":"default","ast-site-content-layout":"default","site-content-style":"default","site-sidebar-style":"default","ast-global-header-display":"","ast-banner-title-visibility":"","ast-main-header-display":"","ast-hfb-above-header-display":"","ast-hfb-below-header-display":"","ast-hfb-mobile-header-display":"","site-post-title":"","ast-breadcrumbs-content":"","ast-featured-img":"","footer-sml-layout":"","ast-disable-related-posts":"","theme-transparent-header-meta":"default","adv-header-id-meta":"","stick-header-meta":"","header-above-stick-meta":"","header-main-stick-meta":"","header-below-stick-meta":"","astra-migrate-meta-layouts":"default","ast-page-background-enabled":"default","ast-page-background-meta":{"desktop":{"background-color":"var(--ast-global-color-4)","background-image":"","background-repeat":"repeat","background-position":"center center","background-size":"auto","background-attachment":"scroll","background-type":"","background-media":"","overlay-type":"","overlay-color":"","overlay-opacity":"","overlay-gradient":""},"tablet":{"background-color":"","background-image":"","background-repeat":"repeat","background-position":"center center","background-size":"auto","background-attachment":"scroll","background-type":"","background-media":"","overlay-type":"","overlay-color":"","overlay-opacity":"","overlay-gradient":""},"mobile":{"background-color":"","background-image":"","background-repeat":"repeat","background-position":"center center","background-size":"auto","background-attachment":"scroll","background-type":"","background-media":"","overlay-type":"","overlay-color":"","overlay-opacity":"","overlay-gradient":""}},"ast-content-background-meta":{"desktop":{"background-color":"var(--ast-global-color-5)","background-image":"","background-repeat":"repeat","background-position":"center center","background-size":"auto","background-attachment":"scroll","background-type":"","background-media":"","overlay-type":"","overlay-color":"","overlay-opacity":"","overlay-gradient":""},"tablet":{"background-color":"var(--ast-global-color-5)","background-image":"","background-repeat":"repeat","background-position":"center center","background-size":"auto","background-attachment":"scroll","background-type":"","background-media":"","overlay-type":"","overlay-color":"","overlay-opacity":"","overlay-gradient":""},"mobile":{"background-color":"var(--ast-global-color-5)","background-image":"","background-repeat":"repeat","background-position":"center center","background-size":"auto","background-attachment":"scroll","background-type":"","background-media":"","overlay-type":"","overlay-color":"","overlay-opacity":"","overlay-gradient":""}}},"product_brand":[],"product_cat":[257,281],"product_tag":[],"class_list":{"0":"post-6841","1":"product","2":"type-product","3":"status-publish","4":"has-post-thumbnail","6":"product_cat-lubricantes","7":"product_cat-sexo-oral","8":"desktop-align-left","9":"tablet-align-left","10":"mobile-align-left","12":"first","13":"instock","14":"sale","15":"shipping-taxable","16":"purchasable","17":"product-type-simple"},"_links":{"self":[{"href":"https:\/\/chibolita.es\/index.php\/wp-json\/wp\/v2\/product\/6841","targetHints":{"allow":["GET"]}}],"collection":[{"href":"https:\/\/chibolita.es\/index.php\/wp-json\/wp\/v2\/product"}],"about":[{"href":"https:\/\/chibolita.es\/index.php\/wp-json\/wp\/v2\/types\/product"}],"replies":[{"embeddable":true,"href":"https:\/\/chibolita.es\/index.php\/wp-json\/wp\/v2\/comments?post=6841"}],"wp:featuredmedia":[{"embeddable":true,"href":"https:\/\/chibolita.es\/index.php\/wp-json\/wp\/v2\/media\/6842"}],"wp:attachment":[{"href":"https:\/\/chibolita.es\/index.php\/wp-json\/wp\/v2\/media?parent=6841"}],"wp:term":[{"taxonomy":"product_brand","embeddable":true,"href":"https:\/\/chibolita.es\/index.php\/wp-json\/wp\/v2\/product_brand?post=6841"},{"taxonomy":"product_cat","embeddable":true,"href":"https:\/\/chibolita.es\/index.php\/wp-json\/wp\/v2\/product_cat?post=6841"},{"taxonomy":"product_tag","embeddable":true,"href":"https:\/\/chibolita.es\/index.php\/wp-json\/wp\/v2\/product_tag?post=6841"}],"curies":[{"name":"wp","href":"https:\/\/api.w.org\/{rel}","templated":true}]}}