{"id":6837,"date":"2023-05-18T09:16:57","date_gmt":"2023-05-18T09:16:57","guid":{"rendered":"https:\/\/chibolita.es\/?post_type=product&#038;p=6837"},"modified":"2023-05-18T09:17:40","modified_gmt":"2023-05-18T09:17:40","slug":"secretplay-lip-gloss-vibrant-kiss-pina-colada","status":"publish","type":"product","link":"https:\/\/chibolita.es\/index.php\/product\/secretplay-lip-gloss-vibrant-kiss-pina-colada\/","title":{"rendered":"SECRETPLAY LIP GLOSS VIBRANT KISS &#8211; PI\u00d1A COLADA"},"content":{"rendered":"<p>Quiz\u00e1 antes de ver este gloss no te hab\u00edas planteado que adem\u00e1s de la funci\u00f3n de dejar los labios bonitos e hidratados un gloss pod\u00eda darte placer, pero as\u00ed es, gracias a las ondas de vibraci\u00f3n estimulantes de Lip Gloss Vibrant Kiss.<br \/>\nDisfruta de este lip gloss con el que podr\u00e1s experimentar sensaciones inimaginables de placer aplicando en tus labios una peque\u00f1a dosis de este gloss y viceversa.<br \/>\nLo que hace que este gloss sea tan atractivo es que contiene ondas de vibraci\u00f3n que sentir\u00e1s unos segundos despu\u00e9s de aplicarlo en los labios y que la otra persona tambi\u00e9n sentir\u00e1 en la zona \u00edntima al realizarle el sexo oral.<br \/>\nUna sensaci\u00f3n de explosi\u00f3n para ambos a la que no podr\u00e9is resistiros.<\/p>\n<p>Sus ondas de vibraci\u00f3n producen un placentero cosquilleo que contribuye a la estimulaci\u00f3n de los sentidos y aumenta la sensibilidad, incrementando el placer.<br \/>\n\u00bfAlguna vez pensaste que llegar\u00eda a tu vida un gloss como este que har\u00eda que te guste a\u00fan m\u00e1s el sexo oral?<br \/>\nAdem\u00e1s puedes elegir entre 6 deliciosos sabores que son 100% comestibles, por lo que podr\u00e1s degustar el sabor que m\u00e1s te guste mientras te derrites de placer en unos preliminares que os conducir\u00e1n a un orgasmo inolvidable.<br \/>\nNo tan solo ten\u00e9is que utilizarlo para sexo oral, sino tambi\u00e9n para besos de lo m\u00e1s vibrantes.<\/p>\n<ul>\n<li>Capacidad: 6 gr<\/li>\n<li>Sabor: Pi\u00f1a Colada<\/li>\n<li>Base glicerina<\/li>\n<li>Compatible con preservativos y juguetes<\/li>\n<li>100 % comestible<\/li>\n<li>Agitar antes de usar<\/li>\n<li>Hecho en Espa\u00f1a<\/li>\n<li>Apto para veganos &#8211; Vegan Friendly<\/li>\n<li>Apto para cel\u00edacos &#8211; Gluten free<\/li>\n<li>Apto para intolerantes a la lactosa &#8211; Lactose free<\/li>\n<li>Cruelty free<\/li>\n<\/ul>\n","protected":false},"excerpt":{"rendered":"<p>Quiz\u00e1 antes de ver este gloss no te hab\u00edas planteado que adem\u00e1s de la funci\u00f3n de dejar los labios bonitos e hidratados un gloss pod\u00eda darte placer, pero as\u00ed es, gracias a las ondas de vibraci\u00f3n estimulantes de Lip Gloss Vibrant Kiss. Disfruta de este lip gloss con el que podr\u00e1s experimentar sensaciones inimaginables de [&hellip;]<\/p>\n","protected":false},"featured_media":6838,"comment_status":"open","ping_status":"closed","template":"","meta":{"_eb_attr":"","site-sidebar-layout":"default","site-content-layout":"default","ast-site-content-layout":"default","site-content-style":"default","site-sidebar-style":"default","ast-global-header-display":"","ast-banner-title-visibility":"","ast-main-header-display":"","ast-hfb-above-header-display":"","ast-hfb-below-header-display":"","ast-hfb-mobile-header-display":"","site-post-title":"","ast-breadcrumbs-content":"","ast-featured-img":"","footer-sml-layout":"","ast-disable-related-posts":"","theme-transparent-header-meta":"default","adv-header-id-meta":"","stick-header-meta":"","header-above-stick-meta":"","header-main-stick-meta":"","header-below-stick-meta":"","astra-migrate-meta-layouts":"default","ast-page-background-enabled":"default","ast-page-background-meta":{"desktop":{"background-color":"var(--ast-global-color-4)","background-image":"","background-repeat":"repeat","background-position":"center center","background-size":"auto","background-attachment":"scroll","background-type":"","background-media":"","overlay-type":"","overlay-color":"","overlay-opacity":"","overlay-gradient":""},"tablet":{"background-color":"","background-image":"","background-repeat":"repeat","background-position":"center center","background-size":"auto","background-attachment":"scroll","background-type":"","background-media":"","overlay-type":"","overlay-color":"","overlay-opacity":"","overlay-gradient":""},"mobile":{"background-color":"","background-image":"","background-repeat":"repeat","background-position":"center center","background-size":"auto","background-attachment":"scroll","background-type":"","background-media":"","overlay-type":"","overlay-color":"","overlay-opacity":"","overlay-gradient":""}},"ast-content-background-meta":{"desktop":{"background-color":"var(--ast-global-color-5)","background-image":"","background-repeat":"repeat","background-position":"center center","background-size":"auto","background-attachment":"scroll","background-type":"","background-media":"","overlay-type":"","overlay-color":"","overlay-opacity":"","overlay-gradient":""},"tablet":{"background-color":"var(--ast-global-color-5)","background-image":"","background-repeat":"repeat","background-position":"center center","background-size":"auto","background-attachment":"scroll","background-type":"","background-media":"","overlay-type":"","overlay-color":"","overlay-opacity":"","overlay-gradient":""},"mobile":{"background-color":"var(--ast-global-color-5)","background-image":"","background-repeat":"repeat","background-position":"center center","background-size":"auto","background-attachment":"scroll","background-type":"","background-media":"","overlay-type":"","overlay-color":"","overlay-opacity":"","overlay-gradient":""}}},"product_brand":[],"product_cat":[281,15],"product_tag":[],"class_list":{"0":"post-6837","1":"product","2":"type-product","3":"status-publish","4":"has-post-thumbnail","6":"product_cat-sexo-oral","7":"product_cat-uncategorized","8":"desktop-align-left","9":"tablet-align-left","10":"mobile-align-left","12":"first","13":"instock","14":"sale","15":"shipping-taxable","16":"purchasable","17":"product-type-simple"},"_links":{"self":[{"href":"https:\/\/chibolita.es\/index.php\/wp-json\/wp\/v2\/product\/6837","targetHints":{"allow":["GET"]}}],"collection":[{"href":"https:\/\/chibolita.es\/index.php\/wp-json\/wp\/v2\/product"}],"about":[{"href":"https:\/\/chibolita.es\/index.php\/wp-json\/wp\/v2\/types\/product"}],"replies":[{"embeddable":true,"href":"https:\/\/chibolita.es\/index.php\/wp-json\/wp\/v2\/comments?post=6837"}],"wp:featuredmedia":[{"embeddable":true,"href":"https:\/\/chibolita.es\/index.php\/wp-json\/wp\/v2\/media\/6838"}],"wp:attachment":[{"href":"https:\/\/chibolita.es\/index.php\/wp-json\/wp\/v2\/media?parent=6837"}],"wp:term":[{"taxonomy":"product_brand","embeddable":true,"href":"https:\/\/chibolita.es\/index.php\/wp-json\/wp\/v2\/product_brand?post=6837"},{"taxonomy":"product_cat","embeddable":true,"href":"https:\/\/chibolita.es\/index.php\/wp-json\/wp\/v2\/product_cat?post=6837"},{"taxonomy":"product_tag","embeddable":true,"href":"https:\/\/chibolita.es\/index.php\/wp-json\/wp\/v2\/product_tag?post=6837"}],"curies":[{"name":"wp","href":"https:\/\/api.w.org\/{rel}","templated":true}]}}