{"id":6833,"date":"2023-05-18T09:14:42","date_gmt":"2023-05-18T09:14:42","guid":{"rendered":"https:\/\/chibolita.es\/?post_type=product&#038;p=6833"},"modified":"2023-05-18T09:15:19","modified_gmt":"2023-05-18T09:15:19","slug":"secret-play-caramelos-explosivos-fresa","status":"publish","type":"product","link":"https:\/\/chibolita.es\/index.php\/product\/secret-play-caramelos-explosivos-fresa\/","title":{"rendered":"SECRET PLAY &#8211; CARAMELOS EXPLOSIVOS FRESA"},"content":{"rendered":"<p>\u00bfYa no sabes c\u00f3mo innovar en el sexo oral y crees que lo has probado todo?<\/p>\n<p>Estos Popping Candies que explotan en tu boca te convencer\u00e1n de que a\u00fan queda mucho por experimentar.<\/p>\n<p>Lleva la magia a tu boca y sorpr\u00e9ndete a ti y a tu pareja con una nueva sensaci\u00f3n adictiva: peque\u00f1os caramelos que explotan en tu lengua y hacen divertidos &#8216;pops&#8217; inesperados. Solo tienes que dejar caer algunos caramelos en tu boca para comenzar a disfrutar de su efecto seductor.<\/p>\n<p>\u00a1A\u00f1ade un elemento sorpresa a las sesiones de sexo oral y prep\u00e1rate para ser seducido de por vida!<\/p>\n<p>Estos caramelitos de az\u00facar explosivos vienen en un envase de un solo uso y su efecto efervescente har\u00e1 del sexo oral una experiencia explosiva. Adem\u00e1s, puedes utilizarlos de muchas formas creativas: a\u00f1\u00e1delos en tu pecho o en cualquier zona er\u00f3gena e invita a tu pareja a disfrutar del sonido y el efecto en su boca o prepara un ba\u00f1o sorprendente para tu pareja. Llena la ba\u00f1era con agua a la temperatura adecuada y deja caer dentro una los caramelos explosivos. Invita a tu pareja y escucha el efecto chispeante de reventar caramelos en el agua. Pasadlo bien juntos.<\/p>\n<p><strong>C\u00f3mo funciona:<\/strong><\/p>\n<ul>\n<li>Los \u201cpopping candies\u201d tienen burbujas microsc\u00f3picas de CO2 atrapadas en los caramelos.<\/li>\n<li>Estas burbujas se liberan al entrar en contacto con tu saliva, y es entonces cuando sientes esa sensaci\u00f3n de explosi\u00f3n tan divertida, inesperada y espectacular.<\/li>\n<li>\u00a1Prep\u00e1rate para volverte adicto!<\/li>\n<li>Presentaci\u00f3n: 1 sachet<\/li>\n<li>Capacidad: 9 gramos.<\/li>\n<li>Sabor: fresa<\/li>\n<li>100% comestible.<\/li>\n<\/ul>\n","protected":false},"excerpt":{"rendered":"<p>\u00bfYa no sabes c\u00f3mo innovar en el sexo oral y crees que lo has probado todo? Estos Popping Candies que explotan en tu boca te convencer\u00e1n de que a\u00fan queda mucho por experimentar. Lleva la magia a tu boca y sorpr\u00e9ndete a ti y a tu pareja con una nueva sensaci\u00f3n adictiva: peque\u00f1os caramelos que [&hellip;]<\/p>\n","protected":false},"featured_media":6834,"comment_status":"open","ping_status":"closed","template":"","meta":{"_eb_attr":"","site-sidebar-layout":"default","site-content-layout":"default","ast-site-content-layout":"default","site-content-style":"default","site-sidebar-style":"default","ast-global-header-display":"","ast-banner-title-visibility":"","ast-main-header-display":"","ast-hfb-above-header-display":"","ast-hfb-below-header-display":"","ast-hfb-mobile-header-display":"","site-post-title":"","ast-breadcrumbs-content":"","ast-featured-img":"","footer-sml-layout":"","ast-disable-related-posts":"","theme-transparent-header-meta":"default","adv-header-id-meta":"","stick-header-meta":"","header-above-stick-meta":"","header-main-stick-meta":"","header-below-stick-meta":"","astra-migrate-meta-layouts":"default","ast-page-background-enabled":"default","ast-page-background-meta":{"desktop":{"background-color":"var(--ast-global-color-4)","background-image":"","background-repeat":"repeat","background-position":"center center","background-size":"auto","background-attachment":"scroll","background-type":"","background-media":"","overlay-type":"","overlay-color":"","overlay-opacity":"","overlay-gradient":""},"tablet":{"background-color":"","background-image":"","background-repeat":"repeat","background-position":"center center","background-size":"auto","background-attachment":"scroll","background-type":"","background-media":"","overlay-type":"","overlay-color":"","overlay-opacity":"","overlay-gradient":""},"mobile":{"background-color":"","background-image":"","background-repeat":"repeat","background-position":"center center","background-size":"auto","background-attachment":"scroll","background-type":"","background-media":"","overlay-type":"","overlay-color":"","overlay-opacity":"","overlay-gradient":""}},"ast-content-background-meta":{"desktop":{"background-color":"var(--ast-global-color-5)","background-image":"","background-repeat":"repeat","background-position":"center center","background-size":"auto","background-attachment":"scroll","background-type":"","background-media":"","overlay-type":"","overlay-color":"","overlay-opacity":"","overlay-gradient":""},"tablet":{"background-color":"var(--ast-global-color-5)","background-image":"","background-repeat":"repeat","background-position":"center center","background-size":"auto","background-attachment":"scroll","background-type":"","background-media":"","overlay-type":"","overlay-color":"","overlay-opacity":"","overlay-gradient":""},"mobile":{"background-color":"var(--ast-global-color-5)","background-image":"","background-repeat":"repeat","background-position":"center center","background-size":"auto","background-attachment":"scroll","background-type":"","background-media":"","overlay-type":"","overlay-color":"","overlay-opacity":"","overlay-gradient":""}}},"product_brand":[],"product_cat":[281,15],"product_tag":[],"class_list":{"0":"post-6833","1":"product","2":"type-product","3":"status-publish","4":"has-post-thumbnail","6":"product_cat-sexo-oral","7":"product_cat-uncategorized","8":"desktop-align-left","9":"tablet-align-left","10":"mobile-align-left","12":"first","13":"instock","14":"shipping-taxable","15":"purchasable","16":"product-type-simple"},"_links":{"self":[{"href":"https:\/\/chibolita.es\/index.php\/wp-json\/wp\/v2\/product\/6833","targetHints":{"allow":["GET"]}}],"collection":[{"href":"https:\/\/chibolita.es\/index.php\/wp-json\/wp\/v2\/product"}],"about":[{"href":"https:\/\/chibolita.es\/index.php\/wp-json\/wp\/v2\/types\/product"}],"replies":[{"embeddable":true,"href":"https:\/\/chibolita.es\/index.php\/wp-json\/wp\/v2\/comments?post=6833"}],"wp:featuredmedia":[{"embeddable":true,"href":"https:\/\/chibolita.es\/index.php\/wp-json\/wp\/v2\/media\/6834"}],"wp:attachment":[{"href":"https:\/\/chibolita.es\/index.php\/wp-json\/wp\/v2\/media?parent=6833"}],"wp:term":[{"taxonomy":"product_brand","embeddable":true,"href":"https:\/\/chibolita.es\/index.php\/wp-json\/wp\/v2\/product_brand?post=6833"},{"taxonomy":"product_cat","embeddable":true,"href":"https:\/\/chibolita.es\/index.php\/wp-json\/wp\/v2\/product_cat?post=6833"},{"taxonomy":"product_tag","embeddable":true,"href":"https:\/\/chibolita.es\/index.php\/wp-json\/wp\/v2\/product_tag?post=6833"}],"curies":[{"name":"wp","href":"https:\/\/api.w.org\/{rel}","templated":true}]}}