{"id":6816,"date":"2023-05-18T08:59:53","date_gmt":"2023-05-18T08:59:53","guid":{"rendered":"https:\/\/chibolita.es\/?post_type=product&#038;p=6816"},"modified":"2023-05-18T09:03:14","modified_gmt":"2023-05-18T09:03:14","slug":"waterfeel-lubricante-efecto-frio-150ml","status":"publish","type":"product","link":"https:\/\/chibolita.es\/index.php\/product\/waterfeel-lubricante-efecto-frio-150ml\/","title":{"rendered":"WATERFEEL LUBRICANTE EFECTO FRIO 150ML"},"content":{"rendered":"<p>Descubre la intensidad y el efecto frio de Waterfeel, una sensaci\u00f3n de hormigueo convertido en efecto frio agradable para tu piel.<\/p>\n<ul>\n<li>Aplica la cantidad crema en gentitales y masajear.<\/li>\n<\/ul>\n<p>Con los lubricantes\u00a0Waterfeel\u00ae\u00a0\u00a0obtendras calidad apto para el uso vaginal y anal, y perfecto para el uso de juguetes sexuales.<\/p>\n<p>Sin olor , completamente transparente con una densidad perfecta. Con tan solo una peque\u00f1a dosis sentir\u00e1s la sensacion de placer.<\/p>\n<p>Los lubricantes\u00a0Waterfeel\u00ae son compatibles con preservativos de Latex.<\/p>\n<ul>\n<li>Perfecto para lubricacion y masajes<\/li>\n<li>Apto para el sexo oral<\/li>\n<li>Ideal para utilizarlo con juguetes sexuales<\/li>\n<\/ul>\n<p>Envase 150ml.<\/p>\n<p>NL Lubricant Cooling \u00a0\u2013 \u00a0Een verzorgende, verkoelende cr\u00e8me voor een sensueel tintelend gevoel.<br \/>\nGebruiksaanwijzing: Breng de cr\u00e8me aan op de genitali\u00ebn en masseer zachtjes. Test voorafgaand aan regelmatig gebruik door het aanbrengen van een beetje cr\u00e8me op de binnenkant van de onderarm. Stop het gebruik bij een allergische reactie. Uitsluitend voor uitwendig gebruik. Buiten het bereik van kinderen bewaren. Koel en donker bewaren. Ten minste houdbaar tot einde \/Lotnummer: zie verpakking.<\/p>\n<p>EN Lubricant Cooling \u00a0&#8211; A nourishing and refreshing cream for a sensual and tingling feeling.<br \/>\nDirections for use: Apply the cream on the genitals and massage gently. Before using the cream on a regular basis; apply a small amount to your forearm. If an allergic reaction occurs, discontinue use. For external use only. Keep out of reach of children. Store in a cool, dark place. Best before use\/Batch number: see package.<\/p>\n<p>DE Lubricant Cooling \u00a0\u2013 Eine pflegendes und frischen creme f\u00fcr ein sinnlich prickelndes Gef\u00fchl.<br \/>\nGebrauchsanweisung: Tragen Sie die Creme auf Ihre Genitalien auf und massieren Sie diese sanft ein. Testen Sie die Creme ehe Sie diese regelm\u00e4\u00dfig benutzen, indem Sie ein wenig davon auf die Innenseite Ihres Unterarms einmassieren. Stoppen Sie die Anwendung bei einer allergischen Reaktion. Au\u00dferhalb der Reichweite von Kindern aufbewahren. K\u00fchl und dunkel lagern. Mindestens haltbar bis Ende\/Chargennummer: siehe Verpackung.<\/p>\n<p>FR Lubricant Cooling \u00a0&#8211; Une cr\u00e8me nourrissante et rafra\u00eechissante qui un plaisir sensuel p\u00e9tillant.<br \/>\nMode d\u2019emploi: Appliquer la quantit\u00e9 cr\u00e8me la sur les organes g\u00e9nitaux et masser doucement. Avant d\u2019utiliser ce produit, testez une petite quantit\u00e9 de cr\u00e8me sur l\u2019int\u00e9rieur de votre avant-bras. Arr\u00eatez l\u2019utilisation d\u00e8s l\u2019apparition d\u2019une r\u00e9action allergique. Pour usage externe seulement. Tenir hors de port\u00e9e des enfants. Conserver dans un endroit frais, \u00e0 l&#8217;abri de la lumi\u00e8re. \u00c0 consommer avant fin\/Num\u00e9ro de lot: voir l&#8217;emballage.<\/p>\n<p>IT Lubricant Cooling \u00a0&#8211; Una crema nutriente e rinfrescante per un effetto sensuale ed eccitante.<br \/>\nIstruzioni per l&#8217;uso: Applicare sui genitali una quantit\u00e0 di crema e massaggiare. Prima di utilizzarlo regolarmente, provare il crema applicando una piccola quantit\u00e0 sull&#8217;avambraccio. In caso di reazioni allergiche interrompere l\u2019applicazione. Solo per uso esterno. Tenere fuori dalla portata dei bambini. Conservare al fresco e al riparo dalla luce. Da consumarsi preferibilmente entro fine\/Numero di lotto: vedere confezione.<\/p>\n<p>PT Lubricant Cooling \u00a0&#8211; Um creme hidratante e refrescante que lhe oferece uma sensa\u00e7\u00e3o de formigueiro.<br \/>\nInstru\u00e7\u00f5es de utiliza\u00e7\u00e3o: Aplique a quantidade de creme sobre os \u00f3rg\u00e3os genitais e massagem. Antes de utilizar deste de creme em uma base regular, aplicar uma quantidade pequena de seu antebra\u00e7o. Se verificar uma reac\u00e7\u00e3o al\u00e9rgica, suspenda a utiliza\u00e7\u00e3o. Somente para uso externo. Manter fora do alcance das crian\u00e7as. Guardar num local fresco e escuro. Consumir de prefer\u00eancia antes de\/ N\u00famero de lote: ver da embalagem.<\/p>\n<p>Ingredients: Aqua, Dimethicone, Glycerin, Inulin Lauryl Carbamate, Argilla, Menthol, Hydroxyethylcellulose, Sodium Benzoate, Gellan Gum, 2-bromo-2-nitropropane-1-3-diol, Parfum, Menthyl PCA, Sucrose Palmitate, Lactic Acid<\/p>\n","protected":false},"excerpt":{"rendered":"<p>Descubre la intensidad y el efecto frio de Waterfeel, una sensaci\u00f3n de hormigueo convertido en efecto frio agradable para tu piel. Aplica la cantidad crema en gentitales y masajear. Con los lubricantes\u00a0Waterfeel\u00ae\u00a0\u00a0obtendras calidad apto para el uso vaginal y anal, y perfecto para el uso de juguetes sexuales. Sin olor , completamente transparente con una [&hellip;]<\/p>\n","protected":false},"featured_media":6818,"comment_status":"open","ping_status":"closed","template":"","meta":{"_eb_attr":"","site-sidebar-layout":"default","site-content-layout":"default","ast-site-content-layout":"default","site-content-style":"default","site-sidebar-style":"default","ast-global-header-display":"","ast-banner-title-visibility":"","ast-main-header-display":"","ast-hfb-above-header-display":"","ast-hfb-below-header-display":"","ast-hfb-mobile-header-display":"","site-post-title":"","ast-breadcrumbs-content":"","ast-featured-img":"","footer-sml-layout":"","ast-disable-related-posts":"","theme-transparent-header-meta":"default","adv-header-id-meta":"","stick-header-meta":"","header-above-stick-meta":"","header-main-stick-meta":"","header-below-stick-meta":"","astra-migrate-meta-layouts":"default","ast-page-background-enabled":"default","ast-page-background-meta":{"desktop":{"background-color":"var(--ast-global-color-4)","background-image":"","background-repeat":"repeat","background-position":"center center","background-size":"auto","background-attachment":"scroll","background-type":"","background-media":"","overlay-type":"","overlay-color":"","overlay-opacity":"","overlay-gradient":""},"tablet":{"background-color":"","background-image":"","background-repeat":"repeat","background-position":"center center","background-size":"auto","background-attachment":"scroll","background-type":"","background-media":"","overlay-type":"","overlay-color":"","overlay-opacity":"","overlay-gradient":""},"mobile":{"background-color":"","background-image":"","background-repeat":"repeat","background-position":"center center","background-size":"auto","background-attachment":"scroll","background-type":"","background-media":"","overlay-type":"","overlay-color":"","overlay-opacity":"","overlay-gradient":""}},"ast-content-background-meta":{"desktop":{"background-color":"var(--ast-global-color-5)","background-image":"","background-repeat":"repeat","background-position":"center center","background-size":"auto","background-attachment":"scroll","background-type":"","background-media":"","overlay-type":"","overlay-color":"","overlay-opacity":"","overlay-gradient":""},"tablet":{"background-color":"var(--ast-global-color-5)","background-image":"","background-repeat":"repeat","background-position":"center center","background-size":"auto","background-attachment":"scroll","background-type":"","background-media":"","overlay-type":"","overlay-color":"","overlay-opacity":"","overlay-gradient":""},"mobile":{"background-color":"var(--ast-global-color-5)","background-image":"","background-repeat":"repeat","background-position":"center center","background-size":"auto","background-attachment":"scroll","background-type":"","background-media":"","overlay-type":"","overlay-color":"","overlay-opacity":"","overlay-gradient":""}}},"product_brand":[],"product_cat":[257,280,15],"product_tag":[],"class_list":{"0":"post-6816","1":"product","2":"type-product","3":"status-publish","4":"has-post-thumbnail","6":"product_cat-lubricantes","7":"product_cat-masajes-y-cuidados-corporales","8":"product_cat-uncategorized","9":"desktop-align-left","10":"tablet-align-left","11":"mobile-align-left","13":"first","14":"instock","15":"shipping-taxable","16":"purchasable","17":"product-type-simple"},"_links":{"self":[{"href":"https:\/\/chibolita.es\/index.php\/wp-json\/wp\/v2\/product\/6816","targetHints":{"allow":["GET"]}}],"collection":[{"href":"https:\/\/chibolita.es\/index.php\/wp-json\/wp\/v2\/product"}],"about":[{"href":"https:\/\/chibolita.es\/index.php\/wp-json\/wp\/v2\/types\/product"}],"replies":[{"embeddable":true,"href":"https:\/\/chibolita.es\/index.php\/wp-json\/wp\/v2\/comments?post=6816"}],"wp:featuredmedia":[{"embeddable":true,"href":"https:\/\/chibolita.es\/index.php\/wp-json\/wp\/v2\/media\/6818"}],"wp:attachment":[{"href":"https:\/\/chibolita.es\/index.php\/wp-json\/wp\/v2\/media?parent=6816"}],"wp:term":[{"taxonomy":"product_brand","embeddable":true,"href":"https:\/\/chibolita.es\/index.php\/wp-json\/wp\/v2\/product_brand?post=6816"},{"taxonomy":"product_cat","embeddable":true,"href":"https:\/\/chibolita.es\/index.php\/wp-json\/wp\/v2\/product_cat?post=6816"},{"taxonomy":"product_tag","embeddable":true,"href":"https:\/\/chibolita.es\/index.php\/wp-json\/wp\/v2\/product_tag?post=6816"}],"curies":[{"name":"wp","href":"https:\/\/api.w.org\/{rel}","templated":true}]}}