{"id":6812,"date":"2023-05-18T08:54:36","date_gmt":"2023-05-18T08:54:36","guid":{"rendered":"https:\/\/chibolita.es\/?post_type=product&#038;p=6812"},"modified":"2024-02-10T17:11:18","modified_gmt":"2024-02-10T17:11:18","slug":"wug-gum-libid-woman-chicle-aumento-libido-mujer-10-unidades","status":"publish","type":"product","link":"https:\/\/chibolita.es\/index.php\/product\/wug-gum-libid-woman-chicle-aumento-libido-mujer-10-unidades\/","title":{"rendered":"WUG GUM LIBID WOMAN CHICLE AUMENTO LIBIDO MUJER 10 UNIDADES"},"content":{"rendered":"<p>El chicle LIBID WOMAN incorpora 30 mg de ANGELICA SINENSIS, mas conocida como \u201cGinseng Hembra\u201d que aumenta la l\u00edbido en mujeres, potenciando el flujo sangu\u00edneo en la zona vaginal y 1,5 mg de ZINC que aumenta la fertilidad contribuyendo a una reproducci\u00f3n normal. Incluye adem\u00e1s Maca, Selenio y Vitamina B6.<\/p>\n<ul>\n<li>Sin Lactosa<\/li>\n<li>Sin gluten<\/li>\n<li>Sin az\u00facares<\/li>\n<li>Sin elementos gen\u00e9ticamente modificados<\/li>\n<li>10 unidades<\/li>\n<li>24 gramos<\/li>\n<\/ul>\n<p><strong>Instrucciones:\u00a0<\/strong><\/p>\n<ul>\n<li>Para conseguir los efectos deseados se recomienda la masticaci\u00f3n de 1 chicle 10 minutos antes de mantener relaciones sexuales.<\/li>\n<\/ul>\n<p>WUG GUMS, un chicle para cada momento de la vida<\/p>\n<p><strong>SOBRE WUG GUMS\u00a0<\/strong><\/p>\n<p>En WUG, respetamos los estilos de vida y los h\u00e1bitos alimenticios de todos. A lo largo de los a\u00f1os, hemos perfeccionado nuestras f\u00f3rmulas para que puedas tener un chicle de gran sabor, hecho con ingredientes de la m\u00e1s alta calidad, que sean libres de gluten, sin lactosa, aptos para veganos y sin az\u00facares a\u00f1adidos.<\/p>\n<p>Te preguntar\u00e1s, \u00bfpor qu\u00e9 un chicle? Porque al masticar, los principios activos se asimilan mediante la mucosa bucal, consiguiendo un efecto instant\u00e1neo. El resto de productos convencionales: bebidas, geles, barritas, shots, etc., necesitan del proceso digestivo para su correcta asimilaci\u00f3n y esto implica un retraso de 30 \u00f3 40 minutos respecto al efecto que proporciona cualquier producto de la gama WUG.<\/p>\n","protected":false},"excerpt":{"rendered":"<p>El chicle LIBID WOMAN incorpora 30 mg de ANGELICA SINENSIS, mas conocida como \u201cGinseng Hembra\u201d que aumenta la l\u00edbido en mujeres, potenciando el flujo sangu\u00edneo en la zona vaginal y 1,5 mg de ZINC que aumenta la fertilidad contribuyendo a una reproducci\u00f3n normal. Incluye adem\u00e1s Maca, Selenio y Vitamina B6. Sin Lactosa Sin gluten Sin [&hellip;]<\/p>\n","protected":false},"featured_media":6813,"comment_status":"open","ping_status":"closed","template":"","meta":{"_eb_attr":"","site-sidebar-layout":"default","site-content-layout":"default","ast-site-content-layout":"default","site-content-style":"default","site-sidebar-style":"default","ast-global-header-display":"","ast-banner-title-visibility":"","ast-main-header-display":"","ast-hfb-above-header-display":"","ast-hfb-below-header-display":"","ast-hfb-mobile-header-display":"","site-post-title":"","ast-breadcrumbs-content":"","ast-featured-img":"","footer-sml-layout":"","ast-disable-related-posts":"","theme-transparent-header-meta":"default","adv-header-id-meta":"","stick-header-meta":"","header-above-stick-meta":"","header-main-stick-meta":"","header-below-stick-meta":"","astra-migrate-meta-layouts":"default","ast-page-background-enabled":"default","ast-page-background-meta":{"desktop":{"background-color":"var(--ast-global-color-4)","background-image":"","background-repeat":"repeat","background-position":"center center","background-size":"auto","background-attachment":"scroll","background-type":"","background-media":"","overlay-type":"","overlay-color":"","overlay-opacity":"","overlay-gradient":""},"tablet":{"background-color":"","background-image":"","background-repeat":"repeat","background-position":"center center","background-size":"auto","background-attachment":"scroll","background-type":"","background-media":"","overlay-type":"","overlay-color":"","overlay-opacity":"","overlay-gradient":""},"mobile":{"background-color":"","background-image":"","background-repeat":"repeat","background-position":"center center","background-size":"auto","background-attachment":"scroll","background-type":"","background-media":"","overlay-type":"","overlay-color":"","overlay-opacity":"","overlay-gradient":""}},"ast-content-background-meta":{"desktop":{"background-color":"var(--ast-global-color-5)","background-image":"","background-repeat":"repeat","background-position":"center center","background-size":"auto","background-attachment":"scroll","background-type":"","background-media":"","overlay-type":"","overlay-color":"","overlay-opacity":"","overlay-gradient":""},"tablet":{"background-color":"var(--ast-global-color-5)","background-image":"","background-repeat":"repeat","background-position":"center center","background-size":"auto","background-attachment":"scroll","background-type":"","background-media":"","overlay-type":"","overlay-color":"","overlay-opacity":"","overlay-gradient":""},"mobile":{"background-color":"var(--ast-global-color-5)","background-image":"","background-repeat":"repeat","background-position":"center center","background-size":"auto","background-attachment":"scroll","background-type":"","background-media":"","overlay-type":"","overlay-color":"","overlay-opacity":"","overlay-gradient":""}}},"product_brand":[],"product_cat":[233,230,15,255],"product_tag":[],"class_list":{"0":"post-6812","1":"product","2":"type-product","3":"status-publish","4":"has-post-thumbnail","6":"product_cat-afrodisiacos-para-mujeres","7":"product_cat-farmacia","8":"product_cat-uncategorized","9":"product_cat-vida-sexual-saludable","10":"desktop-align-left","11":"tablet-align-left","12":"mobile-align-left","14":"first","15":"instock","16":"sale","17":"shipping-taxable","18":"purchasable","19":"product-type-simple"},"_links":{"self":[{"href":"https:\/\/chibolita.es\/index.php\/wp-json\/wp\/v2\/product\/6812","targetHints":{"allow":["GET"]}}],"collection":[{"href":"https:\/\/chibolita.es\/index.php\/wp-json\/wp\/v2\/product"}],"about":[{"href":"https:\/\/chibolita.es\/index.php\/wp-json\/wp\/v2\/types\/product"}],"replies":[{"embeddable":true,"href":"https:\/\/chibolita.es\/index.php\/wp-json\/wp\/v2\/comments?post=6812"}],"wp:featuredmedia":[{"embeddable":true,"href":"https:\/\/chibolita.es\/index.php\/wp-json\/wp\/v2\/media\/6813"}],"wp:attachment":[{"href":"https:\/\/chibolita.es\/index.php\/wp-json\/wp\/v2\/media?parent=6812"}],"wp:term":[{"taxonomy":"product_brand","embeddable":true,"href":"https:\/\/chibolita.es\/index.php\/wp-json\/wp\/v2\/product_brand?post=6812"},{"taxonomy":"product_cat","embeddable":true,"href":"https:\/\/chibolita.es\/index.php\/wp-json\/wp\/v2\/product_cat?post=6812"},{"taxonomy":"product_tag","embeddable":true,"href":"https:\/\/chibolita.es\/index.php\/wp-json\/wp\/v2\/product_tag?post=6812"}],"curies":[{"name":"wp","href":"https:\/\/api.w.org\/{rel}","templated":true}]}}