{"id":6791,"date":"2023-05-17T12:52:08","date_gmt":"2023-05-17T12:52:08","guid":{"rendered":"https:\/\/chibolita.es\/?post_type=product&#038;p=6791"},"modified":"2023-05-18T09:03:24","modified_gmt":"2023-05-18T09:03:24","slug":"waterfeel-lubricante-natural-175-ml-en-it-nl-fr-de","status":"publish","type":"product","link":"https:\/\/chibolita.es\/index.php\/product\/waterfeel-lubricante-natural-175-ml-en-it-nl-fr-de\/","title":{"rendered":"WATERFEEL LUBRICANTE NATURAL 175 ML EN IT NL FR DE"},"content":{"rendered":"<p>Hemos desarrollado un lubricante de base agua, suave y sedoso, sin olor, transparente y natural, respetuoso con tu piel.<\/p>\n<p>Con los lubricantes\u00a0Waterfeel\u00ae tendras una experiencia de calidad.<\/p>\n<ul>\n<li>Instrucciones de uso: aplica la cantidad de lubricante que quieras en las partes del cuerpo deseadas y rep\u00edtalo todas las veces que quieras.<\/li>\n<\/ul>\n<p>Los lubricantes\u00a0Waterfeel\u00ae son compatibles con preservativos de Latex.<\/p>\n<ul>\n<li>Perfecto para lubricacion y masajes<\/li>\n<li>Apto para el sexo oral<\/li>\n<li>Ideal para utilizarlo con juguetes sexuales<\/li>\n<\/ul>\n<p>Envase de 175ml.<\/p>\n<p>Water-based lubricant. Suitable for body massages, sexual intercourse and for use with latex condoms.<br \/>\nDirections for use: apply as much lubricant as you want on the body parts you want and repeat as often as you like. Before using the lubricant on a regular basis; apply a small amount to your forearm. If an allergic reaction occurs, discontinue use. Keep out of reach of children. Store in a cool dark place. Best before use \/ Batch number: see package.<\/p>\n<p>DE<br \/>\nGleitmittel auf Wasserbasis. Geeignet f\u00fcr K\u00f6rpermassagen, Geschlechtsverkehr und f\u00fcr Verwendung mit Latex Kondomen.<br \/>\nGebrauchsanweisung: Schmieren Sie so viel Gleitmittel auf die gew\u00fcnschten K\u00f6rperteile wie Sie wollen und wiederholen Sie so oft Sie wollen.<br \/>\nTest Ehe Sie das Gleitmittel regelm\u00e4\u00dfig benutzen, testen Sie es erst, indem Sie ein wenig davon<br \/>\nan der Innenseite Ihres Unterarms einmassieren. Stoppen Sie die Anwendung bei einer allergischen Reaktion. Au\u00dferhalb der Reichweite von Kindern aufbewahren.<br \/>\nK\u00fchl und dunkel aufbewahren.<br \/>\nMindestens haltbar bis Ende\/ Chargennummer: siehe Verpackung.<\/p>\n<p>FR<br \/>\nLubrifiant \u00e0 base d\u2019eau. Adapt\u00e9 aux massages. Peut \u00eatre utilis\u00e9 avec des pr\u00e9servatifs en latex.<br \/>\nMode d\u2019emploi: \u00e9tendre la quantit\u00e9 de lubrifiant souhait\u00e9e sur la partie du corps choisie. Usage illimit\u00e9. Avant d\u2019utiliser ce produit, testez une petite quantit\u00e9 de lubrifiant sur l\u2019int\u00e9rieur de votre avant-bras. Arr\u00eatez l\u2019utilisation d\u00e8s l\u2019apparition d\u2019une r\u00e9action allergique.<br \/>\nTenir hors de port\u00e9e des enfants. Conserver dans un endroit sec et frais, \u00e0 l\u2019abri de la lumi\u00e8re. \u00c0 consommer avant fin\/ Num\u00e9ro de lot: voir l&#8217;emballage.<\/p>\n<p>IT<br \/>\nLubrificante a base d&#8217;acqua. \u00c8 particolarmente indicato per i massaggi su tutto il corpo e rapporto sessuale. \u00c8 \u00a0indicato per l\u2019uso con profilattici in lattice.<br \/>\nIstruzioni per l\u2019uso: applicare lubrificante a piacimento sulle parti del corpo desiderate e ripetere l\u2019applicazione ogni volta che volete. Prima di utilizzare il lubrificante sul corpo, applicare una piccola quantit\u00e0 sull&#8217;avambraccio. In caso di reazioni allergiche interrompere l\u2019applicazione. \u00a0Tenere fuori dalla portata dei bambini. Conservare al fresco e al riparo dalla luce. Da consumarsi preferibilmente entro fine\/ Numero di lotto: vedere confezione<\/p>\n<p>NL<br \/>\nGlijmiddel op waterbasis. Geschikt voor lichaamsmassages, geslachtsverkeer en voor gebruik met latex-condooms.<br \/>\nGebruiksaanwijzing: smeer zoveel glijmiddel als je wilt op de gewenste lichaamsdelen en herhaal zo vaak je wilt. Test voorafgaand aan regelmatig gebruik door het aanbrengen van een beetje glijmiddel op de binnenkant van de onderarm. Stop het gebruik bij een allergische reactie.<br \/>\nBuiten het bereik van kinderen bewaren. Koel en donker bewaren.<br \/>\nTen minste houdbaar tot einde \/ Lotnummer: zie verpakking.<\/p>\n<p>Ingredients: Aqua, Hydroxyethylcellulose, Citric Acid, Glycerin, Potassium Sorbate, Sodium Benzoate<\/p>\n<p>150ml<\/p>\n","protected":false},"excerpt":{"rendered":"<p>Hemos desarrollado un lubricante de base agua, suave y sedoso, sin olor, transparente y natural, respetuoso con tu piel. Con los lubricantes\u00a0Waterfeel\u00ae tendras una experiencia de calidad. Instrucciones de uso: aplica la cantidad de lubricante que quieras en las partes del cuerpo deseadas y rep\u00edtalo todas las veces que quieras. Los lubricantes\u00a0Waterfeel\u00ae son compatibles con [&hellip;]<\/p>\n","protected":false},"featured_media":6792,"comment_status":"open","ping_status":"closed","template":"","meta":{"_eb_attr":"","site-sidebar-layout":"default","site-content-layout":"default","ast-site-content-layout":"default","site-content-style":"default","site-sidebar-style":"default","ast-global-header-display":"","ast-banner-title-visibility":"","ast-main-header-display":"","ast-hfb-above-header-display":"","ast-hfb-below-header-display":"","ast-hfb-mobile-header-display":"","site-post-title":"","ast-breadcrumbs-content":"","ast-featured-img":"","footer-sml-layout":"","ast-disable-related-posts":"","theme-transparent-header-meta":"default","adv-header-id-meta":"","stick-header-meta":"","header-above-stick-meta":"","header-main-stick-meta":"","header-below-stick-meta":"","astra-migrate-meta-layouts":"default","ast-page-background-enabled":"default","ast-page-background-meta":{"desktop":{"background-color":"var(--ast-global-color-4)","background-image":"","background-repeat":"repeat","background-position":"center center","background-size":"auto","background-attachment":"scroll","background-type":"","background-media":"","overlay-type":"","overlay-color":"","overlay-opacity":"","overlay-gradient":""},"tablet":{"background-color":"","background-image":"","background-repeat":"repeat","background-position":"center center","background-size":"auto","background-attachment":"scroll","background-type":"","background-media":"","overlay-type":"","overlay-color":"","overlay-opacity":"","overlay-gradient":""},"mobile":{"background-color":"","background-image":"","background-repeat":"repeat","background-position":"center center","background-size":"auto","background-attachment":"scroll","background-type":"","background-media":"","overlay-type":"","overlay-color":"","overlay-opacity":"","overlay-gradient":""}},"ast-content-background-meta":{"desktop":{"background-color":"var(--ast-global-color-5)","background-image":"","background-repeat":"repeat","background-position":"center center","background-size":"auto","background-attachment":"scroll","background-type":"","background-media":"","overlay-type":"","overlay-color":"","overlay-opacity":"","overlay-gradient":""},"tablet":{"background-color":"var(--ast-global-color-5)","background-image":"","background-repeat":"repeat","background-position":"center center","background-size":"auto","background-attachment":"scroll","background-type":"","background-media":"","overlay-type":"","overlay-color":"","overlay-opacity":"","overlay-gradient":""},"mobile":{"background-color":"var(--ast-global-color-5)","background-image":"","background-repeat":"repeat","background-position":"center center","background-size":"auto","background-attachment":"scroll","background-type":"","background-media":"","overlay-type":"","overlay-color":"","overlay-opacity":"","overlay-gradient":""}}},"product_brand":[],"product_cat":[257,280],"product_tag":[],"class_list":{"0":"post-6791","1":"product","2":"type-product","3":"status-publish","4":"has-post-thumbnail","6":"product_cat-lubricantes","7":"product_cat-masajes-y-cuidados-corporales","8":"desktop-align-left","9":"tablet-align-left","10":"mobile-align-left","12":"first","13":"instock","14":"sale","15":"shipping-taxable","16":"purchasable","17":"product-type-simple"},"_links":{"self":[{"href":"https:\/\/chibolita.es\/index.php\/wp-json\/wp\/v2\/product\/6791","targetHints":{"allow":["GET"]}}],"collection":[{"href":"https:\/\/chibolita.es\/index.php\/wp-json\/wp\/v2\/product"}],"about":[{"href":"https:\/\/chibolita.es\/index.php\/wp-json\/wp\/v2\/types\/product"}],"replies":[{"embeddable":true,"href":"https:\/\/chibolita.es\/index.php\/wp-json\/wp\/v2\/comments?post=6791"}],"wp:featuredmedia":[{"embeddable":true,"href":"https:\/\/chibolita.es\/index.php\/wp-json\/wp\/v2\/media\/6792"}],"wp:attachment":[{"href":"https:\/\/chibolita.es\/index.php\/wp-json\/wp\/v2\/media?parent=6791"}],"wp:term":[{"taxonomy":"product_brand","embeddable":true,"href":"https:\/\/chibolita.es\/index.php\/wp-json\/wp\/v2\/product_brand?post=6791"},{"taxonomy":"product_cat","embeddable":true,"href":"https:\/\/chibolita.es\/index.php\/wp-json\/wp\/v2\/product_cat?post=6791"},{"taxonomy":"product_tag","embeddable":true,"href":"https:\/\/chibolita.es\/index.php\/wp-json\/wp\/v2\/product_tag?post=6791"}],"curies":[{"name":"wp","href":"https:\/\/api.w.org\/{rel}","templated":true}]}}