{"id":6784,"date":"2023-05-17T12:20:49","date_gmt":"2023-05-17T12:20:49","guid":{"rendered":"https:\/\/chibolita.es\/?post_type=product&#038;p=6784"},"modified":"2023-05-17T12:23:30","modified_gmt":"2023-05-17T12:23:30","slug":"nina-kiki-lubricante-sabor-a-tarta-americana-cupcake-125ml","status":"publish","type":"product","link":"https:\/\/chibolita.es\/index.php\/product\/nina-kiki-lubricante-sabor-a-tarta-americana-cupcake-125ml\/","title":{"rendered":"NINA KIK\u00cd LUBRICANTE SABOR A TARTA AMERICANA CUPCAKE 125ML"},"content":{"rendered":"<p>Los Lubricantes est\u00e1n desarrollados a base de agua y proporcionan un tacto sedoso, la formula \u00fanica fusiona sabor y sensaci\u00f3n natural.<\/p>\n<p>Al contacto con la piel, lubrica, hidrata y genera una sensaci\u00f3n de bienestar.<\/p>\n<ul>\n<li>Base de Agua<\/li>\n<li>Producto Vegano<\/li>\n<li>Con aloe vera<\/li>\n<li>Sin parabenes<\/li>\n<li>Sin Azucares<\/li>\n<li>Sin Gluten<\/li>\n<li>Sabor intenso a Tarta Americana &#8211; Cupcake<\/li>\n<\/ul>\n<p>Todos los productos Nina Kiki son completamente compatibles con preservativos de Latex, Juguetes er\u00f3ticos de cualquier material.<\/p>\n<p>Utilice un poco de gel deslizante sobre la base de la mano y extender suavemente en las zonas er\u00f3genas.<\/p>\n<p>Envase elegante 125ml<\/p>\n<p>INGREDIENTS: AQUA, GLYCERIN, AROMA, HYDROXYETHYLCELLULOSE, SODIUM BENZOATE, POTASSIUM SORBATE, SODIUM CITRATE, SODIUM SACCHARIN, CITRIC ACID, GUAR HYDROXYPROPYLTRIMONIUM CHLORIDE, ALOE BARBADENSIS LEAF JUICE POWDER, MALTODEXTRIN.<\/p>\n<p>La colecci\u00f3n Nina Kiki ha sido creada para los amantes placer. 2 a\u00f1os de desarrollo han finalizado con un resultado excelente, consiguiendo los mejores sabores y efectos en geles deslizantes basado en productos naturales, 100% vegano y libre de parabenos.<\/p>\n<p>Nina Kiki es la exquisitez elevado al m\u00e1ximo, no solo es un gel deslizante, es la filosof\u00eda de la naturaleza, del buen sexo, del disfrutar, del sentir, de derretirte en el tiempo que provocar\u00e1 explosi\u00f3n en cada segundo al contacto contigo.<\/p>\n<p>&nbsp;<\/p>\n<p>https:\/\/youtu.be\/1pa6oVoXlqU<\/p>\n","protected":false},"excerpt":{"rendered":"<p>Los Lubricantes est\u00e1n desarrollados a base de agua y proporcionan un tacto sedoso, la formula \u00fanica fusiona sabor y sensaci\u00f3n natural. Al contacto con la piel, lubrica, hidrata y genera una sensaci\u00f3n de bienestar. Base de Agua Producto Vegano Con aloe vera Sin parabenes Sin Azucares Sin Gluten Sabor intenso a Tarta Americana &#8211; Cupcake [&hellip;]<\/p>\n","protected":false},"featured_media":6785,"comment_status":"open","ping_status":"closed","template":"","meta":{"_eb_attr":"","site-sidebar-layout":"default","site-content-layout":"default","ast-site-content-layout":"default","site-content-style":"default","site-sidebar-style":"default","ast-global-header-display":"","ast-banner-title-visibility":"","ast-main-header-display":"","ast-hfb-above-header-display":"","ast-hfb-below-header-display":"","ast-hfb-mobile-header-display":"","site-post-title":"","ast-breadcrumbs-content":"","ast-featured-img":"","footer-sml-layout":"","ast-disable-related-posts":"","theme-transparent-header-meta":"default","adv-header-id-meta":"","stick-header-meta":"","header-above-stick-meta":"","header-main-stick-meta":"","header-below-stick-meta":"","astra-migrate-meta-layouts":"default","ast-page-background-enabled":"default","ast-page-background-meta":{"desktop":{"background-color":"var(--ast-global-color-4)","background-image":"","background-repeat":"repeat","background-position":"center center","background-size":"auto","background-attachment":"scroll","background-type":"","background-media":"","overlay-type":"","overlay-color":"","overlay-opacity":"","overlay-gradient":""},"tablet":{"background-color":"","background-image":"","background-repeat":"repeat","background-position":"center center","background-size":"auto","background-attachment":"scroll","background-type":"","background-media":"","overlay-type":"","overlay-color":"","overlay-opacity":"","overlay-gradient":""},"mobile":{"background-color":"","background-image":"","background-repeat":"repeat","background-position":"center center","background-size":"auto","background-attachment":"scroll","background-type":"","background-media":"","overlay-type":"","overlay-color":"","overlay-opacity":"","overlay-gradient":""}},"ast-content-background-meta":{"desktop":{"background-color":"var(--ast-global-color-5)","background-image":"","background-repeat":"repeat","background-position":"center center","background-size":"auto","background-attachment":"scroll","background-type":"","background-media":"","overlay-type":"","overlay-color":"","overlay-opacity":"","overlay-gradient":""},"tablet":{"background-color":"var(--ast-global-color-5)","background-image":"","background-repeat":"repeat","background-position":"center center","background-size":"auto","background-attachment":"scroll","background-type":"","background-media":"","overlay-type":"","overlay-color":"","overlay-opacity":"","overlay-gradient":""},"mobile":{"background-color":"var(--ast-global-color-5)","background-image":"","background-repeat":"repeat","background-position":"center center","background-size":"auto","background-attachment":"scroll","background-type":"","background-media":"","overlay-type":"","overlay-color":"","overlay-opacity":"","overlay-gradient":""}}},"product_brand":[],"product_cat":[257],"product_tag":[],"class_list":{"0":"post-6784","1":"product","2":"type-product","3":"status-publish","4":"has-post-thumbnail","6":"product_cat-lubricantes","7":"desktop-align-left","8":"tablet-align-left","9":"mobile-align-left","11":"first","12":"instock","13":"shipping-taxable","14":"purchasable","15":"product-type-simple"},"_links":{"self":[{"href":"https:\/\/chibolita.es\/index.php\/wp-json\/wp\/v2\/product\/6784","targetHints":{"allow":["GET"]}}],"collection":[{"href":"https:\/\/chibolita.es\/index.php\/wp-json\/wp\/v2\/product"}],"about":[{"href":"https:\/\/chibolita.es\/index.php\/wp-json\/wp\/v2\/types\/product"}],"replies":[{"embeddable":true,"href":"https:\/\/chibolita.es\/index.php\/wp-json\/wp\/v2\/comments?post=6784"}],"wp:featuredmedia":[{"embeddable":true,"href":"https:\/\/chibolita.es\/index.php\/wp-json\/wp\/v2\/media\/6785"}],"wp:attachment":[{"href":"https:\/\/chibolita.es\/index.php\/wp-json\/wp\/v2\/media?parent=6784"}],"wp:term":[{"taxonomy":"product_brand","embeddable":true,"href":"https:\/\/chibolita.es\/index.php\/wp-json\/wp\/v2\/product_brand?post=6784"},{"taxonomy":"product_cat","embeddable":true,"href":"https:\/\/chibolita.es\/index.php\/wp-json\/wp\/v2\/product_cat?post=6784"},{"taxonomy":"product_tag","embeddable":true,"href":"https:\/\/chibolita.es\/index.php\/wp-json\/wp\/v2\/product_tag?post=6784"}],"curies":[{"name":"wp","href":"https:\/\/api.w.org\/{rel}","templated":true}]}}