{"id":6742,"date":"2023-05-16T21:58:25","date_gmt":"2023-05-16T21:58:25","guid":{"rendered":"https:\/\/chibolita.es\/?post_type=product&#038;p=6742"},"modified":"2023-05-16T21:59:24","modified_gmt":"2023-05-16T21:59:24","slug":"fetish-submissive-esposas-tobillos-cuero-vegano-con-forro-de-nopreno","status":"publish","type":"product","link":"https:\/\/chibolita.es\/index.php\/product\/fetish-submissive-esposas-tobillos-cuero-vegano-con-forro-de-nopreno\/","title":{"rendered":"FETISH SUBMISSIVE ESPOSAS TOBILLOS CUERO VEGANO CON FORRO DE NOPRENO"},"content":{"rendered":"<div>FETISH SUBMISIVE Presenta las primeras esposas de cuero vegano con metal libre de niquel!\u00a0 Encierra a tu amante con estas esposas sexys, efectivas y c\u00f3modas. Un accesorio cl\u00e1sico para tus juegos de esclavitud.<\/div>\n<div><\/div>\n<div>Estas esposas tienen la est\u00e9tica elegante que buscas a la vez de una efectividad absoluta. Doble capa y terminado con una hebilla de metal, tu sumiso no podr\u00e1 escapar. El interior acolchado garantiza que se mantendr\u00e1n c\u00f3modos sin importar cu\u00e1nto tiren o cu\u00e1nto tiempo juegues.<\/div>\n<div><\/div>\n<div>La uni\u00f3n en lugar de ser las cl\u00e1sicas cadenas de metal es un accesorio para tirar o tener sujeto a tu amante, son validas para mu\u00f1ecas o tobillos, varias posibilidades para tu juego bdsm.<\/div>\n<div>Son perfectas para jugadores de nivel avanzado y tambi\u00e9n para principiantes.<\/div>\n<ul>\n<li>Fabricado en material; Neopreno, Metal libre de niquel y Cuero vegano.<\/li>\n<\/ul>\n<div>\u00a1La colecci\u00f3n Fetish Submisive es la perfecta para el BDSM, calidad y resistencia aptas para cualquier juego!<\/div>\n<div>Usa estas esposas junto a otros accesorios de la colecci\u00f3n, FETISH SUBMISIVE.<\/div>\n<div>100% Ajustable.<\/div>\n","protected":false},"excerpt":{"rendered":"<p>FETISH SUBMISIVE Presenta las primeras esposas de cuero vegano con metal libre de niquel!\u00a0 Encierra a tu amante con estas esposas sexys, efectivas y c\u00f3modas. Un accesorio cl\u00e1sico para tus juegos de esclavitud. Estas esposas tienen la est\u00e9tica elegante que buscas a la vez de una efectividad absoluta. Doble capa y terminado con una hebilla [&hellip;]<\/p>\n","protected":false},"featured_media":6746,"comment_status":"open","ping_status":"closed","template":"","meta":{"_eb_attr":"","site-sidebar-layout":"default","site-content-layout":"default","ast-site-content-layout":"default","site-content-style":"default","site-sidebar-style":"default","ast-global-header-display":"","ast-banner-title-visibility":"","ast-main-header-display":"","ast-hfb-above-header-display":"","ast-hfb-below-header-display":"","ast-hfb-mobile-header-display":"","site-post-title":"","ast-breadcrumbs-content":"","ast-featured-img":"","footer-sml-layout":"","ast-disable-related-posts":"","theme-transparent-header-meta":"default","adv-header-id-meta":"","stick-header-meta":"","header-above-stick-meta":"","header-main-stick-meta":"","header-below-stick-meta":"","astra-migrate-meta-layouts":"default","ast-page-background-enabled":"default","ast-page-background-meta":{"desktop":{"background-color":"var(--ast-global-color-4)","background-image":"","background-repeat":"repeat","background-position":"center center","background-size":"auto","background-attachment":"scroll","background-type":"","background-media":"","overlay-type":"","overlay-color":"","overlay-opacity":"","overlay-gradient":""},"tablet":{"background-color":"","background-image":"","background-repeat":"repeat","background-position":"center center","background-size":"auto","background-attachment":"scroll","background-type":"","background-media":"","overlay-type":"","overlay-color":"","overlay-opacity":"","overlay-gradient":""},"mobile":{"background-color":"","background-image":"","background-repeat":"repeat","background-position":"center center","background-size":"auto","background-attachment":"scroll","background-type":"","background-media":"","overlay-type":"","overlay-color":"","overlay-opacity":"","overlay-gradient":""}},"ast-content-background-meta":{"desktop":{"background-color":"var(--ast-global-color-5)","background-image":"","background-repeat":"repeat","background-position":"center center","background-size":"auto","background-attachment":"scroll","background-type":"","background-media":"","overlay-type":"","overlay-color":"","overlay-opacity":"","overlay-gradient":""},"tablet":{"background-color":"var(--ast-global-color-5)","background-image":"","background-repeat":"repeat","background-position":"center center","background-size":"auto","background-attachment":"scroll","background-type":"","background-media":"","overlay-type":"","overlay-color":"","overlay-opacity":"","overlay-gradient":""},"mobile":{"background-color":"var(--ast-global-color-5)","background-image":"","background-repeat":"repeat","background-position":"center center","background-size":"auto","background-attachment":"scroll","background-type":"","background-media":"","overlay-type":"","overlay-color":"","overlay-opacity":"","overlay-gradient":""}}},"product_brand":[],"product_cat":[278,265],"product_tag":[],"class_list":{"0":"post-6742","1":"product","2":"type-product","3":"status-publish","4":"has-post-thumbnail","6":"product_cat-esposas-y-latigos","7":"product_cat-fetish-bdsm","8":"desktop-align-left","9":"tablet-align-left","10":"mobile-align-left","12":"first","13":"instock","14":"sale","15":"shipping-taxable","16":"purchasable","17":"product-type-simple"},"_links":{"self":[{"href":"https:\/\/chibolita.es\/index.php\/wp-json\/wp\/v2\/product\/6742","targetHints":{"allow":["GET"]}}],"collection":[{"href":"https:\/\/chibolita.es\/index.php\/wp-json\/wp\/v2\/product"}],"about":[{"href":"https:\/\/chibolita.es\/index.php\/wp-json\/wp\/v2\/types\/product"}],"replies":[{"embeddable":true,"href":"https:\/\/chibolita.es\/index.php\/wp-json\/wp\/v2\/comments?post=6742"}],"wp:featuredmedia":[{"embeddable":true,"href":"https:\/\/chibolita.es\/index.php\/wp-json\/wp\/v2\/media\/6746"}],"wp:attachment":[{"href":"https:\/\/chibolita.es\/index.php\/wp-json\/wp\/v2\/media?parent=6742"}],"wp:term":[{"taxonomy":"product_brand","embeddable":true,"href":"https:\/\/chibolita.es\/index.php\/wp-json\/wp\/v2\/product_brand?post=6742"},{"taxonomy":"product_cat","embeddable":true,"href":"https:\/\/chibolita.es\/index.php\/wp-json\/wp\/v2\/product_cat?post=6742"},{"taxonomy":"product_tag","embeddable":true,"href":"https:\/\/chibolita.es\/index.php\/wp-json\/wp\/v2\/product_tag?post=6742"}],"curies":[{"name":"wp","href":"https:\/\/api.w.org\/{rel}","templated":true}]}}