{"id":6706,"date":"2023-05-16T21:38:55","date_gmt":"2023-05-16T21:38:55","guid":{"rendered":"https:\/\/chibolita.es\/?post_type=product&#038;p=6706"},"modified":"2023-05-16T21:40:54","modified_gmt":"2023-05-16T21:40:54","slug":"darkness-esposas-nylon-para-principiantes","status":"publish","type":"product","link":"https:\/\/chibolita.es\/index.php\/product\/darkness-esposas-nylon-para-principiantes\/","title":{"rendered":"DARKNESS ESPOSAS NYLON PARA PRINCIPIANTES"},"content":{"rendered":"<p>Encierra a tu amante con estas esposas sexys, efectivas y c\u00f3modas. Un accesorio cl\u00e1sico para tus juegos de esclavitud.<\/p>\n<p>Estos pu\u00f1os tienen la est\u00e9tica elegante que anhelas. 100% fabricadas en nylon son perfectas para principiantes..<\/p>\n<ul>\n<li>Materila: Nilon<\/li>\n<\/ul>\n<p>LA MARCA<\/p>\n<p>Darkness es una marca de nueva generaci\u00f3n 2020, todos nuestros materiales son de excelente calidad asegurando que la fabricaci\u00f3n compromete un resultado perfecto para principiantes o avanzados que le gusta el mundo Fetish o bdsm.<\/p>\n","protected":false},"excerpt":{"rendered":"<p>Encierra a tu amante con estas esposas sexys, efectivas y c\u00f3modas. Un accesorio cl\u00e1sico para tus juegos de esclavitud. Estos pu\u00f1os tienen la est\u00e9tica elegante que anhelas. 100% fabricadas en nylon son perfectas para principiantes.. Materila: Nilon LA MARCA Darkness es una marca de nueva generaci\u00f3n 2020, todos nuestros materiales son de excelente calidad asegurando [&hellip;]<\/p>\n","protected":false},"featured_media":6714,"comment_status":"open","ping_status":"closed","template":"","meta":{"_eb_attr":"","site-sidebar-layout":"default","site-content-layout":"default","ast-site-content-layout":"default","site-content-style":"default","site-sidebar-style":"default","ast-global-header-display":"","ast-banner-title-visibility":"","ast-main-header-display":"","ast-hfb-above-header-display":"","ast-hfb-below-header-display":"","ast-hfb-mobile-header-display":"","site-post-title":"","ast-breadcrumbs-content":"","ast-featured-img":"","footer-sml-layout":"","ast-disable-related-posts":"","theme-transparent-header-meta":"default","adv-header-id-meta":"","stick-header-meta":"","header-above-stick-meta":"","header-main-stick-meta":"","header-below-stick-meta":"","astra-migrate-meta-layouts":"default","ast-page-background-enabled":"default","ast-page-background-meta":{"desktop":{"background-color":"var(--ast-global-color-4)","background-image":"","background-repeat":"repeat","background-position":"center center","background-size":"auto","background-attachment":"scroll","background-type":"","background-media":"","overlay-type":"","overlay-color":"","overlay-opacity":"","overlay-gradient":""},"tablet":{"background-color":"","background-image":"","background-repeat":"repeat","background-position":"center center","background-size":"auto","background-attachment":"scroll","background-type":"","background-media":"","overlay-type":"","overlay-color":"","overlay-opacity":"","overlay-gradient":""},"mobile":{"background-color":"","background-image":"","background-repeat":"repeat","background-position":"center center","background-size":"auto","background-attachment":"scroll","background-type":"","background-media":"","overlay-type":"","overlay-color":"","overlay-opacity":"","overlay-gradient":""}},"ast-content-background-meta":{"desktop":{"background-color":"var(--ast-global-color-5)","background-image":"","background-repeat":"repeat","background-position":"center center","background-size":"auto","background-attachment":"scroll","background-type":"","background-media":"","overlay-type":"","overlay-color":"","overlay-opacity":"","overlay-gradient":""},"tablet":{"background-color":"var(--ast-global-color-5)","background-image":"","background-repeat":"repeat","background-position":"center center","background-size":"auto","background-attachment":"scroll","background-type":"","background-media":"","overlay-type":"","overlay-color":"","overlay-opacity":"","overlay-gradient":""},"mobile":{"background-color":"var(--ast-global-color-5)","background-image":"","background-repeat":"repeat","background-position":"center center","background-size":"auto","background-attachment":"scroll","background-type":"","background-media":"","overlay-type":"","overlay-color":"","overlay-opacity":"","overlay-gradient":""}}},"product_brand":[],"product_cat":[278,265],"product_tag":[],"class_list":{"0":"post-6706","1":"product","2":"type-product","3":"status-publish","4":"has-post-thumbnail","6":"product_cat-esposas-y-latigos","7":"product_cat-fetish-bdsm","8":"desktop-align-left","9":"tablet-align-left","10":"mobile-align-left","12":"first","13":"instock","14":"shipping-taxable","15":"purchasable","16":"product-type-simple"},"_links":{"self":[{"href":"https:\/\/chibolita.es\/index.php\/wp-json\/wp\/v2\/product\/6706","targetHints":{"allow":["GET"]}}],"collection":[{"href":"https:\/\/chibolita.es\/index.php\/wp-json\/wp\/v2\/product"}],"about":[{"href":"https:\/\/chibolita.es\/index.php\/wp-json\/wp\/v2\/types\/product"}],"replies":[{"embeddable":true,"href":"https:\/\/chibolita.es\/index.php\/wp-json\/wp\/v2\/comments?post=6706"}],"wp:featuredmedia":[{"embeddable":true,"href":"https:\/\/chibolita.es\/index.php\/wp-json\/wp\/v2\/media\/6714"}],"wp:attachment":[{"href":"https:\/\/chibolita.es\/index.php\/wp-json\/wp\/v2\/media?parent=6706"}],"wp:term":[{"taxonomy":"product_brand","embeddable":true,"href":"https:\/\/chibolita.es\/index.php\/wp-json\/wp\/v2\/product_brand?post=6706"},{"taxonomy":"product_cat","embeddable":true,"href":"https:\/\/chibolita.es\/index.php\/wp-json\/wp\/v2\/product_cat?post=6706"},{"taxonomy":"product_tag","embeddable":true,"href":"https:\/\/chibolita.es\/index.php\/wp-json\/wp\/v2\/product_tag?post=6706"}],"curies":[{"name":"wp","href":"https:\/\/api.w.org\/{rel}","templated":true}]}}