{"id":6660,"date":"2023-05-16T13:33:37","date_gmt":"2023-05-16T13:33:37","guid":{"rendered":"https:\/\/chibolita.es\/?post_type=product&#038;p=6660"},"modified":"2023-05-16T13:34:51","modified_gmt":"2023-05-16T13:34:51","slug":"harness-attraction-arnes-vibrador-hector-20-x-3-5cm","status":"publish","type":"product","link":"https:\/\/chibolita.es\/index.php\/product\/harness-attraction-arnes-vibrador-hector-20-x-3-5cm\/","title":{"rendered":"HARNESS ATTRACTION \u00c1RNES VIBRADOR HECTOR 20 X 3.5CM"},"content":{"rendered":"<p>Harness Attraction es la colecci\u00f3n de arneses m\u00e1s completa!\u00a0 Real\u00edsticos, rotadores, con vibraci\u00f3n, huecos etc.. Ahora es la oportunidad de realizar tus fantas\u00edas con la total Garant\u00eda de Harness Attracion. Calidad cuidadosamente revisada para un resultado de perfecto.<\/p>\n<p>Este arn\u00e9s de Harness Attraction est\u00e1 dotado de un pene real\u00edstico vibrador y estimulador de clitoris., con unas formas muy bien dise\u00f1adas para mejorar el placer en las relaciones.<\/p>\n<p>Gracias a su sistema de correa, adem\u00e1s de adecuarse en muchas cinturas, se mantiene en su sitio durante toda la actividad.<\/p>\n<p>El sistema \u00a0\u00a0Harness click\u00a0\u00a0es un tipo de encaje patentado por Harness Attraction, con el cual podr\u00e1s intercambiar infinidad de penes y dongs al mismo arn\u00e9s.<\/p>\n<ul>\n<li>Vibrador multivelocidad potente.<\/li>\n<li>Funciones vibraci\u00f3n y rotaci\u00f3n<\/li>\n<li>Pene real\u00edstico Tpr libre de Phalatos<\/li>\n<li>Arn\u00e9s de neopreno y cuero vegano.<\/li>\n<li>Suave y sedoso al tacto<\/li>\n<li>Medidas del Pene real\u00edstico; \u00a016 x 3.3cm<\/li>\n<\/ul>\n<p>Este arn\u00e9s est\u00e1 pensado para el uso de mujeres y hombres indistintamente.<\/p>\n","protected":false},"excerpt":{"rendered":"<p>Harness Attraction es la colecci\u00f3n de arneses m\u00e1s completa!\u00a0 Real\u00edsticos, rotadores, con vibraci\u00f3n, huecos etc.. Ahora es la oportunidad de realizar tus fantas\u00edas con la total Garant\u00eda de Harness Attracion. Calidad cuidadosamente revisada para un resultado de perfecto. Este arn\u00e9s de Harness Attraction est\u00e1 dotado de un pene real\u00edstico vibrador y estimulador de clitoris., con [&hellip;]<\/p>\n","protected":false},"featured_media":6665,"comment_status":"open","ping_status":"closed","template":"","meta":{"_eb_attr":"","site-sidebar-layout":"default","site-content-layout":"default","ast-site-content-layout":"default","site-content-style":"default","site-sidebar-style":"default","ast-global-header-display":"","ast-banner-title-visibility":"","ast-main-header-display":"","ast-hfb-above-header-display":"","ast-hfb-below-header-display":"","ast-hfb-mobile-header-display":"","site-post-title":"","ast-breadcrumbs-content":"","ast-featured-img":"","footer-sml-layout":"","ast-disable-related-posts":"","theme-transparent-header-meta":"default","adv-header-id-meta":"","stick-header-meta":"","header-above-stick-meta":"","header-main-stick-meta":"","header-below-stick-meta":"","astra-migrate-meta-layouts":"default","ast-page-background-enabled":"default","ast-page-background-meta":{"desktop":{"background-color":"var(--ast-global-color-4)","background-image":"","background-repeat":"repeat","background-position":"center center","background-size":"auto","background-attachment":"scroll","background-type":"","background-media":"","overlay-type":"","overlay-color":"","overlay-opacity":"","overlay-gradient":""},"tablet":{"background-color":"","background-image":"","background-repeat":"repeat","background-position":"center center","background-size":"auto","background-attachment":"scroll","background-type":"","background-media":"","overlay-type":"","overlay-color":"","overlay-opacity":"","overlay-gradient":""},"mobile":{"background-color":"","background-image":"","background-repeat":"repeat","background-position":"center center","background-size":"auto","background-attachment":"scroll","background-type":"","background-media":"","overlay-type":"","overlay-color":"","overlay-opacity":"","overlay-gradient":""}},"ast-content-background-meta":{"desktop":{"background-color":"var(--ast-global-color-5)","background-image":"","background-repeat":"repeat","background-position":"center center","background-size":"auto","background-attachment":"scroll","background-type":"","background-media":"","overlay-type":"","overlay-color":"","overlay-opacity":"","overlay-gradient":""},"tablet":{"background-color":"var(--ast-global-color-5)","background-image":"","background-repeat":"repeat","background-position":"center center","background-size":"auto","background-attachment":"scroll","background-type":"","background-media":"","overlay-type":"","overlay-color":"","overlay-opacity":"","overlay-gradient":""},"mobile":{"background-color":"var(--ast-global-color-5)","background-image":"","background-repeat":"repeat","background-position":"center center","background-size":"auto","background-attachment":"scroll","background-type":"","background-media":"","overlay-type":"","overlay-color":"","overlay-opacity":"","overlay-gradient":""}}},"product_brand":[],"product_cat":[265,272],"product_tag":[],"class_list":{"0":"post-6660","1":"product","2":"type-product","3":"status-publish","4":"has-post-thumbnail","6":"product_cat-fetish-bdsm","7":"product_cat-strapon","8":"desktop-align-left","9":"tablet-align-left","10":"mobile-align-left","12":"first","13":"instock","14":"shipping-taxable","15":"purchasable","16":"product-type-simple"},"_links":{"self":[{"href":"https:\/\/chibolita.es\/index.php\/wp-json\/wp\/v2\/product\/6660","targetHints":{"allow":["GET"]}}],"collection":[{"href":"https:\/\/chibolita.es\/index.php\/wp-json\/wp\/v2\/product"}],"about":[{"href":"https:\/\/chibolita.es\/index.php\/wp-json\/wp\/v2\/types\/product"}],"replies":[{"embeddable":true,"href":"https:\/\/chibolita.es\/index.php\/wp-json\/wp\/v2\/comments?post=6660"}],"wp:featuredmedia":[{"embeddable":true,"href":"https:\/\/chibolita.es\/index.php\/wp-json\/wp\/v2\/media\/6665"}],"wp:attachment":[{"href":"https:\/\/chibolita.es\/index.php\/wp-json\/wp\/v2\/media?parent=6660"}],"wp:term":[{"taxonomy":"product_brand","embeddable":true,"href":"https:\/\/chibolita.es\/index.php\/wp-json\/wp\/v2\/product_brand?post=6660"},{"taxonomy":"product_cat","embeddable":true,"href":"https:\/\/chibolita.es\/index.php\/wp-json\/wp\/v2\/product_cat?post=6660"},{"taxonomy":"product_tag","embeddable":true,"href":"https:\/\/chibolita.es\/index.php\/wp-json\/wp\/v2\/product_tag?post=6660"}],"curies":[{"name":"wp","href":"https:\/\/api.w.org\/{rel}","templated":true}]}}