{"id":6646,"date":"2023-05-16T13:27:34","date_gmt":"2023-05-16T13:27:34","guid":{"rendered":"https:\/\/chibolita.es\/?post_type=product&#038;p=6646"},"modified":"2023-05-16T13:28:55","modified_gmt":"2023-05-16T13:28:55","slug":"harness-attraction-arnes-hueco-willian-con-vibrador-17-x-4-5cm","status":"publish","type":"product","link":"https:\/\/chibolita.es\/index.php\/product\/harness-attraction-arnes-hueco-willian-con-vibrador-17-x-4-5cm\/","title":{"rendered":"HARNESS ATTRACTION \u00c1RNES HUECO WILLIAN CON VIBRADOR 17 X 4.5CM"},"content":{"rendered":"<p>\u00bfSiempre ha querido tener un pene grande y sentirse m\u00e1s confiado con su tama\u00f1o? Su amante sabe que el tama\u00f1o s\u00ed importa, y nadie puede cumplir con sus fantas\u00edas y satisfacer a su pareja como un semental.<\/p>\n<p>Fant\u00e1stico arn\u00e9s hueco para hombre en color natural. Fabricado con TPR de primera calidad, libre de Phalatos, pertenece a la colecci\u00f3n Harness Attracion.<\/p>\n<p>Ahora usted puede tener la longitud y el grosor que siempre ha so\u00f1ado con este arn\u00e9s hueco con buena sujeci\u00f3n. Reciba una sonrisa satisfactoria de su amante.<\/p>\n<p>El arn\u00e9s el\u00e1stico y c\u00f3modo, se ajusta f\u00e1cilmente para adaptarse a la mayor\u00eda de los tama\u00f1os. Es perfecto para los hombre con disfunci\u00f3n er\u00e9ctil, para las mujeres, o para las parejas que fantasean acerca de sus deseos m\u00e1s oscuros.<\/p>\n<p>Gracias a su sistema de correa, adem\u00e1s de adecuarse en muchas cinturas, se mantiene en su sitio durante toda la actividad.<\/p>\n<p>Para una mayor emoci\u00f3n,Willian\u00a0incluye un vibrador regulable en potencia que aumenta la sensibilidad en ambos.<\/p>\n<p>Para una mejor conservaci\u00f3n, recomendamos su limpieza despu\u00e9s de cada uso con Waterfeel \u00a0Toy Cleaner y agua tibia.<\/p>\n<ul>\n<li>Medidas; 17 x 4.5cm Exterior, el interior se adapta a la mayor\u00eda de tama\u00f1os con un di\u00e1metro de hasta 4cm.<\/li>\n<li>Pene real\u00edstico Tpr libre de Phalatos<\/li>\n<li>Arn\u00e9s de neopreno y cuero vegano.<\/li>\n<\/ul>\n<p>Explore su lado dominante o sumiso.<\/p>\n","protected":false},"excerpt":{"rendered":"<p>\u00bfSiempre ha querido tener un pene grande y sentirse m\u00e1s confiado con su tama\u00f1o? Su amante sabe que el tama\u00f1o s\u00ed importa, y nadie puede cumplir con sus fantas\u00edas y satisfacer a su pareja como un semental. Fant\u00e1stico arn\u00e9s hueco para hombre en color natural. Fabricado con TPR de primera calidad, libre de Phalatos, pertenece [&hellip;]<\/p>\n","protected":false},"featured_media":6652,"comment_status":"open","ping_status":"closed","template":"","meta":{"_eb_attr":"","site-sidebar-layout":"default","site-content-layout":"default","ast-site-content-layout":"default","site-content-style":"default","site-sidebar-style":"default","ast-global-header-display":"","ast-banner-title-visibility":"","ast-main-header-display":"","ast-hfb-above-header-display":"","ast-hfb-below-header-display":"","ast-hfb-mobile-header-display":"","site-post-title":"","ast-breadcrumbs-content":"","ast-featured-img":"","footer-sml-layout":"","ast-disable-related-posts":"","theme-transparent-header-meta":"default","adv-header-id-meta":"","stick-header-meta":"","header-above-stick-meta":"","header-main-stick-meta":"","header-below-stick-meta":"","astra-migrate-meta-layouts":"default","ast-page-background-enabled":"default","ast-page-background-meta":{"desktop":{"background-color":"var(--ast-global-color-4)","background-image":"","background-repeat":"repeat","background-position":"center center","background-size":"auto","background-attachment":"scroll","background-type":"","background-media":"","overlay-type":"","overlay-color":"","overlay-opacity":"","overlay-gradient":""},"tablet":{"background-color":"","background-image":"","background-repeat":"repeat","background-position":"center center","background-size":"auto","background-attachment":"scroll","background-type":"","background-media":"","overlay-type":"","overlay-color":"","overlay-opacity":"","overlay-gradient":""},"mobile":{"background-color":"","background-image":"","background-repeat":"repeat","background-position":"center center","background-size":"auto","background-attachment":"scroll","background-type":"","background-media":"","overlay-type":"","overlay-color":"","overlay-opacity":"","overlay-gradient":""}},"ast-content-background-meta":{"desktop":{"background-color":"var(--ast-global-color-5)","background-image":"","background-repeat":"repeat","background-position":"center center","background-size":"auto","background-attachment":"scroll","background-type":"","background-media":"","overlay-type":"","overlay-color":"","overlay-opacity":"","overlay-gradient":""},"tablet":{"background-color":"var(--ast-global-color-5)","background-image":"","background-repeat":"repeat","background-position":"center center","background-size":"auto","background-attachment":"scroll","background-type":"","background-media":"","overlay-type":"","overlay-color":"","overlay-opacity":"","overlay-gradient":""},"mobile":{"background-color":"var(--ast-global-color-5)","background-image":"","background-repeat":"repeat","background-position":"center center","background-size":"auto","background-attachment":"scroll","background-type":"","background-media":"","overlay-type":"","overlay-color":"","overlay-opacity":"","overlay-gradient":""}}},"product_brand":[],"product_cat":[265,272],"product_tag":[],"class_list":{"0":"post-6646","1":"product","2":"type-product","3":"status-publish","4":"has-post-thumbnail","6":"product_cat-fetish-bdsm","7":"product_cat-strapon","8":"desktop-align-left","9":"tablet-align-left","10":"mobile-align-left","12":"first","13":"instock","14":"shipping-taxable","15":"purchasable","16":"product-type-simple"},"_links":{"self":[{"href":"https:\/\/chibolita.es\/index.php\/wp-json\/wp\/v2\/product\/6646","targetHints":{"allow":["GET"]}}],"collection":[{"href":"https:\/\/chibolita.es\/index.php\/wp-json\/wp\/v2\/product"}],"about":[{"href":"https:\/\/chibolita.es\/index.php\/wp-json\/wp\/v2\/types\/product"}],"replies":[{"embeddable":true,"href":"https:\/\/chibolita.es\/index.php\/wp-json\/wp\/v2\/comments?post=6646"}],"wp:featuredmedia":[{"embeddable":true,"href":"https:\/\/chibolita.es\/index.php\/wp-json\/wp\/v2\/media\/6652"}],"wp:attachment":[{"href":"https:\/\/chibolita.es\/index.php\/wp-json\/wp\/v2\/media?parent=6646"}],"wp:term":[{"taxonomy":"product_brand","embeddable":true,"href":"https:\/\/chibolita.es\/index.php\/wp-json\/wp\/v2\/product_brand?post=6646"},{"taxonomy":"product_cat","embeddable":true,"href":"https:\/\/chibolita.es\/index.php\/wp-json\/wp\/v2\/product_cat?post=6646"},{"taxonomy":"product_tag","embeddable":true,"href":"https:\/\/chibolita.es\/index.php\/wp-json\/wp\/v2\/product_tag?post=6646"}],"curies":[{"name":"wp","href":"https:\/\/api.w.org\/{rel}","templated":true}]}}