{"id":6482,"date":"2023-05-15T22:19:23","date_gmt":"2023-05-15T22:19:23","guid":{"rendered":"https:\/\/chibolita.es\/?post_type=product&#038;p=6482"},"modified":"2023-05-15T22:20:31","modified_gmt":"2023-05-15T22:20:31","slug":"satisfyer-luxury-haute-couture","status":"publish","type":"product","link":"https:\/\/chibolita.es\/index.php\/product\/satisfyer-luxury-haute-couture\/","title":{"rendered":"SATISFYER LUXURY HAUTE COUTURE"},"content":{"rendered":"<p>Satisfyer redefine la definici\u00f3n de lujo en el bienestar sexual con su nueva gama Satisfyer Luxury. Cuenta con materiales de la m\u00e1s alta calidad, aluminios, silicona l\u00edquida y los mejores metales para sustituir al pl\u00e1stico.<\/p>\n<p>Esta nueva gama presta especial atenci\u00f3n al detalle, para que quedes impresionado con el trabajo de sus dise\u00f1adores.<\/p>\n<p>El Haute Couture es una nueva versi\u00f3n del ya mejorado Satisfyer Pro 2 Vibration. Cuenta con un potente motor pero silencioso, para poder usarlo donde y cuando quieras. Sus vibraciones y ondas expansivas son suaves pero muy satisfactorias. Gracias a su nueva forma ergon\u00f3mica y a su estimulador del cl\u00edtoris se convertir\u00e1 en tu juguete favorito antes de lo que esperas.<\/p>\n<p>Como siempre, los nuevos juguetes de Satisfyer son sumergibles, d\u00e1ndote unas sensaciones totalmente distintas, y recargable por USB, para que el placer no se haga de esperar. Recuerda que para un placer \u00f3ptimo puedes usar tu lubricante a base de agua favorito, pero nunca de silicona. Para lavarlo basta con usar un poco de agua tibia y jab\u00f3n neutro o un buen limpiador de juguetes y un bastoncillo para una limpieza total.<\/p>\n<p>Caracter\u00edsticas:<\/p>\n<ul>\n<li>Succionador de cl\u00edtoris<\/li>\n<li>Forma ergon\u00f3mica<\/li>\n<li>Estimulaci\u00f3n del punto G<\/li>\n<li>Impermeable<\/li>\n<li>Silicona + ABS<\/li>\n<li>Recargable por USB (incluido)<\/li>\n<li>Medidas: 20 cm x 9.6 cm<\/li>\n<\/ul>\n","protected":false},"excerpt":{"rendered":"<p>Satisfyer redefine la definici\u00f3n de lujo en el bienestar sexual con su nueva gama Satisfyer Luxury. Cuenta con materiales de la m\u00e1s alta calidad, aluminios, silicona l\u00edquida y los mejores metales para sustituir al pl\u00e1stico. Esta nueva gama presta especial atenci\u00f3n al detalle, para que quedes impresionado con el trabajo de sus dise\u00f1adores. El Haute [&hellip;]<\/p>\n","protected":false},"featured_media":6483,"comment_status":"open","ping_status":"closed","template":"","meta":{"_eb_attr":"","site-sidebar-layout":"default","site-content-layout":"default","ast-site-content-layout":"default","site-content-style":"default","site-sidebar-style":"default","ast-global-header-display":"","ast-banner-title-visibility":"","ast-main-header-display":"","ast-hfb-above-header-display":"","ast-hfb-below-header-display":"","ast-hfb-mobile-header-display":"","site-post-title":"","ast-breadcrumbs-content":"","ast-featured-img":"","footer-sml-layout":"","ast-disable-related-posts":"","theme-transparent-header-meta":"default","adv-header-id-meta":"","stick-header-meta":"","header-above-stick-meta":"","header-main-stick-meta":"","header-below-stick-meta":"","astra-migrate-meta-layouts":"default","ast-page-background-enabled":"default","ast-page-background-meta":{"desktop":{"background-color":"var(--ast-global-color-4)","background-image":"","background-repeat":"repeat","background-position":"center center","background-size":"auto","background-attachment":"scroll","background-type":"","background-media":"","overlay-type":"","overlay-color":"","overlay-opacity":"","overlay-gradient":""},"tablet":{"background-color":"","background-image":"","background-repeat":"repeat","background-position":"center center","background-size":"auto","background-attachment":"scroll","background-type":"","background-media":"","overlay-type":"","overlay-color":"","overlay-opacity":"","overlay-gradient":""},"mobile":{"background-color":"","background-image":"","background-repeat":"repeat","background-position":"center center","background-size":"auto","background-attachment":"scroll","background-type":"","background-media":"","overlay-type":"","overlay-color":"","overlay-opacity":"","overlay-gradient":""}},"ast-content-background-meta":{"desktop":{"background-color":"var(--ast-global-color-5)","background-image":"","background-repeat":"repeat","background-position":"center center","background-size":"auto","background-attachment":"scroll","background-type":"","background-media":"","overlay-type":"","overlay-color":"","overlay-opacity":"","overlay-gradient":""},"tablet":{"background-color":"var(--ast-global-color-5)","background-image":"","background-repeat":"repeat","background-position":"center center","background-size":"auto","background-attachment":"scroll","background-type":"","background-media":"","overlay-type":"","overlay-color":"","overlay-opacity":"","overlay-gradient":""},"mobile":{"background-color":"var(--ast-global-color-5)","background-image":"","background-repeat":"repeat","background-position":"center center","background-size":"auto","background-attachment":"scroll","background-type":"","background-media":"","overlay-type":"","overlay-color":"","overlay-opacity":"","overlay-gradient":""}}},"product_brand":[],"product_cat":[260,263],"product_tag":[],"class_list":{"0":"post-6482","1":"product","2":"type-product","3":"status-publish","4":"has-post-thumbnail","6":"product_cat-dildos-y-vibradores","7":"product_cat-vibradores-lay-on-clitoris","8":"desktop-align-left","9":"tablet-align-left","10":"mobile-align-left","12":"first","13":"instock","14":"sale","15":"shipping-taxable","16":"purchasable","17":"product-type-simple"},"_links":{"self":[{"href":"https:\/\/chibolita.es\/index.php\/wp-json\/wp\/v2\/product\/6482","targetHints":{"allow":["GET"]}}],"collection":[{"href":"https:\/\/chibolita.es\/index.php\/wp-json\/wp\/v2\/product"}],"about":[{"href":"https:\/\/chibolita.es\/index.php\/wp-json\/wp\/v2\/types\/product"}],"replies":[{"embeddable":true,"href":"https:\/\/chibolita.es\/index.php\/wp-json\/wp\/v2\/comments?post=6482"}],"wp:featuredmedia":[{"embeddable":true,"href":"https:\/\/chibolita.es\/index.php\/wp-json\/wp\/v2\/media\/6483"}],"wp:attachment":[{"href":"https:\/\/chibolita.es\/index.php\/wp-json\/wp\/v2\/media?parent=6482"}],"wp:term":[{"taxonomy":"product_brand","embeddable":true,"href":"https:\/\/chibolita.es\/index.php\/wp-json\/wp\/v2\/product_brand?post=6482"},{"taxonomy":"product_cat","embeddable":true,"href":"https:\/\/chibolita.es\/index.php\/wp-json\/wp\/v2\/product_cat?post=6482"},{"taxonomy":"product_tag","embeddable":true,"href":"https:\/\/chibolita.es\/index.php\/wp-json\/wp\/v2\/product_tag?post=6482"}],"curies":[{"name":"wp","href":"https:\/\/api.w.org\/{rel}","templated":true}]}}