{"id":6477,"date":"2023-05-15T22:17:18","date_gmt":"2023-05-15T22:17:18","guid":{"rendered":"https:\/\/chibolita.es\/?post_type=product&#038;p=6477"},"modified":"2023-05-15T22:18:35","modified_gmt":"2023-05-15T22:18:35","slug":"lelo-estimulador-clitoris-sona-color-cereza","status":"publish","type":"product","link":"https:\/\/chibolita.es\/index.php\/product\/lelo-estimulador-clitoris-sona-color-cereza\/","title":{"rendered":"LELO ESTIMULADOR CLITORIS SONA COLOR CEREZA"},"content":{"rendered":"<p>El masajeador s\u00f3nico SONA\u2122 representa un concepto de placer absolutamente nuevo: estimula todo el cl\u00edtoris, su parte externa y su parte interna, con oleadas de pulsos consistentes, para alcanzar un tipo de orgasmo distinto a trav\u00e9s del masaje con ondas s\u00f3nicas.<\/p>\n<p>Un cl\u00edmax extendido tras una sensual excitaci\u00f3n progresiva, un orgasmo que viene de alg\u00fan sitio dentro de ti.<\/p>\n<p><strong>Caracter\u00edsticas<\/strong><\/p>\n<ul>\n<li>Completamente sumergible.<\/li>\n<li>F\u00e1cil de limpiar<\/li>\n<li>El material suave y sumergible lo hace incre\u00edblemente f\u00e1cil de limpiar.<\/li>\n<li>Recargable por USB. Con su cable de recarga por USB incluido, podr\u00e1s llevar tu SONA all\u00e1 donde vayas.<\/li>\n<li>8 modos para el placer. Una selecci\u00f3n de modos de estimulaci\u00f3n pensada para que encuentres la sensaci\u00f3n que m\u00e1s te apetezca.<\/li>\n<\/ul>\n<p><strong>C\u00f3mo se usa:<\/strong><\/p>\n<ul>\n<li>Para desbloquearlo, presiona los botones +\/- durante 3 segundos, hasta que la luz se encienda.<\/li>\n<li>Pulsa el bot\u00f3n + para encenderlo y para incrementar la intensidad de las vibraciones. Pulsa el bot\u00f3n () para probar sus 8 modos de estimulaci\u00f3n.<\/li>\n<li>Pulsa el bot\u00f3n \u2013 para reducir la intensidad de las vibraciones, y presi\u00f3nalo para apagarlo.<\/li>\n<\/ul>\n<p><strong>Especificaciones t\u00e9cnicas:\u00a0<\/strong><\/p>\n<ul>\n<li>Material: ABS y silicona<\/li>\n<li>Acabado: mate y brillante<\/li>\n<li>Tama\u00f1o: 99 x 88 x 56mm<\/li>\n<li>Peso: 116g<\/li>\n<li>Bater\u00eda: Li-Ion 530mA 3.7V<\/li>\n<li>Tiempo de carga: 2 ore a 5,0 V 100 mA<\/li>\n<li>Duraci\u00f3n: 1h<\/li>\n<li>Modos de estimulaci\u00f3n: 8<\/li>\n<li>Frecuencia: 120Hz<\/li>\n<li>M\u00e1x. nivel de ruido: &lt;50dB<\/li>\n<li>Interfaz: 3 botones<\/li>\n<li>Color: Cereza<\/li>\n<\/ul>\n","protected":false},"excerpt":{"rendered":"<p>El masajeador s\u00f3nico SONA\u2122 representa un concepto de placer absolutamente nuevo: estimula todo el cl\u00edtoris, su parte externa y su parte interna, con oleadas de pulsos consistentes, para alcanzar un tipo de orgasmo distinto a trav\u00e9s del masaje con ondas s\u00f3nicas. Un cl\u00edmax extendido tras una sensual excitaci\u00f3n progresiva, un orgasmo que viene de alg\u00fan [&hellip;]<\/p>\n","protected":false},"featured_media":6481,"comment_status":"open","ping_status":"closed","template":"","meta":{"_eb_attr":"","site-sidebar-layout":"default","site-content-layout":"default","ast-site-content-layout":"default","site-content-style":"default","site-sidebar-style":"default","ast-global-header-display":"","ast-banner-title-visibility":"","ast-main-header-display":"","ast-hfb-above-header-display":"","ast-hfb-below-header-display":"","ast-hfb-mobile-header-display":"","site-post-title":"","ast-breadcrumbs-content":"","ast-featured-img":"","footer-sml-layout":"","ast-disable-related-posts":"","theme-transparent-header-meta":"default","adv-header-id-meta":"","stick-header-meta":"","header-above-stick-meta":"","header-main-stick-meta":"","header-below-stick-meta":"","astra-migrate-meta-layouts":"default","ast-page-background-enabled":"default","ast-page-background-meta":{"desktop":{"background-color":"var(--ast-global-color-4)","background-image":"","background-repeat":"repeat","background-position":"center center","background-size":"auto","background-attachment":"scroll","background-type":"","background-media":"","overlay-type":"","overlay-color":"","overlay-opacity":"","overlay-gradient":""},"tablet":{"background-color":"","background-image":"","background-repeat":"repeat","background-position":"center center","background-size":"auto","background-attachment":"scroll","background-type":"","background-media":"","overlay-type":"","overlay-color":"","overlay-opacity":"","overlay-gradient":""},"mobile":{"background-color":"","background-image":"","background-repeat":"repeat","background-position":"center center","background-size":"auto","background-attachment":"scroll","background-type":"","background-media":"","overlay-type":"","overlay-color":"","overlay-opacity":"","overlay-gradient":""}},"ast-content-background-meta":{"desktop":{"background-color":"var(--ast-global-color-5)","background-image":"","background-repeat":"repeat","background-position":"center center","background-size":"auto","background-attachment":"scroll","background-type":"","background-media":"","overlay-type":"","overlay-color":"","overlay-opacity":"","overlay-gradient":""},"tablet":{"background-color":"var(--ast-global-color-5)","background-image":"","background-repeat":"repeat","background-position":"center center","background-size":"auto","background-attachment":"scroll","background-type":"","background-media":"","overlay-type":"","overlay-color":"","overlay-opacity":"","overlay-gradient":""},"mobile":{"background-color":"var(--ast-global-color-5)","background-image":"","background-repeat":"repeat","background-position":"center center","background-size":"auto","background-attachment":"scroll","background-type":"","background-media":"","overlay-type":"","overlay-color":"","overlay-opacity":"","overlay-gradient":""}}},"product_brand":[],"product_cat":[260,263],"product_tag":[],"class_list":{"0":"post-6477","1":"product","2":"type-product","3":"status-publish","4":"has-post-thumbnail","6":"product_cat-dildos-y-vibradores","7":"product_cat-vibradores-lay-on-clitoris","8":"desktop-align-left","9":"tablet-align-left","10":"mobile-align-left","12":"first","13":"instock","14":"sale","15":"shipping-taxable","16":"purchasable","17":"product-type-simple"},"_links":{"self":[{"href":"https:\/\/chibolita.es\/index.php\/wp-json\/wp\/v2\/product\/6477","targetHints":{"allow":["GET"]}}],"collection":[{"href":"https:\/\/chibolita.es\/index.php\/wp-json\/wp\/v2\/product"}],"about":[{"href":"https:\/\/chibolita.es\/index.php\/wp-json\/wp\/v2\/types\/product"}],"replies":[{"embeddable":true,"href":"https:\/\/chibolita.es\/index.php\/wp-json\/wp\/v2\/comments?post=6477"}],"wp:featuredmedia":[{"embeddable":true,"href":"https:\/\/chibolita.es\/index.php\/wp-json\/wp\/v2\/media\/6481"}],"wp:attachment":[{"href":"https:\/\/chibolita.es\/index.php\/wp-json\/wp\/v2\/media?parent=6477"}],"wp:term":[{"taxonomy":"product_brand","embeddable":true,"href":"https:\/\/chibolita.es\/index.php\/wp-json\/wp\/v2\/product_brand?post=6477"},{"taxonomy":"product_cat","embeddable":true,"href":"https:\/\/chibolita.es\/index.php\/wp-json\/wp\/v2\/product_cat?post=6477"},{"taxonomy":"product_tag","embeddable":true,"href":"https:\/\/chibolita.es\/index.php\/wp-json\/wp\/v2\/product_tag?post=6477"}],"curies":[{"name":"wp","href":"https:\/\/api.w.org\/{rel}","templated":true}]}}