{"id":6472,"date":"2023-05-15T22:13:21","date_gmt":"2023-05-15T22:13:21","guid":{"rendered":"https:\/\/chibolita.es\/?post_type=product&#038;p=6472"},"modified":"2023-05-15T22:14:25","modified_gmt":"2023-05-15T22:14:25","slug":"satisfyer-cutie-heart-estimulador-y-vibrador-azul","status":"publish","type":"product","link":"https:\/\/chibolita.es\/index.php\/product\/satisfyer-cutie-heart-estimulador-y-vibrador-azul\/","title":{"rendered":"SATISFYER CUTIE HEART ESTIMULADOR Y VIBRADOR &#8211; AZUL"},"content":{"rendered":"<p>\u00a1Tan adorable que podr\u00eda robarte el coraz\u00f3n! Cutie Heart, que funciona como ning\u00fan otro, es la innovaci\u00f3n m\u00e1s adorable de los vibradores con tecnolog\u00eda Air Pulse dobles. Disfruta de la combinaci\u00f3n de la tecnolog\u00eda Air Pulse con las vibraciones para una estimulaci\u00f3n m\u00e1s intensa del cl\u00edtoris.<\/p>\n<p><strong>Informaci\u00f3n del producto \u00abSatisfyer Cutie Heart\u00bb<\/strong><\/p>\n<ul>\n<li>Estimulaci\u00f3n del cl\u00edtoris mediante vibraciones y ondas de presi\u00f3n<\/li>\n<li>Fabricado con silicona m\u00e9dica s\u00faper suave e inocua para la piel y con un tacto sedoso y extremadamente higi\u00e9nico<\/li>\n<li>Gracias a su acabado impermeable (IPX7), este dispositivo de bienestar sexual se puede utilizar de forma segura en el agua y es f\u00e1cil de limpiar<\/li>\n<li>2 motores con control independiente<\/li>\n<li>11 intensidades de onda de presi\u00f3n + 12 programas de vibraci\u00f3n<\/li>\n<li>15 a\u00f1os de garant\u00eda<\/li>\n<li>Fabricado con silicona de grado m\u00e9dico supersuave, agradable para la piel, suave al tacto y extremadamente higi\u00e9nica<\/li>\n<li>Modo susurro<\/li>\n<li>Bater\u00eda recargable de iones de litio<\/li>\n<li>Gracias a su acabado impermeable (IPX7), este juguete se puede usar de forma segura en el agua, adem\u00e1s de ser f\u00e1cil de limpiar<\/li>\n<li>Cable de carga USB magn\u00e9tico incluido<\/li>\n<li>F\u00e1cil de limpiar<\/li>\n<\/ul>\n<p><strong>\u00bfQu\u00e9 otras ventajas presenta el vibrador Satisfyer Cutie Heart?<\/strong><\/p>\n<p>Este atractivo, colorido y divertido generador de placer con forma de coraz\u00f3n, ideal para las principiantes, ofrece unas experiencias m\u00e1s refinadas y cuenta con una gran cantidad de sensaciones a descubrir y disfrutar.<\/p>\n<p>Gracias a sus dos motores que se pueden controlar por separado, Cutie Heart te permitir\u00e1 descubrir sus 11 intensidades diferentes de ondas de presi\u00f3n, as\u00ed como sus 12 niveles de vibraci\u00f3n, sumando un total de 132 combinaciones placenteras diferentes.<\/p>\n<p>Cutie Heart est\u00e1 fabricado con silicona inocua para el cuerpo, es recargable e impermeable (IPX7). \u00a1Consigue el amor con tu nuevo Cutie Heart!<\/p>\n","protected":false},"excerpt":{"rendered":"<p>\u00a1Tan adorable que podr\u00eda robarte el coraz\u00f3n! Cutie Heart, que funciona como ning\u00fan otro, es la innovaci\u00f3n m\u00e1s adorable de los vibradores con tecnolog\u00eda Air Pulse dobles. Disfruta de la combinaci\u00f3n de la tecnolog\u00eda Air Pulse con las vibraciones para una estimulaci\u00f3n m\u00e1s intensa del cl\u00edtoris. Informaci\u00f3n del producto \u00abSatisfyer Cutie Heart\u00bb Estimulaci\u00f3n del cl\u00edtoris [&hellip;]<\/p>\n","protected":false},"featured_media":6476,"comment_status":"open","ping_status":"closed","template":"","meta":{"_eb_attr":"","site-sidebar-layout":"default","site-content-layout":"default","ast-site-content-layout":"default","site-content-style":"default","site-sidebar-style":"default","ast-global-header-display":"","ast-banner-title-visibility":"","ast-main-header-display":"","ast-hfb-above-header-display":"","ast-hfb-below-header-display":"","ast-hfb-mobile-header-display":"","site-post-title":"","ast-breadcrumbs-content":"","ast-featured-img":"","footer-sml-layout":"","ast-disable-related-posts":"","theme-transparent-header-meta":"default","adv-header-id-meta":"","stick-header-meta":"","header-above-stick-meta":"","header-main-stick-meta":"","header-below-stick-meta":"","astra-migrate-meta-layouts":"default","ast-page-background-enabled":"default","ast-page-background-meta":{"desktop":{"background-color":"var(--ast-global-color-4)","background-image":"","background-repeat":"repeat","background-position":"center center","background-size":"auto","background-attachment":"scroll","background-type":"","background-media":"","overlay-type":"","overlay-color":"","overlay-opacity":"","overlay-gradient":""},"tablet":{"background-color":"","background-image":"","background-repeat":"repeat","background-position":"center center","background-size":"auto","background-attachment":"scroll","background-type":"","background-media":"","overlay-type":"","overlay-color":"","overlay-opacity":"","overlay-gradient":""},"mobile":{"background-color":"","background-image":"","background-repeat":"repeat","background-position":"center center","background-size":"auto","background-attachment":"scroll","background-type":"","background-media":"","overlay-type":"","overlay-color":"","overlay-opacity":"","overlay-gradient":""}},"ast-content-background-meta":{"desktop":{"background-color":"var(--ast-global-color-5)","background-image":"","background-repeat":"repeat","background-position":"center center","background-size":"auto","background-attachment":"scroll","background-type":"","background-media":"","overlay-type":"","overlay-color":"","overlay-opacity":"","overlay-gradient":""},"tablet":{"background-color":"var(--ast-global-color-5)","background-image":"","background-repeat":"repeat","background-position":"center center","background-size":"auto","background-attachment":"scroll","background-type":"","background-media":"","overlay-type":"","overlay-color":"","overlay-opacity":"","overlay-gradient":""},"mobile":{"background-color":"var(--ast-global-color-5)","background-image":"","background-repeat":"repeat","background-position":"center center","background-size":"auto","background-attachment":"scroll","background-type":"","background-media":"","overlay-type":"","overlay-color":"","overlay-opacity":"","overlay-gradient":""}}},"product_brand":[],"product_cat":[260,263],"product_tag":[],"class_list":{"0":"post-6472","1":"product","2":"type-product","3":"status-publish","4":"has-post-thumbnail","6":"product_cat-dildos-y-vibradores","7":"product_cat-vibradores-lay-on-clitoris","8":"desktop-align-left","9":"tablet-align-left","10":"mobile-align-left","12":"first","13":"instock","14":"sale","15":"shipping-taxable","16":"purchasable","17":"product-type-simple"},"_links":{"self":[{"href":"https:\/\/chibolita.es\/index.php\/wp-json\/wp\/v2\/product\/6472","targetHints":{"allow":["GET"]}}],"collection":[{"href":"https:\/\/chibolita.es\/index.php\/wp-json\/wp\/v2\/product"}],"about":[{"href":"https:\/\/chibolita.es\/index.php\/wp-json\/wp\/v2\/types\/product"}],"replies":[{"embeddable":true,"href":"https:\/\/chibolita.es\/index.php\/wp-json\/wp\/v2\/comments?post=6472"}],"wp:featuredmedia":[{"embeddable":true,"href":"https:\/\/chibolita.es\/index.php\/wp-json\/wp\/v2\/media\/6476"}],"wp:attachment":[{"href":"https:\/\/chibolita.es\/index.php\/wp-json\/wp\/v2\/media?parent=6472"}],"wp:term":[{"taxonomy":"product_brand","embeddable":true,"href":"https:\/\/chibolita.es\/index.php\/wp-json\/wp\/v2\/product_brand?post=6472"},{"taxonomy":"product_cat","embeddable":true,"href":"https:\/\/chibolita.es\/index.php\/wp-json\/wp\/v2\/product_cat?post=6472"},{"taxonomy":"product_tag","embeddable":true,"href":"https:\/\/chibolita.es\/index.php\/wp-json\/wp\/v2\/product_tag?post=6472"}],"curies":[{"name":"wp","href":"https:\/\/api.w.org\/{rel}","templated":true}]}}