{"id":6459,"date":"2023-05-15T22:08:07","date_gmt":"2023-05-15T22:08:07","guid":{"rendered":"https:\/\/chibolita.es\/?post_type=product&#038;p=6459"},"modified":"2023-05-15T22:09:31","modified_gmt":"2023-05-15T22:09:31","slug":"rithual-shushu-new-generation-clitorial-azabache","status":"publish","type":"product","link":"https:\/\/chibolita.es\/index.php\/product\/rithual-shushu-new-generation-clitorial-azabache\/","title":{"rendered":"RITHUAL SHUSHU NEW GENERATION CLITORIAL AZABACHE"},"content":{"rendered":"<div>Orgasmos clitorianos incre\u00edbles!<\/div>\n<div><\/div>\n<div>El lanzamiento de Ritual Shushu es toda una nueva innovaci\u00f3n para la mujer.\u00a0<strong>Espectacular tecnolog\u00eda que combina vac\u00edo y pulsaciones en\u00e9rgicas que estimulan el cl\u00edtoris sin tocarlo y de forma inesperada llega los orgasmos<\/strong>. El compacto y elegante estimulador del cl\u00edtoris es de muy f\u00e1cil manejo.<\/div>\n<div><\/div>\n<div>\u00bfPor qu\u00e9 Ritual Shushu? Te damos 10 motivos exclusivos que te lanzar\u00e1n a buscar Ritual Shushu.<\/div>\n<ul>\n<li>1. Incre\u00edble Potencia<\/li>\n<li>2. Vibraci\u00f3n y succi\u00f3n en un \u00fanico juguete<\/li>\n<li>3. Tama\u00f1o compacto \u00fanico en el mercado, Perfecto para llevar a cualquier lugar, su tama\u00f1o compacto permite llevarlo en el bolso a la oficina o de viaje.<\/li>\n<li>4. Silicona que cuida de tu piel<\/li>\n<li>5. Ergon\u00f3mico, perfecto para que la mujer lo mantenga con la mano mientras succiona<\/li>\n<li>6. Orgasmo r\u00e1pido y garantizado<\/li>\n<li>7. Testeado en 20 mujeres profesionales del sector Erotico que avalan su eficacia al 100%<\/li>\n<li>8. Cabezal de silicona que estimula todos tus sentidos<\/li>\n<li>9. Color exclusivo que combina relajaci\u00f3n y lujo<\/li>\n<li>10. Precio \u00fanico en el mercado.<\/li>\n<\/ul>\n<div>Disfruta del espect\u00e1culo de la vida!! , los juguetes sexuales y la lujuria, \u00a1atenci\u00f3n!: \u00bfondas de presi\u00f3n y vibraci\u00f3n en un mismo juguete sexual? \u00a1Pues s\u00ed! El nuevo Ritual Shushu Vibraci\u00f3n har\u00e1 realidad tus sue\u00f1os m\u00e1s h\u00famedos.<\/div>\n<div><\/div>\n<div>La perfecta combinaci\u00f3n de una m\u00e1gica vibraci\u00f3n con succi\u00f3n mediante impulsos intensos que provocar\u00e1n excitantes ondas en el borde del cabezal.\u00a0 La flexible punta de silicona medica rodea tu bot\u00f3n del amor acariciando su interior sin contacto mediante 3 patrones con 4 niveles de intensidad ondas de presi\u00f3n, mientras que la parte superior vibra a su alrededor con 3 patrones y 4 niveles de intensidad con programas en un solo bot\u00f3n de f\u00e1cil uso. Pura lujuria de placer convertidos en orgasmos y gritos.<\/div>\n<div><\/div>\n<div>Para cambiar entre los modos de estimulaci\u00f3n por ondas y el de vibraci\u00f3n tan\u00a0s\u00f3lo hay que pulsar dos veces r\u00e1pidamente. \u00a1Escoge el placer de la forma que prefieras!<\/div>\n<div><\/div>\n<div>El conocimiento guardado por las milenarias dinast\u00edas practicantes de la energ\u00eda intangible ha sido revelado. La vanguardia y alta tecnolog\u00eda se unen con lo m\u00edstico para crear el amplificador de las frecuencias del placer definitivo. Deja que la energ\u00eda recorra toda tu espina dorsal desde tu cl\u00edtoris y llega al nirvana con todos tus sentidos.<\/div>\n<div><\/div>\n<div>Seg\u00fan las bases del kundalini la energ\u00eda es algo que debe fluir libre y sin impedimentos a trav\u00e9s de nuestro cuerpo. Los bloqueos energ\u00e9ticos son algo com\u00fan en nuestra vida cotidiana. En el plano sexual de la mujer esto se traduce a dificultades para alcanzar el orgasmo.<\/div>\n<div><\/div>\n<div>Por eso hemos creado Shushu, el amplificador de las frecuencias del placer definitivo. La estimulaci\u00f3n de vac\u00edo sin contacto ha sido especialmente dise\u00f1ada para liberar el chakra de la emoci\u00f3n y la sexualidad. Con esto conseguir\u00e1s orgasmos mucho m\u00e1s intensos y vibrantes, liberando todo el potencial de tu cauce energ\u00e9tico.<\/div>\n<div><\/div>\n<div>El logo est\u00e1 inspirado en el segundo chakra. Se encuentra en la zona genital y es el responsable, entre otras cosas, del placer. Es representado por el color naranja y con una forma de flor de 6 puntas.<\/div>\n<ul>\n<li>Ritual Shushu est\u00e1 equipado con bater\u00edas integradas, de modo que puede recargarse sin da\u00f1ar el medio ambiente.<\/li>\n<\/ul>\n<div>En caso necesario, el cargador magn\u00e9tico por USB incluido se le puede a\u00f1adir un enchufe de red de 5v, pero puedes cargar tu SHushu en cualquier ordenador o port\u00e1til.<\/div>\n","protected":false},"excerpt":{"rendered":"<p>Orgasmos clitorianos incre\u00edbles! El lanzamiento de Ritual Shushu es toda una nueva innovaci\u00f3n para la mujer.\u00a0Espectacular tecnolog\u00eda que combina vac\u00edo y pulsaciones en\u00e9rgicas que estimulan el cl\u00edtoris sin tocarlo y de forma inesperada llega los orgasmos. El compacto y elegante estimulador del cl\u00edtoris es de muy f\u00e1cil manejo. \u00bfPor qu\u00e9 Ritual Shushu? Te damos 10 [&hellip;]<\/p>\n","protected":false},"featured_media":6460,"comment_status":"open","ping_status":"closed","template":"","meta":{"_eb_attr":"","site-sidebar-layout":"default","site-content-layout":"default","ast-site-content-layout":"default","site-content-style":"default","site-sidebar-style":"default","ast-global-header-display":"","ast-banner-title-visibility":"","ast-main-header-display":"","ast-hfb-above-header-display":"","ast-hfb-below-header-display":"","ast-hfb-mobile-header-display":"","site-post-title":"","ast-breadcrumbs-content":"","ast-featured-img":"","footer-sml-layout":"","ast-disable-related-posts":"","theme-transparent-header-meta":"default","adv-header-id-meta":"","stick-header-meta":"","header-above-stick-meta":"","header-main-stick-meta":"","header-below-stick-meta":"","astra-migrate-meta-layouts":"default","ast-page-background-enabled":"default","ast-page-background-meta":{"desktop":{"background-color":"var(--ast-global-color-4)","background-image":"","background-repeat":"repeat","background-position":"center center","background-size":"auto","background-attachment":"scroll","background-type":"","background-media":"","overlay-type":"","overlay-color":"","overlay-opacity":"","overlay-gradient":""},"tablet":{"background-color":"","background-image":"","background-repeat":"repeat","background-position":"center center","background-size":"auto","background-attachment":"scroll","background-type":"","background-media":"","overlay-type":"","overlay-color":"","overlay-opacity":"","overlay-gradient":""},"mobile":{"background-color":"","background-image":"","background-repeat":"repeat","background-position":"center center","background-size":"auto","background-attachment":"scroll","background-type":"","background-media":"","overlay-type":"","overlay-color":"","overlay-opacity":"","overlay-gradient":""}},"ast-content-background-meta":{"desktop":{"background-color":"var(--ast-global-color-5)","background-image":"","background-repeat":"repeat","background-position":"center center","background-size":"auto","background-attachment":"scroll","background-type":"","background-media":"","overlay-type":"","overlay-color":"","overlay-opacity":"","overlay-gradient":""},"tablet":{"background-color":"var(--ast-global-color-5)","background-image":"","background-repeat":"repeat","background-position":"center center","background-size":"auto","background-attachment":"scroll","background-type":"","background-media":"","overlay-type":"","overlay-color":"","overlay-opacity":"","overlay-gradient":""},"mobile":{"background-color":"var(--ast-global-color-5)","background-image":"","background-repeat":"repeat","background-position":"center center","background-size":"auto","background-attachment":"scroll","background-type":"","background-media":"","overlay-type":"","overlay-color":"","overlay-opacity":"","overlay-gradient":""}}},"product_brand":[],"product_cat":[260,263],"product_tag":[],"class_list":{"0":"post-6459","1":"product","2":"type-product","3":"status-publish","4":"has-post-thumbnail","6":"product_cat-dildos-y-vibradores","7":"product_cat-vibradores-lay-on-clitoris","8":"desktop-align-left","9":"tablet-align-left","10":"mobile-align-left","12":"first","13":"instock","14":"shipping-taxable","15":"purchasable","16":"product-type-simple"},"_links":{"self":[{"href":"https:\/\/chibolita.es\/index.php\/wp-json\/wp\/v2\/product\/6459","targetHints":{"allow":["GET"]}}],"collection":[{"href":"https:\/\/chibolita.es\/index.php\/wp-json\/wp\/v2\/product"}],"about":[{"href":"https:\/\/chibolita.es\/index.php\/wp-json\/wp\/v2\/types\/product"}],"replies":[{"embeddable":true,"href":"https:\/\/chibolita.es\/index.php\/wp-json\/wp\/v2\/comments?post=6459"}],"wp:featuredmedia":[{"embeddable":true,"href":"https:\/\/chibolita.es\/index.php\/wp-json\/wp\/v2\/media\/6460"}],"wp:attachment":[{"href":"https:\/\/chibolita.es\/index.php\/wp-json\/wp\/v2\/media?parent=6459"}],"wp:term":[{"taxonomy":"product_brand","embeddable":true,"href":"https:\/\/chibolita.es\/index.php\/wp-json\/wp\/v2\/product_brand?post=6459"},{"taxonomy":"product_cat","embeddable":true,"href":"https:\/\/chibolita.es\/index.php\/wp-json\/wp\/v2\/product_cat?post=6459"},{"taxonomy":"product_tag","embeddable":true,"href":"https:\/\/chibolita.es\/index.php\/wp-json\/wp\/v2\/product_tag?post=6459"}],"curies":[{"name":"wp","href":"https:\/\/api.w.org\/{rel}","templated":true}]}}