{"id":6441,"date":"2023-05-15T21:41:23","date_gmt":"2023-05-15T21:41:23","guid":{"rendered":"https:\/\/chibolita.es\/?post_type=product&#038;p=6441"},"modified":"2024-02-10T17:11:18","modified_gmt":"2024-02-10T17:11:18","slug":"big-boy-golden-xxl-capsulas-aumento-del-pene-45-caps","status":"publish","type":"product","link":"https:\/\/chibolita.es\/index.php\/product\/big-boy-golden-xxl-capsulas-aumento-del-pene-45-caps\/","title":{"rendered":"BIG BOY GOLDEN XXL CAPSULAS AUMENTO DEL PENE 45 CAPS"},"content":{"rendered":"<p>Big Boy Golden XXL es la mejor alternativa para el pene peque\u00f1o.<\/p>\n<p>Esta exclusiva formula ha sido desarrollada a partir de extractos naturales, incluyendo polvo de hoja de ginkgo biloba y panax ginseng. El ginkgo biloba aumenta el flujo sangu\u00edneo hacia el pene, lo que refuerza la erecci\u00f3n. El ginkgo biloba se usa muy a menudo para tratar la impotencia.<\/p>\n<p>Una imprtante causa de la impotencias es la disminuci\u00f3n del flujo sangu\u00edneo, y una pobre circulaci\u00f3n de sangre en el pene.<\/p>\n<p>El panax ginseng favorece la erecci\u00f3n, con lo que aumenta la satisfacci\u00f3n sexual, el deseo, la l\u00edbido y el rendimiento sexual. Tanto el ginkgo biloba como el panax ginseng will be tienen funci\u00f3n reforzante, cuando el ginkgo biloba y el panax ginseng se usan en correcta combinaci\u00f3n. Por este motivo estas c\u00e1psulas son tan efectivas.<\/p>\n<p>La cafe\u00edna aumenta el estado de alerta, mejora la concentraci\u00f3n e incrementa la energ\u00eda, por lo que refuerza el rendimiento f\u00edsico. La combinaci\u00f3n de vitaminas, incluyendo vitamina C, B2 y B3 ayuda al cuerpo a convertir los nutrientes en energ\u00eda, refrozando la energ\u00eda y aumentando la resistencia.<\/p>\n<p>La equilibrada combinaci\u00f3n de ingredientes refuerza la erecci\u00f3n, el deseo sexual, la libido y el rendimiento sexual.<\/p>\n<p>Evita cirug\u00eda y date un pene m\u00e1s grande r\u00e1pido.<\/p>\n<p>Las tabletas ayudan a que la circulaci\u00f3n en tus genitals funcione mejor y que hace que tu pene cresca a lo largo y a lo ancho.<\/p>\n<p>\u00a1Tu pareja se entusiasmar\u00e1 del resultado!<\/p>\n<p>* Este producto contiene una etiqueta con instrucciones facilitadas en los siguientes idiomas: \/en\/de\/fr\/es\/it\/nl\/<\/p>\n","protected":false},"excerpt":{"rendered":"<p>Big Boy Golden XXL es la mejor alternativa para el pene peque\u00f1o. Esta exclusiva formula ha sido desarrollada a partir de extractos naturales, incluyendo polvo de hoja de ginkgo biloba y panax ginseng. El ginkgo biloba aumenta el flujo sangu\u00edneo hacia el pene, lo que refuerza la erecci\u00f3n. El ginkgo biloba se usa muy a [&hellip;]<\/p>\n","protected":false},"featured_media":6442,"comment_status":"open","ping_status":"closed","template":"","meta":{"_eb_attr":"","site-sidebar-layout":"default","site-content-layout":"default","ast-site-content-layout":"default","site-content-style":"default","site-sidebar-style":"default","ast-global-header-display":"","ast-banner-title-visibility":"","ast-main-header-display":"","ast-hfb-above-header-display":"","ast-hfb-below-header-display":"","ast-hfb-mobile-header-display":"","site-post-title":"","ast-breadcrumbs-content":"","ast-featured-img":"","footer-sml-layout":"","ast-disable-related-posts":"","theme-transparent-header-meta":"default","adv-header-id-meta":"","stick-header-meta":"","header-above-stick-meta":"","header-main-stick-meta":"","header-below-stick-meta":"","astra-migrate-meta-layouts":"default","ast-page-background-enabled":"default","ast-page-background-meta":{"desktop":{"background-color":"var(--ast-global-color-4)","background-image":"","background-repeat":"repeat","background-position":"center center","background-size":"auto","background-attachment":"scroll","background-type":"","background-media":"","overlay-type":"","overlay-color":"","overlay-opacity":"","overlay-gradient":""},"tablet":{"background-color":"","background-image":"","background-repeat":"repeat","background-position":"center center","background-size":"auto","background-attachment":"scroll","background-type":"","background-media":"","overlay-type":"","overlay-color":"","overlay-opacity":"","overlay-gradient":""},"mobile":{"background-color":"","background-image":"","background-repeat":"repeat","background-position":"center center","background-size":"auto","background-attachment":"scroll","background-type":"","background-media":"","overlay-type":"","overlay-color":"","overlay-opacity":"","overlay-gradient":""}},"ast-content-background-meta":{"desktop":{"background-color":"var(--ast-global-color-5)","background-image":"","background-repeat":"repeat","background-position":"center center","background-size":"auto","background-attachment":"scroll","background-type":"","background-media":"","overlay-type":"","overlay-color":"","overlay-opacity":"","overlay-gradient":""},"tablet":{"background-color":"var(--ast-global-color-5)","background-image":"","background-repeat":"repeat","background-position":"center center","background-size":"auto","background-attachment":"scroll","background-type":"","background-media":"","overlay-type":"","overlay-color":"","overlay-opacity":"","overlay-gradient":""},"mobile":{"background-color":"var(--ast-global-color-5)","background-image":"","background-repeat":"repeat","background-position":"center center","background-size":"auto","background-attachment":"scroll","background-type":"","background-media":"","overlay-type":"","overlay-color":"","overlay-opacity":"","overlay-gradient":""}}},"product_brand":[],"product_cat":[243,230,244,238,255],"product_tag":[],"class_list":{"0":"post-6441","1":"product","2":"type-product","3":"status-publish","4":"has-post-thumbnail","6":"product_cat-aumento-del-pene","7":"product_cat-farmacia","8":"product_cat-pastillas-para-agrandar-el-pene","9":"product_cat-todos-los-afrodisiacos-para-hombres","10":"product_cat-vida-sexual-saludable","11":"desktop-align-left","12":"tablet-align-left","13":"mobile-align-left","15":"first","16":"instock","17":"sale","18":"shipping-taxable","19":"purchasable","20":"product-type-simple"},"_links":{"self":[{"href":"https:\/\/chibolita.es\/index.php\/wp-json\/wp\/v2\/product\/6441","targetHints":{"allow":["GET"]}}],"collection":[{"href":"https:\/\/chibolita.es\/index.php\/wp-json\/wp\/v2\/product"}],"about":[{"href":"https:\/\/chibolita.es\/index.php\/wp-json\/wp\/v2\/types\/product"}],"replies":[{"embeddable":true,"href":"https:\/\/chibolita.es\/index.php\/wp-json\/wp\/v2\/comments?post=6441"}],"wp:featuredmedia":[{"embeddable":true,"href":"https:\/\/chibolita.es\/index.php\/wp-json\/wp\/v2\/media\/6442"}],"wp:attachment":[{"href":"https:\/\/chibolita.es\/index.php\/wp-json\/wp\/v2\/media?parent=6441"}],"wp:term":[{"taxonomy":"product_brand","embeddable":true,"href":"https:\/\/chibolita.es\/index.php\/wp-json\/wp\/v2\/product_brand?post=6441"},{"taxonomy":"product_cat","embeddable":true,"href":"https:\/\/chibolita.es\/index.php\/wp-json\/wp\/v2\/product_cat?post=6441"},{"taxonomy":"product_tag","embeddable":true,"href":"https:\/\/chibolita.es\/index.php\/wp-json\/wp\/v2\/product_tag?post=6441"}],"curies":[{"name":"wp","href":"https:\/\/api.w.org\/{rel}","templated":true}]}}