{"id":6435,"date":"2023-05-15T21:31:25","date_gmt":"2023-05-15T21:31:25","guid":{"rendered":"https:\/\/chibolita.es\/?post_type=product&#038;p=6435"},"modified":"2024-02-10T17:11:18","modified_gmt":"2024-02-10T17:11:18","slug":"penis-60-capsulas-aumento-pene","status":"publish","type":"product","link":"https:\/\/chibolita.es\/index.php\/product\/penis-60-capsulas-aumento-pene\/","title":{"rendered":"PENIS 60 CAPSULAS AUMENTO PENE"},"content":{"rendered":"<p>Uno de los ingredientes activos de las tabletas es el Tribulus Terrestris. Esta sustancia juega un papel muy importante en la producci\u00f3n de la Hormona Luteinizante o LH.<\/p>\n<p>La LH estimula la producci\u00f3n de testosterona en los test\u00edculos del hombre. Unos niveles m\u00e1s altos de testosterona fortalecen el cuerpo, la energ\u00eda y la libido. Todo ello ayuda a conseguir la erecci\u00f3n y mantenerla firmemente.<\/p>\n<p>El Ginseng Siberiano ayuda a regular la producci\u00f3n de hormonas sexuales y mejora el deseo sexual aumentando la libido.<\/p>\n<p>La L-arginina es un amino\u00e1cido que relaja los m\u00fasculos y favorece el flujo sanguineo a los genitales masculinos.<\/p>\n<p>La Muira Puam\u00a0mejora la circulaci\u00f3n sangu\u00ednea y, en consecuencia, hace que el flujo sangu\u00edneo hacia los \u00f3rganos sexuales masculinos y el pene sea mucho mejor. El pene mejorar\u00e1 su tama\u00f1o gracias a la \u00f3ptima estimulaci\u00f3n del flujo sangu\u00edneo.<\/p>\n<p>El Sabal es una hierba conocida por sus efectos positivos sobre el funcionamiento de la pr\u00f3stata y la energ\u00eda sexual. El Calcio es esencial para el buen funcionamiento de nervios y m\u00fasculos.<\/p>\n<p>Para los \u00f3rganos sexuales y la actividad hormonal debido a Tribulus terrestris. Contribuye al funcionamiento normal de los m\u00fasculos y \u00a0contribuye al metabolismo energ\u00e9tico normal debido a calcio.<\/p>\n<ul>\n<li>Bote de 60 capsulas<\/li>\n<\/ul>\n<p>Ingredientes por 2 tabletas: 400 mg Ginseng Siberiano (Eleutherococcus senticosus), 210 mg calcio (carbonato c\u00e1lcico) (26% CDR*), 200 mg L-arginina, agente de carga: E460, 150 mg Muira puama (Ptychopetalum olacoides), 100 mg Sabal (Serenoa repens), 100 mg Tribulus terrestris, agente espesante: E466, agente antiapelmazante: E570, agentes de recubrimiento: Hidroxipropilmetilcelulosa, (emulsionante: Triacet\u00edn), cera de Carna\u00faba, agentes antiapelmazantes: E551, E572.*CDR = Cantidad Diaria Recomendada.<\/p>\n<p>Este producto ha sido registro en la Conserjeria de Salud\u00a0 y Bienestar Social de la Junta de Andalucia, con el registro sanitario numero<a title=\"Call via PCCommunicator\">\u00a026.0013522<\/a>\/SE (International Dreamlove S.l.)\u00a0 y entrada 623\/33782, sometido al plan de trabilidad que marca la Agencia Espa\u00f1ola de Seguridad Alimentaria en materia de complementos alimenticios.<\/p>\n<p>* Este producto contiene una etiqueta con instrucciones facilitadas en los siguientes idiomas: \/en\/de\/fr\/es\/it\/nl\/<\/p>\n","protected":false},"excerpt":{"rendered":"<p>Uno de los ingredientes activos de las tabletas es el Tribulus Terrestris. Esta sustancia juega un papel muy importante en la producci\u00f3n de la Hormona Luteinizante o LH. La LH estimula la producci\u00f3n de testosterona en los test\u00edculos del hombre. Unos niveles m\u00e1s altos de testosterona fortalecen el cuerpo, la energ\u00eda y la libido. Todo [&hellip;]<\/p>\n","protected":false},"featured_media":6436,"comment_status":"open","ping_status":"closed","template":"","meta":{"_eb_attr":"","site-sidebar-layout":"default","site-content-layout":"default","ast-site-content-layout":"default","site-content-style":"default","site-sidebar-style":"default","ast-global-header-display":"","ast-banner-title-visibility":"","ast-main-header-display":"","ast-hfb-above-header-display":"","ast-hfb-below-header-display":"","ast-hfb-mobile-header-display":"","site-post-title":"","ast-breadcrumbs-content":"","ast-featured-img":"","footer-sml-layout":"","ast-disable-related-posts":"","theme-transparent-header-meta":"default","adv-header-id-meta":"","stick-header-meta":"","header-above-stick-meta":"","header-main-stick-meta":"","header-below-stick-meta":"","astra-migrate-meta-layouts":"default","ast-page-background-enabled":"default","ast-page-background-meta":{"desktop":{"background-color":"var(--ast-global-color-4)","background-image":"","background-repeat":"repeat","background-position":"center center","background-size":"auto","background-attachment":"scroll","background-type":"","background-media":"","overlay-type":"","overlay-color":"","overlay-opacity":"","overlay-gradient":""},"tablet":{"background-color":"","background-image":"","background-repeat":"repeat","background-position":"center center","background-size":"auto","background-attachment":"scroll","background-type":"","background-media":"","overlay-type":"","overlay-color":"","overlay-opacity":"","overlay-gradient":""},"mobile":{"background-color":"","background-image":"","background-repeat":"repeat","background-position":"center center","background-size":"auto","background-attachment":"scroll","background-type":"","background-media":"","overlay-type":"","overlay-color":"","overlay-opacity":"","overlay-gradient":""}},"ast-content-background-meta":{"desktop":{"background-color":"var(--ast-global-color-5)","background-image":"","background-repeat":"repeat","background-position":"center center","background-size":"auto","background-attachment":"scroll","background-type":"","background-media":"","overlay-type":"","overlay-color":"","overlay-opacity":"","overlay-gradient":""},"tablet":{"background-color":"var(--ast-global-color-5)","background-image":"","background-repeat":"repeat","background-position":"center center","background-size":"auto","background-attachment":"scroll","background-type":"","background-media":"","overlay-type":"","overlay-color":"","overlay-opacity":"","overlay-gradient":""},"mobile":{"background-color":"var(--ast-global-color-5)","background-image":"","background-repeat":"repeat","background-position":"center center","background-size":"auto","background-attachment":"scroll","background-type":"","background-media":"","overlay-type":"","overlay-color":"","overlay-opacity":"","overlay-gradient":""}}},"product_brand":[],"product_cat":[243,230,244,238,255],"product_tag":[],"class_list":{"0":"post-6435","1":"product","2":"type-product","3":"status-publish","4":"has-post-thumbnail","6":"product_cat-aumento-del-pene","7":"product_cat-farmacia","8":"product_cat-pastillas-para-agrandar-el-pene","9":"product_cat-todos-los-afrodisiacos-para-hombres","10":"product_cat-vida-sexual-saludable","11":"desktop-align-left","12":"tablet-align-left","13":"mobile-align-left","15":"first","16":"instock","17":"shipping-taxable","18":"purchasable","19":"product-type-simple"},"_links":{"self":[{"href":"https:\/\/chibolita.es\/index.php\/wp-json\/wp\/v2\/product\/6435","targetHints":{"allow":["GET"]}}],"collection":[{"href":"https:\/\/chibolita.es\/index.php\/wp-json\/wp\/v2\/product"}],"about":[{"href":"https:\/\/chibolita.es\/index.php\/wp-json\/wp\/v2\/types\/product"}],"replies":[{"embeddable":true,"href":"https:\/\/chibolita.es\/index.php\/wp-json\/wp\/v2\/comments?post=6435"}],"wp:featuredmedia":[{"embeddable":true,"href":"https:\/\/chibolita.es\/index.php\/wp-json\/wp\/v2\/media\/6436"}],"wp:attachment":[{"href":"https:\/\/chibolita.es\/index.php\/wp-json\/wp\/v2\/media?parent=6435"}],"wp:term":[{"taxonomy":"product_brand","embeddable":true,"href":"https:\/\/chibolita.es\/index.php\/wp-json\/wp\/v2\/product_brand?post=6435"},{"taxonomy":"product_cat","embeddable":true,"href":"https:\/\/chibolita.es\/index.php\/wp-json\/wp\/v2\/product_cat?post=6435"},{"taxonomy":"product_tag","embeddable":true,"href":"https:\/\/chibolita.es\/index.php\/wp-json\/wp\/v2\/product_tag?post=6435"}],"curies":[{"name":"wp","href":"https:\/\/api.w.org\/{rel}","templated":true}]}}