{"id":6429,"date":"2023-05-15T21:23:57","date_gmt":"2023-05-15T21:23:57","guid":{"rendered":"https:\/\/chibolita.es\/?post_type=product&#038;p=6429"},"modified":"2024-02-10T17:11:19","modified_gmt":"2024-02-10T17:11:19","slug":"penis-erect-aumento-de-pene-90-capsulas","status":"publish","type":"product","link":"https:\/\/chibolita.es\/index.php\/product\/penis-erect-aumento-de-pene-90-capsulas\/","title":{"rendered":"PENIS + ERECT AUMENTO DE PENE 90 CAPSULAS"},"content":{"rendered":"<p>Penis + Erect refuerza la salud f\u00edsica del hombre y aumenta su fortaleza sexual para mejorar el rendimiento sexual, gracias a ingredientes como Tribulus Terrestris. Estos comprimidos equilibrados refuerzan los \u00f3rganos sexuales y la actividad hormonal. Si\u00e9ntete vital con Penis + Erect y experimenta m\u00e1s poder sexual.<\/p>\n<ul>\n<li>Refuerza la salud f\u00edsica del hombre para aumentar la fortaleza sexual<\/li>\n<li>Tribulus Terrestris refuerza los \u00f3rganos sexuales y la actividad hormonal *<\/li>\n<li>El calcio contribuye a normalizar el metabolismo energ\u00e9tico<\/li>\n<li>El calcio contribuye a normalizar el funcionamiento del sistema muscular<\/li>\n<\/ul>\n<p><strong>Informaci\u00f3n adicional<\/strong><\/p>\n<p>Es un preparado a base de hierbas, minerales y amino\u00e1cidos. Un suplemento alimenticio no debe utilizarse como sustituto de una dieta variada y equilibrada y un estilo de vida saludable. Mantener fuera del alcance de los ni\u00f1os. Almacenar en un lugar seco a temperatura ambiente.<\/p>\n<p><strong>Contenido<\/strong><\/p>\n<p>90 c\u00e1psulas<\/p>\n<p><strong>C\u00f3mo funciona<\/strong><\/p>\n<p>Los comprimidos refuerzan la salud f\u00edsica y el rendimiento sexual del hombre gracias a los ingredientes naturales como el Tribulus Terrestris, Saw Palmetto, Siberian Ginseng y Muira Puama. La planta Tribulus Terrestris crece principalmente en regiones c\u00e1lidas y tropicales de todo el mundo. Tribulus Terrestris se ha utilizado durante a\u00f1os en Asia y Bulgaria para diversos aspectos. Tribulus Terrestris refuerza los niveles saludables de testosterona y ayuda a regular la concentraci\u00f3n de esta hormona. La testosterona juega un papel importante en el apetito sexual y puede aumentar la libido. El ginseng siberiano fortalece el sistema inmunol\u00f3gico y contribuye a generar m\u00e1s energ\u00eda y resistencia. Muira Puama se ha utilizado durante a\u00f1os en varios pa\u00edses del mundo como estimulante sexual. En diversos estudios, se ha demostrado que el uso de Muira Puama aumenta la frecuencia del deseo, las relaciones y las fantas\u00edas sexuales. Tambi\u00e9n se ha demostrado m\u00e1s satisfacci\u00f3n con la vida sexual, la intensidad del deseo, las fantas\u00edas, la capacidad de alcanzar el orgasmo y su intensidad. Saw palmetto es una hierba que tiene un efecto positivo en el funcionamiento de la pr\u00f3stata. El calcio es importante para el mantenimiento de la funci\u00f3n normal de los m\u00fasculos y los nervios.<\/p>\n<p><strong>Ingredientes<\/strong><\/p>\n<p>Ingredientes por 2 tabletas: 400 mg Ginseng siberiano (Eleutherococcus senticosus), 300 mg Tribulus terrestris, agente de carga: E460, 200 mg L-Arginina**, 150 mg Muira puama (Ptychopetalum olacoides), 136 mg Calcio (carbonato de calcio) (17% IR*), antiaglomerante: E570, 100 mg Serenoa repens, agente decarga: E466, agentes de recubrimiento:hidroxipropilmetilcelulosa, agente de revestimiento: hidroxipropilmetilcelulosa, antiaglomerantes: E551, E470b. *IR = Ingestas de referencia. **IR no establecido.<\/p>\n<p><strong>Uso<\/strong><\/p>\n<p>Toma 2 tabletas una vez al d\u00eda con bastante agua. No tome m\u00e1s de 2 tabletas en 24 horas. No exceda la dosis diaria recomendada.<\/p>\n<p>* Este producto contiene una etiqueta con instrucciones facilitadas en los siguientes idiomas: \/en\/de\/fr\/es\/it\/nl\/<\/p>\n","protected":false},"excerpt":{"rendered":"<p>Penis + Erect refuerza la salud f\u00edsica del hombre y aumenta su fortaleza sexual para mejorar el rendimiento sexual, gracias a ingredientes como Tribulus Terrestris. Estos comprimidos equilibrados refuerzan los \u00f3rganos sexuales y la actividad hormonal. Si\u00e9ntete vital con Penis + Erect y experimenta m\u00e1s poder sexual. Refuerza la salud f\u00edsica del hombre para aumentar [&hellip;]<\/p>\n","protected":false},"featured_media":6430,"comment_status":"open","ping_status":"closed","template":"","meta":{"_eb_attr":"","site-sidebar-layout":"default","site-content-layout":"default","ast-site-content-layout":"default","site-content-style":"default","site-sidebar-style":"default","ast-global-header-display":"","ast-banner-title-visibility":"","ast-main-header-display":"","ast-hfb-above-header-display":"","ast-hfb-below-header-display":"","ast-hfb-mobile-header-display":"","site-post-title":"","ast-breadcrumbs-content":"","ast-featured-img":"","footer-sml-layout":"","ast-disable-related-posts":"","theme-transparent-header-meta":"default","adv-header-id-meta":"","stick-header-meta":"","header-above-stick-meta":"","header-main-stick-meta":"","header-below-stick-meta":"","astra-migrate-meta-layouts":"default","ast-page-background-enabled":"default","ast-page-background-meta":{"desktop":{"background-color":"var(--ast-global-color-4)","background-image":"","background-repeat":"repeat","background-position":"center center","background-size":"auto","background-attachment":"scroll","background-type":"","background-media":"","overlay-type":"","overlay-color":"","overlay-opacity":"","overlay-gradient":""},"tablet":{"background-color":"","background-image":"","background-repeat":"repeat","background-position":"center center","background-size":"auto","background-attachment":"scroll","background-type":"","background-media":"","overlay-type":"","overlay-color":"","overlay-opacity":"","overlay-gradient":""},"mobile":{"background-color":"","background-image":"","background-repeat":"repeat","background-position":"center center","background-size":"auto","background-attachment":"scroll","background-type":"","background-media":"","overlay-type":"","overlay-color":"","overlay-opacity":"","overlay-gradient":""}},"ast-content-background-meta":{"desktop":{"background-color":"var(--ast-global-color-5)","background-image":"","background-repeat":"repeat","background-position":"center center","background-size":"auto","background-attachment":"scroll","background-type":"","background-media":"","overlay-type":"","overlay-color":"","overlay-opacity":"","overlay-gradient":""},"tablet":{"background-color":"var(--ast-global-color-5)","background-image":"","background-repeat":"repeat","background-position":"center center","background-size":"auto","background-attachment":"scroll","background-type":"","background-media":"","overlay-type":"","overlay-color":"","overlay-opacity":"","overlay-gradient":""},"mobile":{"background-color":"var(--ast-global-color-5)","background-image":"","background-repeat":"repeat","background-position":"center center","background-size":"auto","background-attachment":"scroll","background-type":"","background-media":"","overlay-type":"","overlay-color":"","overlay-opacity":"","overlay-gradient":""}}},"product_brand":[],"product_cat":[243,230,244,238,255],"product_tag":[],"class_list":{"0":"post-6429","1":"product","2":"type-product","3":"status-publish","4":"has-post-thumbnail","6":"product_cat-aumento-del-pene","7":"product_cat-farmacia","8":"product_cat-pastillas-para-agrandar-el-pene","9":"product_cat-todos-los-afrodisiacos-para-hombres","10":"product_cat-vida-sexual-saludable","11":"desktop-align-left","12":"tablet-align-left","13":"mobile-align-left","15":"first","16":"instock","17":"sale","18":"shipping-taxable","19":"purchasable","20":"product-type-simple"},"_links":{"self":[{"href":"https:\/\/chibolita.es\/index.php\/wp-json\/wp\/v2\/product\/6429","targetHints":{"allow":["GET"]}}],"collection":[{"href":"https:\/\/chibolita.es\/index.php\/wp-json\/wp\/v2\/product"}],"about":[{"href":"https:\/\/chibolita.es\/index.php\/wp-json\/wp\/v2\/types\/product"}],"replies":[{"embeddable":true,"href":"https:\/\/chibolita.es\/index.php\/wp-json\/wp\/v2\/comments?post=6429"}],"wp:featuredmedia":[{"embeddable":true,"href":"https:\/\/chibolita.es\/index.php\/wp-json\/wp\/v2\/media\/6430"}],"wp:attachment":[{"href":"https:\/\/chibolita.es\/index.php\/wp-json\/wp\/v2\/media?parent=6429"}],"wp:term":[{"taxonomy":"product_brand","embeddable":true,"href":"https:\/\/chibolita.es\/index.php\/wp-json\/wp\/v2\/product_brand?post=6429"},{"taxonomy":"product_cat","embeddable":true,"href":"https:\/\/chibolita.es\/index.php\/wp-json\/wp\/v2\/product_cat?post=6429"},{"taxonomy":"product_tag","embeddable":true,"href":"https:\/\/chibolita.es\/index.php\/wp-json\/wp\/v2\/product_tag?post=6429"}],"curies":[{"name":"wp","href":"https:\/\/api.w.org\/{rel}","templated":true}]}}