{"id":6423,"date":"2023-05-15T13:24:58","date_gmt":"2023-05-15T13:24:58","guid":{"rendered":"https:\/\/chibolita.es\/?post_type=product&#038;p=6423"},"modified":"2024-02-10T17:11:19","modified_gmt":"2024-02-10T17:11:19","slug":"sperm-flood-60-caps","status":"publish","type":"product","link":"https:\/\/chibolita.es\/index.php\/product\/sperm-flood-60-caps\/","title":{"rendered":"Sperm Flood 60 caps"},"content":{"rendered":"<p>Para los hombres que desean tener una eyaculaci\u00f3n abundante en cada orgasmo. Los ingredientes naturales de \u00abDiluvio de Esperma\u00bb estimulan la producci\u00f3n y calidad del esperma.<\/p>\n<p>Ingredientes por 2 tabletas:<\/p>\n<p>Maca (100 mg), Extracto de guaran\u00e1 (100 mg), Extracto de nuez de cola (100 mg), Muira Puama (100 mg), L-Taurina (50 mg), Monometionato de zinc (83,4 mg, 100% IDR*), Ginkgo Biloba (40 mg), L-arginina (20 mg), vitamina B3 (18 mg, 100% IDR*), E572, E460, E341, E551, E464, E171, E570, E132.<\/p>\n<p>Modo de uso:<\/p>\n<p>Tomar 2 tabletas al d\u00eda, con abundante agua. Tomar con el est\u00f3mago vac\u00edo.<\/p>\n<p>60 tabletas.<\/p>\n<p>*IDR: Ingesta Diaria Recomendada.<\/p>\n","protected":false},"excerpt":{"rendered":"<p>Para los hombres que desean tener una eyaculaci\u00f3n abundante en cada orgasmo. Los ingredientes naturales de \u00abDiluvio de Esperma\u00bb estimulan la producci\u00f3n y calidad del esperma. Ingredientes por 2 tabletas: Maca (100 mg), Extracto de guaran\u00e1 (100 mg), Extracto de nuez de cola (100 mg), Muira Puama (100 mg), L-Taurina (50 mg), Monometionato de zinc [&hellip;]<\/p>\n","protected":false},"featured_media":6424,"comment_status":"open","ping_status":"closed","template":"","meta":{"_eb_attr":"","site-sidebar-layout":"default","site-content-layout":"default","ast-site-content-layout":"default","site-content-style":"default","site-sidebar-style":"default","ast-global-header-display":"","ast-banner-title-visibility":"","ast-main-header-display":"","ast-hfb-above-header-display":"","ast-hfb-below-header-display":"","ast-hfb-mobile-header-display":"","site-post-title":"","ast-breadcrumbs-content":"","ast-featured-img":"","footer-sml-layout":"","ast-disable-related-posts":"","theme-transparent-header-meta":"default","adv-header-id-meta":"","stick-header-meta":"","header-above-stick-meta":"","header-main-stick-meta":"","header-below-stick-meta":"","astra-migrate-meta-layouts":"default","ast-page-background-enabled":"default","ast-page-background-meta":{"desktop":{"background-color":"var(--ast-global-color-4)","background-image":"","background-repeat":"repeat","background-position":"center center","background-size":"auto","background-attachment":"scroll","background-type":"","background-media":"","overlay-type":"","overlay-color":"","overlay-opacity":"","overlay-gradient":""},"tablet":{"background-color":"","background-image":"","background-repeat":"repeat","background-position":"center center","background-size":"auto","background-attachment":"scroll","background-type":"","background-media":"","overlay-type":"","overlay-color":"","overlay-opacity":"","overlay-gradient":""},"mobile":{"background-color":"","background-image":"","background-repeat":"repeat","background-position":"center center","background-size":"auto","background-attachment":"scroll","background-type":"","background-media":"","overlay-type":"","overlay-color":"","overlay-opacity":"","overlay-gradient":""}},"ast-content-background-meta":{"desktop":{"background-color":"var(--ast-global-color-5)","background-image":"","background-repeat":"repeat","background-position":"center center","background-size":"auto","background-attachment":"scroll","background-type":"","background-media":"","overlay-type":"","overlay-color":"","overlay-opacity":"","overlay-gradient":""},"tablet":{"background-color":"var(--ast-global-color-5)","background-image":"","background-repeat":"repeat","background-position":"center center","background-size":"auto","background-attachment":"scroll","background-type":"","background-media":"","overlay-type":"","overlay-color":"","overlay-opacity":"","overlay-gradient":""},"mobile":{"background-color":"var(--ast-global-color-5)","background-image":"","background-repeat":"repeat","background-position":"center center","background-size":"auto","background-attachment":"scroll","background-type":"","background-media":"","overlay-type":"","overlay-color":"","overlay-opacity":"","overlay-gradient":""}}},"product_brand":[],"product_cat":[235,230],"product_tag":[],"class_list":{"0":"post-6423","1":"product","2":"type-product","3":"status-publish","4":"has-post-thumbnail","6":"product_cat-aumentador-volumen-semen","7":"product_cat-farmacia","8":"desktop-align-left","9":"tablet-align-left","10":"mobile-align-left","12":"first","13":"instock","14":"shipping-taxable","15":"purchasable","16":"product-type-simple"},"_links":{"self":[{"href":"https:\/\/chibolita.es\/index.php\/wp-json\/wp\/v2\/product\/6423","targetHints":{"allow":["GET"]}}],"collection":[{"href":"https:\/\/chibolita.es\/index.php\/wp-json\/wp\/v2\/product"}],"about":[{"href":"https:\/\/chibolita.es\/index.php\/wp-json\/wp\/v2\/types\/product"}],"replies":[{"embeddable":true,"href":"https:\/\/chibolita.es\/index.php\/wp-json\/wp\/v2\/comments?post=6423"}],"wp:featuredmedia":[{"embeddable":true,"href":"https:\/\/chibolita.es\/index.php\/wp-json\/wp\/v2\/media\/6424"}],"wp:attachment":[{"href":"https:\/\/chibolita.es\/index.php\/wp-json\/wp\/v2\/media?parent=6423"}],"wp:term":[{"taxonomy":"product_brand","embeddable":true,"href":"https:\/\/chibolita.es\/index.php\/wp-json\/wp\/v2\/product_brand?post=6423"},{"taxonomy":"product_cat","embeddable":true,"href":"https:\/\/chibolita.es\/index.php\/wp-json\/wp\/v2\/product_cat?post=6423"},{"taxonomy":"product_tag","embeddable":true,"href":"https:\/\/chibolita.es\/index.php\/wp-json\/wp\/v2\/product_tag?post=6423"}],"curies":[{"name":"wp","href":"https:\/\/api.w.org\/{rel}","templated":true}]}}