{"id":6415,"date":"2023-05-15T13:09:49","date_gmt":"2023-05-15T13:09:49","guid":{"rendered":"https:\/\/chibolita.es\/?post_type=product&#038;p=6415"},"modified":"2024-02-10T17:11:19","modified_gmt":"2024-02-10T17:11:19","slug":"xpower-penis-size-caps-mejora-de-la-ereccion-60-cap","status":"publish","type":"product","link":"https:\/\/chibolita.es\/index.php\/product\/xpower-penis-size-caps-mejora-de-la-ereccion-60-cap\/","title":{"rendered":"XPOWER PENIS SIZE CAPS MEJORA DE LA ERECCI\u00d3N 60 CAP"},"content":{"rendered":"<p>Penis Size Caps de la gama XPOWER es un complemento alimenticio basado en ingredientes naturales para mejorar las erecciones.<\/p>\n<p>Penis Size Caps de XPower\u00a0le ayuda a aumentar el tama\u00f1o y el volumen del pene. De hecho, su f\u00f3rmula que contiene lovage, pimienta negra, boswellia y melilot refuerza el poder sexual y ayuda a mejorar el flujo sangu\u00edneo, especialmente en el pene. Por lo tanto, gracias a las tapas del tama\u00f1o del pene se incrementa el tama\u00f1o del pene.<\/p>\n<ul>\n<li>Mejora la erecci\u00f3n y aumenta el tama\u00f1o del pene<\/li>\n<li>60 c\u00e1psulas vegetales<\/li>\n<\/ul>\n<p>Resumen:<\/p>\n<ul>\n<li>Penis Size Caps ayuda no solo a aumentar el tama\u00f1o del pene, sino tambi\u00e9n a fortalecer la virilidad y el rendimiento sexual y el deseo.<\/li>\n<li>Se basan en los siguientes ingredientes naturales:<\/li>\n<li>El ginseng ayuda a mejorar la erecci\u00f3n.<\/li>\n<li>Lovage ayuda a fortalecer el poder sexual.<\/li>\n<\/ul>\n<p>Modo de empleo:<\/p>\n<ul>\n<li>2 por d\u00eda con un vaso grande de agua.<\/li>\n<\/ul>\n<p>Complemento alimenticio, no puede sustituir a una dieta variada y equilibrada. Para ser tomado como parte de un estilo de vida saludable. Mantener fuera del alcance de los ni\u00f1os. No exceda la dosis diaria recomendada. Reservado exclusivamente para hombres adultos. No debe ser tomado por mujeres, ni\u00f1os o adolescentes. No se recomienda para la terapia antihipertensiva o agentes antidiab\u00e9ticos. Almacenar en un lugar seco y oscuro.<\/p>\n","protected":false},"excerpt":{"rendered":"<p>Penis Size Caps de la gama XPOWER es un complemento alimenticio basado en ingredientes naturales para mejorar las erecciones. Penis Size Caps de XPower\u00a0le ayuda a aumentar el tama\u00f1o y el volumen del pene. De hecho, su f\u00f3rmula que contiene lovage, pimienta negra, boswellia y melilot refuerza el poder sexual y ayuda a mejorar el [&hellip;]<\/p>\n","protected":false},"featured_media":6416,"comment_status":"open","ping_status":"closed","template":"","meta":{"_eb_attr":"","site-sidebar-layout":"default","site-content-layout":"default","ast-site-content-layout":"default","site-content-style":"default","site-sidebar-style":"default","ast-global-header-display":"","ast-banner-title-visibility":"","ast-main-header-display":"","ast-hfb-above-header-display":"","ast-hfb-below-header-display":"","ast-hfb-mobile-header-display":"","site-post-title":"","ast-breadcrumbs-content":"","ast-featured-img":"","footer-sml-layout":"","ast-disable-related-posts":"","theme-transparent-header-meta":"default","adv-header-id-meta":"","stick-header-meta":"","header-above-stick-meta":"","header-main-stick-meta":"","header-below-stick-meta":"","astra-migrate-meta-layouts":"default","ast-page-background-enabled":"default","ast-page-background-meta":{"desktop":{"background-color":"var(--ast-global-color-4)","background-image":"","background-repeat":"repeat","background-position":"center center","background-size":"auto","background-attachment":"scroll","background-type":"","background-media":"","overlay-type":"","overlay-color":"","overlay-opacity":"","overlay-gradient":""},"tablet":{"background-color":"","background-image":"","background-repeat":"repeat","background-position":"center center","background-size":"auto","background-attachment":"scroll","background-type":"","background-media":"","overlay-type":"","overlay-color":"","overlay-opacity":"","overlay-gradient":""},"mobile":{"background-color":"","background-image":"","background-repeat":"repeat","background-position":"center center","background-size":"auto","background-attachment":"scroll","background-type":"","background-media":"","overlay-type":"","overlay-color":"","overlay-opacity":"","overlay-gradient":""}},"ast-content-background-meta":{"desktop":{"background-color":"var(--ast-global-color-5)","background-image":"","background-repeat":"repeat","background-position":"center center","background-size":"auto","background-attachment":"scroll","background-type":"","background-media":"","overlay-type":"","overlay-color":"","overlay-opacity":"","overlay-gradient":""},"tablet":{"background-color":"var(--ast-global-color-5)","background-image":"","background-repeat":"repeat","background-position":"center center","background-size":"auto","background-attachment":"scroll","background-type":"","background-media":"","overlay-type":"","overlay-color":"","overlay-opacity":"","overlay-gradient":""},"mobile":{"background-color":"var(--ast-global-color-5)","background-image":"","background-repeat":"repeat","background-position":"center center","background-size":"auto","background-attachment":"scroll","background-type":"","background-media":"","overlay-type":"","overlay-color":"","overlay-opacity":"","overlay-gradient":""}}},"product_brand":[],"product_cat":[243,230,244,238,255],"product_tag":[],"class_list":{"0":"post-6415","1":"product","2":"type-product","3":"status-publish","4":"has-post-thumbnail","6":"product_cat-aumento-del-pene","7":"product_cat-farmacia","8":"product_cat-pastillas-para-agrandar-el-pene","9":"product_cat-todos-los-afrodisiacos-para-hombres","10":"product_cat-vida-sexual-saludable","11":"desktop-align-left","12":"tablet-align-left","13":"mobile-align-left","15":"first","16":"instock","17":"shipping-taxable","18":"purchasable","19":"product-type-simple"},"_links":{"self":[{"href":"https:\/\/chibolita.es\/index.php\/wp-json\/wp\/v2\/product\/6415","targetHints":{"allow":["GET"]}}],"collection":[{"href":"https:\/\/chibolita.es\/index.php\/wp-json\/wp\/v2\/product"}],"about":[{"href":"https:\/\/chibolita.es\/index.php\/wp-json\/wp\/v2\/types\/product"}],"replies":[{"embeddable":true,"href":"https:\/\/chibolita.es\/index.php\/wp-json\/wp\/v2\/comments?post=6415"}],"wp:featuredmedia":[{"embeddable":true,"href":"https:\/\/chibolita.es\/index.php\/wp-json\/wp\/v2\/media\/6416"}],"wp:attachment":[{"href":"https:\/\/chibolita.es\/index.php\/wp-json\/wp\/v2\/media?parent=6415"}],"wp:term":[{"taxonomy":"product_brand","embeddable":true,"href":"https:\/\/chibolita.es\/index.php\/wp-json\/wp\/v2\/product_brand?post=6415"},{"taxonomy":"product_cat","embeddable":true,"href":"https:\/\/chibolita.es\/index.php\/wp-json\/wp\/v2\/product_cat?post=6415"},{"taxonomy":"product_tag","embeddable":true,"href":"https:\/\/chibolita.es\/index.php\/wp-json\/wp\/v2\/product_tag?post=6415"}],"curies":[{"name":"wp","href":"https:\/\/api.w.org\/{rel}","templated":true}]}}