{"id":6397,"date":"2023-05-15T06:24:55","date_gmt":"2023-05-15T06:24:55","guid":{"rendered":"https:\/\/chibolita.es\/?post_type=product&#038;p=6397"},"modified":"2023-05-15T06:26:20","modified_gmt":"2023-05-15T06:26:20","slug":"boners-crema-potenciadora-para-pene-xxl-100-ml","status":"publish","type":"product","link":"https:\/\/chibolita.es\/index.php\/product\/boners-crema-potenciadora-para-pene-xxl-100-ml\/","title":{"rendered":"BONERS CREMA POTENCIADORA PARA PENE XXL 100 ML"},"content":{"rendered":"<p>Ten un placer extra con la crema Boners Penis XXL. Esta crema nutritiva para el pene suaviza el tejido de la piel y estimula el flujo sangu\u00edneo. \u00a1Har\u00e1 que tengas m\u00e1s volumen y te permitir\u00e1 disfrutar un cl\u00edmax intenso!<\/p>\n<p>Modo de uso: Aplica un poco de crema en el pene y masajea adecuadamente. Repite este proceso diariamente para obtener un mejor resultado. Antes de usar, comprueba que no te da reacci\u00f3n al\u00e9rgica aplicando un poco de crema en el brazo. Deja de usarla inmediatamente si se produce irritaci\u00f3n, enrojecimiento o picaz\u00f3n.<\/p>\n<p>Caracter\u00edsticas:<\/p>\n<ul>\n<li>100 ml<\/li>\n<li>Estimula el flujo sangu\u00edneo<\/li>\n<li>Suaviza el tejido de la piel<\/li>\n<li>Aumento de pene<\/li>\n<li>Ingredientes: aguamarina, glicerina, triglic\u00e9rido capr\u00edlico \/ c\u00e1prico, acrilato de sodio \/ acrilodimetiltaurato \/ pol\u00edmero cruzado de dimetilacrilamida, extracto de aesculus hippocastanum, alcohol, dimeticona, isohexadecano, extracto de ra\u00edz de lepidium meyenii, parfum, extracto de fruta de paulinia cupana, extracto de etilcoaxa, polisorcilato de etilo, polisorcilato de etilo, polisorcilato de metilo , fenoxietanol, CI 16185<\/li>\n<\/ul>\n","protected":false},"excerpt":{"rendered":"<p>Ten un placer extra con la crema Boners Penis XXL. Esta crema nutritiva para el pene suaviza el tejido de la piel y estimula el flujo sangu\u00edneo. \u00a1Har\u00e1 que tengas m\u00e1s volumen y te permitir\u00e1 disfrutar un cl\u00edmax intenso! Modo de uso: Aplica un poco de crema en el pene y masajea adecuadamente. Repite este [&hellip;]<\/p>\n","protected":false},"featured_media":6399,"comment_status":"open","ping_status":"closed","template":"","meta":{"_eb_attr":"","site-sidebar-layout":"default","site-content-layout":"default","ast-site-content-layout":"default","site-content-style":"default","site-sidebar-style":"default","ast-global-header-display":"","ast-banner-title-visibility":"","ast-main-header-display":"","ast-hfb-above-header-display":"","ast-hfb-below-header-display":"","ast-hfb-mobile-header-display":"","site-post-title":"","ast-breadcrumbs-content":"","ast-featured-img":"","footer-sml-layout":"","ast-disable-related-posts":"","theme-transparent-header-meta":"default","adv-header-id-meta":"","stick-header-meta":"","header-above-stick-meta":"","header-main-stick-meta":"","header-below-stick-meta":"","astra-migrate-meta-layouts":"default","ast-page-background-enabled":"default","ast-page-background-meta":{"desktop":{"background-color":"var(--ast-global-color-4)","background-image":"","background-repeat":"repeat","background-position":"center center","background-size":"auto","background-attachment":"scroll","background-type":"","background-media":"","overlay-type":"","overlay-color":"","overlay-opacity":"","overlay-gradient":""},"tablet":{"background-color":"","background-image":"","background-repeat":"repeat","background-position":"center center","background-size":"auto","background-attachment":"scroll","background-type":"","background-media":"","overlay-type":"","overlay-color":"","overlay-opacity":"","overlay-gradient":""},"mobile":{"background-color":"","background-image":"","background-repeat":"repeat","background-position":"center center","background-size":"auto","background-attachment":"scroll","background-type":"","background-media":"","overlay-type":"","overlay-color":"","overlay-opacity":"","overlay-gradient":""}},"ast-content-background-meta":{"desktop":{"background-color":"var(--ast-global-color-5)","background-image":"","background-repeat":"repeat","background-position":"center center","background-size":"auto","background-attachment":"scroll","background-type":"","background-media":"","overlay-type":"","overlay-color":"","overlay-opacity":"","overlay-gradient":""},"tablet":{"background-color":"var(--ast-global-color-5)","background-image":"","background-repeat":"repeat","background-position":"center center","background-size":"auto","background-attachment":"scroll","background-type":"","background-media":"","overlay-type":"","overlay-color":"","overlay-opacity":"","overlay-gradient":""},"mobile":{"background-color":"var(--ast-global-color-5)","background-image":"","background-repeat":"repeat","background-position":"center center","background-size":"auto","background-attachment":"scroll","background-type":"","background-media":"","overlay-type":"","overlay-color":"","overlay-opacity":"","overlay-gradient":""}}},"product_brand":[],"product_cat":[243,259],"product_tag":[],"class_list":{"0":"post-6397","1":"product","2":"type-product","3":"status-publish","4":"has-post-thumbnail","6":"product_cat-aumento-del-pene","7":"product_cat-cremas-para-el-pene","8":"desktop-align-left","9":"tablet-align-left","10":"mobile-align-left","12":"first","13":"instock","14":"shipping-taxable","15":"purchasable","16":"product-type-simple"},"_links":{"self":[{"href":"https:\/\/chibolita.es\/index.php\/wp-json\/wp\/v2\/product\/6397","targetHints":{"allow":["GET"]}}],"collection":[{"href":"https:\/\/chibolita.es\/index.php\/wp-json\/wp\/v2\/product"}],"about":[{"href":"https:\/\/chibolita.es\/index.php\/wp-json\/wp\/v2\/types\/product"}],"replies":[{"embeddable":true,"href":"https:\/\/chibolita.es\/index.php\/wp-json\/wp\/v2\/comments?post=6397"}],"wp:featuredmedia":[{"embeddable":true,"href":"https:\/\/chibolita.es\/index.php\/wp-json\/wp\/v2\/media\/6399"}],"wp:attachment":[{"href":"https:\/\/chibolita.es\/index.php\/wp-json\/wp\/v2\/media?parent=6397"}],"wp:term":[{"taxonomy":"product_brand","embeddable":true,"href":"https:\/\/chibolita.es\/index.php\/wp-json\/wp\/v2\/product_brand?post=6397"},{"taxonomy":"product_cat","embeddable":true,"href":"https:\/\/chibolita.es\/index.php\/wp-json\/wp\/v2\/product_cat?post=6397"},{"taxonomy":"product_tag","embeddable":true,"href":"https:\/\/chibolita.es\/index.php\/wp-json\/wp\/v2\/product_tag?post=6397"}],"curies":[{"name":"wp","href":"https:\/\/api.w.org\/{rel}","templated":true}]}}