{"id":6385,"date":"2023-05-15T06:10:56","date_gmt":"2023-05-15T06:10:56","guid":{"rendered":"https:\/\/chibolita.es\/?post_type=product&#038;p=6385"},"modified":"2024-02-10T17:11:19","modified_gmt":"2024-02-10T17:11:19","slug":"shiatsu-crema-vigorizante-xxl","status":"publish","type":"product","link":"https:\/\/chibolita.es\/index.php\/product\/shiatsu-crema-vigorizante-xxl\/","title":{"rendered":"SHIATSU CREMA VIGORIZANTE XXL"},"content":{"rendered":"<p>Debido a la acci\u00f3n profunda y \u00fanica de esta crema, el pene puede volverse m\u00e1s grueso y m\u00e1s grande con un uso regular.<\/p>\n<p>Promueve la circulaci\u00f3n sangu\u00ednea y favorece la erecci\u00f3n.<\/p>\n<ul>\n<li>Olor: Dulce oriental<\/li>\n<li>Ingredientes: AQUA (AGUA), GLICERINA, POLIISOBUTENO HIDROGENADO, OLIVATO CETEARILO, OLIVATO SORBITANO, ACEITE DE SEMILLA DE MACADAMIA TERNIFOLIA, ALCOHOL BENC\u00cdLICO, MALTODEXTRINA, CRISPUS CHONDRUS (CARRAGEENANO), HIDRATO DE LOBINAZA, GANFANCIA DE GANFANCIA, GANFAGANZA DE GANFANCIA EXTRACTO, ACEITE DE HOJA DE MENTHA ARVENSIS (MENTA SALVAJE), GLUCOSA, \u00c1CIDO S\u00d3RBICO, HIDR\u00d3XIDO DE SODIO, EXTRACTO DE RA\u00cdZ DE PANAX GINSENG, LIMONENO, \u00c1CIDO L\u00c1CTICO, LINALOOL, FENOXIEHANOL, POTASIO SORBATO DE SORBATO, BENOXIETANOL, POTASIO SORBATO DE SORBATO DE ALODIO<\/li>\n<\/ul>\n","protected":false},"excerpt":{"rendered":"<p>Debido a la acci\u00f3n profunda y \u00fanica de esta crema, el pene puede volverse m\u00e1s grueso y m\u00e1s grande con un uso regular. Promueve la circulaci\u00f3n sangu\u00ednea y favorece la erecci\u00f3n. Olor: Dulce oriental Ingredientes: AQUA (AGUA), GLICERINA, POLIISOBUTENO HIDROGENADO, OLIVATO CETEARILO, OLIVATO SORBITANO, ACEITE DE SEMILLA DE MACADAMIA TERNIFOLIA, ALCOHOL BENC\u00cdLICO, MALTODEXTRINA, CRISPUS CHONDRUS [&hellip;]<\/p>\n","protected":false},"featured_media":6386,"comment_status":"open","ping_status":"closed","template":"","meta":{"_eb_attr":"","site-sidebar-layout":"default","site-content-layout":"default","ast-site-content-layout":"default","site-content-style":"default","site-sidebar-style":"default","ast-global-header-display":"","ast-banner-title-visibility":"","ast-main-header-display":"","ast-hfb-above-header-display":"","ast-hfb-below-header-display":"","ast-hfb-mobile-header-display":"","site-post-title":"","ast-breadcrumbs-content":"","ast-featured-img":"","footer-sml-layout":"","ast-disable-related-posts":"","theme-transparent-header-meta":"default","adv-header-id-meta":"","stick-header-meta":"","header-above-stick-meta":"","header-main-stick-meta":"","header-below-stick-meta":"","astra-migrate-meta-layouts":"default","ast-page-background-enabled":"default","ast-page-background-meta":{"desktop":{"background-color":"var(--ast-global-color-4)","background-image":"","background-repeat":"repeat","background-position":"center center","background-size":"auto","background-attachment":"scroll","background-type":"","background-media":"","overlay-type":"","overlay-color":"","overlay-opacity":"","overlay-gradient":""},"tablet":{"background-color":"","background-image":"","background-repeat":"repeat","background-position":"center center","background-size":"auto","background-attachment":"scroll","background-type":"","background-media":"","overlay-type":"","overlay-color":"","overlay-opacity":"","overlay-gradient":""},"mobile":{"background-color":"","background-image":"","background-repeat":"repeat","background-position":"center center","background-size":"auto","background-attachment":"scroll","background-type":"","background-media":"","overlay-type":"","overlay-color":"","overlay-opacity":"","overlay-gradient":""}},"ast-content-background-meta":{"desktop":{"background-color":"var(--ast-global-color-5)","background-image":"","background-repeat":"repeat","background-position":"center center","background-size":"auto","background-attachment":"scroll","background-type":"","background-media":"","overlay-type":"","overlay-color":"","overlay-opacity":"","overlay-gradient":""},"tablet":{"background-color":"var(--ast-global-color-5)","background-image":"","background-repeat":"repeat","background-position":"center center","background-size":"auto","background-attachment":"scroll","background-type":"","background-media":"","overlay-type":"","overlay-color":"","overlay-opacity":"","overlay-gradient":""},"mobile":{"background-color":"var(--ast-global-color-5)","background-image":"","background-repeat":"repeat","background-position":"center center","background-size":"auto","background-attachment":"scroll","background-type":"","background-media":"","overlay-type":"","overlay-color":"","overlay-opacity":"","overlay-gradient":""}}},"product_brand":[],"product_cat":[243,259,230,238,255],"product_tag":[],"class_list":{"0":"post-6385","1":"product","2":"type-product","3":"status-publish","4":"has-post-thumbnail","6":"product_cat-aumento-del-pene","7":"product_cat-cremas-para-el-pene","8":"product_cat-farmacia","9":"product_cat-todos-los-afrodisiacos-para-hombres","10":"product_cat-vida-sexual-saludable","11":"desktop-align-left","12":"tablet-align-left","13":"mobile-align-left","15":"first","16":"instock","17":"shipping-taxable","18":"purchasable","19":"product-type-simple"},"_links":{"self":[{"href":"https:\/\/chibolita.es\/index.php\/wp-json\/wp\/v2\/product\/6385","targetHints":{"allow":["GET"]}}],"collection":[{"href":"https:\/\/chibolita.es\/index.php\/wp-json\/wp\/v2\/product"}],"about":[{"href":"https:\/\/chibolita.es\/index.php\/wp-json\/wp\/v2\/types\/product"}],"replies":[{"embeddable":true,"href":"https:\/\/chibolita.es\/index.php\/wp-json\/wp\/v2\/comments?post=6385"}],"wp:featuredmedia":[{"embeddable":true,"href":"https:\/\/chibolita.es\/index.php\/wp-json\/wp\/v2\/media\/6386"}],"wp:attachment":[{"href":"https:\/\/chibolita.es\/index.php\/wp-json\/wp\/v2\/media?parent=6385"}],"wp:term":[{"taxonomy":"product_brand","embeddable":true,"href":"https:\/\/chibolita.es\/index.php\/wp-json\/wp\/v2\/product_brand?post=6385"},{"taxonomy":"product_cat","embeddable":true,"href":"https:\/\/chibolita.es\/index.php\/wp-json\/wp\/v2\/product_cat?post=6385"},{"taxonomy":"product_tag","embeddable":true,"href":"https:\/\/chibolita.es\/index.php\/wp-json\/wp\/v2\/product_tag?post=6385"}],"curies":[{"name":"wp","href":"https:\/\/api.w.org\/{rel}","templated":true}]}}