{"id":6326,"date":"2023-05-14T17:36:49","date_gmt":"2023-05-14T17:36:49","guid":{"rendered":"https:\/\/chibolita.es\/?post_type=product&#038;p=6326"},"modified":"2024-02-10T17:11:20","modified_gmt":"2024-02-10T17:11:20","slug":"eropharm-taurix-crema-vogorizante-extra-fuerte-40ml","status":"publish","type":"product","link":"https:\/\/chibolita.es\/index.php\/product\/eropharm-taurix-crema-vogorizante-extra-fuerte-40ml\/","title":{"rendered":"EROPHARM TAURIX CREMA VOGORIZANTE EXTRA FUERTE 40ML"},"content":{"rendered":"<p>Una nueva crema para la virilidad masculina.<\/p>\n<ul>\n<li>Su composici\u00f3n natural compuesto con taurina y aut\u00e9ntico extracto de test\u00edculo de toro. Sus valiosas sustancias activas y protectoras, abastecen y vitalizan la zona genital de forma \u00f3ptima.<\/li>\n<li>Los efectos regeneradores de esta crema para la virilidad masculina son reforzados por su composici\u00f3n de poderosos vasodilatadores que act\u00faan de forma eficaz para la erecci\u00f3n del pene.<\/li>\n<\/ul>\n<p>Aplicando un suave masaje en la zona genital y en unos minutos notara sus efectos dotando al pene de mejor erecci\u00f3n y m\u00e1s fuerza.<\/p>\n<ul>\n<li>Puede utilizarlo con preservativo.<\/li>\n<\/ul>\n<p>Dermatol\u00f3gica y cl\u00ednicamente testado<\/p>\n<p>Envase de 40 ml.<\/p>\n","protected":false},"excerpt":{"rendered":"<p>Una nueva crema para la virilidad masculina. Su composici\u00f3n natural compuesto con taurina y aut\u00e9ntico extracto de test\u00edculo de toro. Sus valiosas sustancias activas y protectoras, abastecen y vitalizan la zona genital de forma \u00f3ptima. Los efectos regeneradores de esta crema para la virilidad masculina son reforzados por su composici\u00f3n de poderosos vasodilatadores que act\u00faan [&hellip;]<\/p>\n","protected":false},"featured_media":6327,"comment_status":"open","ping_status":"closed","template":"","meta":{"_eb_attr":"","site-sidebar-layout":"default","site-content-layout":"default","ast-site-content-layout":"default","site-content-style":"default","site-sidebar-style":"default","ast-global-header-display":"","ast-banner-title-visibility":"","ast-main-header-display":"","ast-hfb-above-header-display":"","ast-hfb-below-header-display":"","ast-hfb-mobile-header-display":"","site-post-title":"","ast-breadcrumbs-content":"","ast-featured-img":"","footer-sml-layout":"","ast-disable-related-posts":"","theme-transparent-header-meta":"default","adv-header-id-meta":"","stick-header-meta":"","header-above-stick-meta":"","header-main-stick-meta":"","header-below-stick-meta":"","astra-migrate-meta-layouts":"default","ast-page-background-enabled":"default","ast-page-background-meta":{"desktop":{"background-color":"var(--ast-global-color-4)","background-image":"","background-repeat":"repeat","background-position":"center center","background-size":"auto","background-attachment":"scroll","background-type":"","background-media":"","overlay-type":"","overlay-color":"","overlay-opacity":"","overlay-gradient":""},"tablet":{"background-color":"","background-image":"","background-repeat":"repeat","background-position":"center center","background-size":"auto","background-attachment":"scroll","background-type":"","background-media":"","overlay-type":"","overlay-color":"","overlay-opacity":"","overlay-gradient":""},"mobile":{"background-color":"","background-image":"","background-repeat":"repeat","background-position":"center center","background-size":"auto","background-attachment":"scroll","background-type":"","background-media":"","overlay-type":"","overlay-color":"","overlay-opacity":"","overlay-gradient":""}},"ast-content-background-meta":{"desktop":{"background-color":"var(--ast-global-color-5)","background-image":"","background-repeat":"repeat","background-position":"center center","background-size":"auto","background-attachment":"scroll","background-type":"","background-media":"","overlay-type":"","overlay-color":"","overlay-opacity":"","overlay-gradient":""},"tablet":{"background-color":"var(--ast-global-color-5)","background-image":"","background-repeat":"repeat","background-position":"center center","background-size":"auto","background-attachment":"scroll","background-type":"","background-media":"","overlay-type":"","overlay-color":"","overlay-opacity":"","overlay-gradient":""},"mobile":{"background-color":"var(--ast-global-color-5)","background-image":"","background-repeat":"repeat","background-position":"center center","background-size":"auto","background-attachment":"scroll","background-type":"","background-media":"","overlay-type":"","overlay-color":"","overlay-opacity":"","overlay-gradient":""}}},"product_brand":[],"product_cat":[243,259,230,238,255],"product_tag":[],"class_list":{"0":"post-6326","1":"product","2":"type-product","3":"status-publish","4":"has-post-thumbnail","6":"product_cat-aumento-del-pene","7":"product_cat-cremas-para-el-pene","8":"product_cat-farmacia","9":"product_cat-todos-los-afrodisiacos-para-hombres","10":"product_cat-vida-sexual-saludable","11":"desktop-align-left","12":"tablet-align-left","13":"mobile-align-left","15":"first","16":"instock","17":"shipping-taxable","18":"purchasable","19":"product-type-simple"},"_links":{"self":[{"href":"https:\/\/chibolita.es\/index.php\/wp-json\/wp\/v2\/product\/6326","targetHints":{"allow":["GET"]}}],"collection":[{"href":"https:\/\/chibolita.es\/index.php\/wp-json\/wp\/v2\/product"}],"about":[{"href":"https:\/\/chibolita.es\/index.php\/wp-json\/wp\/v2\/types\/product"}],"replies":[{"embeddable":true,"href":"https:\/\/chibolita.es\/index.php\/wp-json\/wp\/v2\/comments?post=6326"}],"wp:featuredmedia":[{"embeddable":true,"href":"https:\/\/chibolita.es\/index.php\/wp-json\/wp\/v2\/media\/6327"}],"wp:attachment":[{"href":"https:\/\/chibolita.es\/index.php\/wp-json\/wp\/v2\/media?parent=6326"}],"wp:term":[{"taxonomy":"product_brand","embeddable":true,"href":"https:\/\/chibolita.es\/index.php\/wp-json\/wp\/v2\/product_brand?post=6326"},{"taxonomy":"product_cat","embeddable":true,"href":"https:\/\/chibolita.es\/index.php\/wp-json\/wp\/v2\/product_cat?post=6326"},{"taxonomy":"product_tag","embeddable":true,"href":"https:\/\/chibolita.es\/index.php\/wp-json\/wp\/v2\/product_tag?post=6326"}],"curies":[{"name":"wp","href":"https:\/\/api.w.org\/{rel}","templated":true}]}}