{"id":6262,"date":"2023-05-14T17:04:38","date_gmt":"2023-05-14T17:04:38","guid":{"rendered":"https:\/\/chibolita.es\/?post_type=product&#038;p=6262"},"modified":"2023-05-14T17:05:22","modified_gmt":"2023-05-14T17:05:22","slug":"super-large-xxl-crema-voluminizadora-pene-75-ml","status":"publish","type":"product","link":"https:\/\/chibolita.es\/index.php\/product\/super-large-xxl-crema-voluminizadora-pene-75-ml\/","title":{"rendered":"SUPER LARGE XXL CREMA VOLUMINIZADORA PENE 75 ML"},"content":{"rendered":"<p>Super Large es una crema voluminizadora para el pene, con ingredientes activos revolucionarios con altas propiedades el\u00e1sticas.<\/p>\n<p>Aplicado\u00a0regularmente en el pene aumenta su volumen. Producto completamente natural, combina la acci\u00f3n ejercida por los dedos durante el masaje con la de las sustancias activas con efecto dermo tensor. Esta crema le dar\u00e1\u00a0una apariencia insuperable y con el tiempo podr\u00e0 encontrar el tama\u00f1o maximo.<\/p>\n<p>Super Large, gracias a su f\u00f3rmula revolucionaria, vigoriza el pene ya a las primeras aplicaciones aumenta el tama\u00f1o y la firmeza dandole m\u00e1s elasticidad a la piel. Esta innovadora crema, gracias a la ayuda del masaje, penetra profundamente garantizando una acci\u00f3n vigorizante potente y duradera.<\/p>\n<ul>\n<li>Efecto voluminizador<\/li>\n<li>Acci\u00f3n vigorizante<\/li>\n<li>Con extractos naturales<\/li>\n<li>Propiedades elastizantes<\/li>\n<li>75 ml<\/li>\n<\/ul>\n","protected":false},"excerpt":{"rendered":"<p>Super Large es una crema voluminizadora para el pene, con ingredientes activos revolucionarios con altas propiedades el\u00e1sticas. Aplicado\u00a0regularmente en el pene aumenta su volumen. Producto completamente natural, combina la acci\u00f3n ejercida por los dedos durante el masaje con la de las sustancias activas con efecto dermo tensor. Esta crema le dar\u00e1\u00a0una apariencia insuperable y con [&hellip;]<\/p>\n","protected":false},"featured_media":6263,"comment_status":"open","ping_status":"closed","template":"","meta":{"_eb_attr":"","site-sidebar-layout":"default","site-content-layout":"default","ast-site-content-layout":"default","site-content-style":"default","site-sidebar-style":"default","ast-global-header-display":"","ast-banner-title-visibility":"","ast-main-header-display":"","ast-hfb-above-header-display":"","ast-hfb-below-header-display":"","ast-hfb-mobile-header-display":"","site-post-title":"","ast-breadcrumbs-content":"","ast-featured-img":"","footer-sml-layout":"","ast-disable-related-posts":"","theme-transparent-header-meta":"default","adv-header-id-meta":"","stick-header-meta":"","header-above-stick-meta":"","header-main-stick-meta":"","header-below-stick-meta":"","astra-migrate-meta-layouts":"default","ast-page-background-enabled":"default","ast-page-background-meta":{"desktop":{"background-color":"var(--ast-global-color-4)","background-image":"","background-repeat":"repeat","background-position":"center center","background-size":"auto","background-attachment":"scroll","background-type":"","background-media":"","overlay-type":"","overlay-color":"","overlay-opacity":"","overlay-gradient":""},"tablet":{"background-color":"","background-image":"","background-repeat":"repeat","background-position":"center center","background-size":"auto","background-attachment":"scroll","background-type":"","background-media":"","overlay-type":"","overlay-color":"","overlay-opacity":"","overlay-gradient":""},"mobile":{"background-color":"","background-image":"","background-repeat":"repeat","background-position":"center center","background-size":"auto","background-attachment":"scroll","background-type":"","background-media":"","overlay-type":"","overlay-color":"","overlay-opacity":"","overlay-gradient":""}},"ast-content-background-meta":{"desktop":{"background-color":"var(--ast-global-color-5)","background-image":"","background-repeat":"repeat","background-position":"center center","background-size":"auto","background-attachment":"scroll","background-type":"","background-media":"","overlay-type":"","overlay-color":"","overlay-opacity":"","overlay-gradient":""},"tablet":{"background-color":"var(--ast-global-color-5)","background-image":"","background-repeat":"repeat","background-position":"center center","background-size":"auto","background-attachment":"scroll","background-type":"","background-media":"","overlay-type":"","overlay-color":"","overlay-opacity":"","overlay-gradient":""},"mobile":{"background-color":"var(--ast-global-color-5)","background-image":"","background-repeat":"repeat","background-position":"center center","background-size":"auto","background-attachment":"scroll","background-type":"","background-media":"","overlay-type":"","overlay-color":"","overlay-opacity":"","overlay-gradient":""}}},"product_brand":[],"product_cat":[243,259],"product_tag":[],"class_list":{"0":"post-6262","1":"product","2":"type-product","3":"status-publish","4":"has-post-thumbnail","6":"product_cat-aumento-del-pene","7":"product_cat-cremas-para-el-pene","8":"desktop-align-left","9":"tablet-align-left","10":"mobile-align-left","12":"first","13":"instock","14":"shipping-taxable","15":"purchasable","16":"product-type-simple"},"_links":{"self":[{"href":"https:\/\/chibolita.es\/index.php\/wp-json\/wp\/v2\/product\/6262","targetHints":{"allow":["GET"]}}],"collection":[{"href":"https:\/\/chibolita.es\/index.php\/wp-json\/wp\/v2\/product"}],"about":[{"href":"https:\/\/chibolita.es\/index.php\/wp-json\/wp\/v2\/types\/product"}],"replies":[{"embeddable":true,"href":"https:\/\/chibolita.es\/index.php\/wp-json\/wp\/v2\/comments?post=6262"}],"wp:featuredmedia":[{"embeddable":true,"href":"https:\/\/chibolita.es\/index.php\/wp-json\/wp\/v2\/media\/6263"}],"wp:attachment":[{"href":"https:\/\/chibolita.es\/index.php\/wp-json\/wp\/v2\/media?parent=6262"}],"wp:term":[{"taxonomy":"product_brand","embeddable":true,"href":"https:\/\/chibolita.es\/index.php\/wp-json\/wp\/v2\/product_brand?post=6262"},{"taxonomy":"product_cat","embeddable":true,"href":"https:\/\/chibolita.es\/index.php\/wp-json\/wp\/v2\/product_cat?post=6262"},{"taxonomy":"product_tag","embeddable":true,"href":"https:\/\/chibolita.es\/index.php\/wp-json\/wp\/v2\/product_tag?post=6262"}],"curies":[{"name":"wp","href":"https:\/\/api.w.org\/{rel}","templated":true}]}}