{"id":6257,"date":"2023-05-14T17:01:32","date_gmt":"2023-05-14T17:01:32","guid":{"rendered":"https:\/\/chibolita.es\/?post_type=product&#038;p=6257"},"modified":"2026-04-14T07:57:11","modified_gmt":"2026-04-14T07:57:11","slug":"provia-potenciador-para-hombres-30-capsulas-en-de-fr-es-it-nl","status":"publish","type":"product","link":"https:\/\/chibolita.es\/index.php\/product\/provia-potenciador-para-hombres-30-capsulas-en-de-fr-es-it-nl\/","title":{"rendered":"PROVIA POTENCIADOR PARA HOMBRES 30 CAPSULAS \/en\/de\/fr\/es\/it\/nl\/"},"content":{"rendered":"<p>Provia es un complemento alimenticio que refuerza el nivel energ\u00e9tico tanto f\u00edsico como mental, gracias a los ingredientes Vitaminas B1, B6, B8, B12 y Magnesio. Este complemento alimenticio mejora el bienestar general del hombre. Provia refuerza el organismo para aumentar la potencia sexual del hombre.<\/p>\n<ul>\n<li>M\u00e1s potencia sexual para el hombre<\/li>\n<li>La vitamina B refuerza la energ\u00eda mental<\/li>\n<li>El magnesio y la vitamina B refuerzan los niveles energ\u00e9ticos<\/li>\n<li>La vitamina B disminuye la fatiga<\/li>\n<\/ul>\n<p><strong>Informaci\u00f3n adicional<\/strong><\/p>\n<p>Es un suplemento alimenticio a base de vitaminas y magnesio. Un suplemento alimenticio no debe utilizarse como sustituto de una dieta variada y equilibrada y un estilo de vida saludable. Mantener fuera del alcance de los ni\u00f1os. Guardar en un lugar fresco y seco.<\/p>\n<p><strong>Contenido<\/strong><\/p>\n<p>60 c\u00e1psulas<\/p>\n<p><strong>C\u00f3mo funciona<\/strong><\/p>\n<p>Estos comprimidos exclusivos contienen una combinaci\u00f3n equilibrada de magnesio y varias vitaminas B, incluidas las vitaminas B1, B6, B8 y B12. Los ingredientes de m\u00e1xima calidad son un buen aporte para disfrutar de un estilo de vida saludable y ofrecen un \u00f3ptimo apoyo al cuerpo y la mente. El magnesio ayuda a regularizar el metabolismo energ\u00e9tico. Este mineral esencial tambi\u00e9n contribuye al buen funcionamiento de los nervios y los m\u00fasculos. La vitamina B1, la vitamina B6, la vitamina B8 y la vitamina B12 tambi\u00e9n contribuyen a regularizar el metabolismo energ\u00e9tico y ayudan al buen funcionamiento del sistema nervioso. Adem\u00e1s, estas vitaminas B reducen la fatiga y potencian la funci\u00f3n mental. La combinaci\u00f3n de Vitaminas B y Magnesio refuerza el buen funcionamiento del sistema nervioso, el rendimiento f\u00edsico y el bienestar mental.<\/p>\n<p><strong>Ingredientes<\/strong><\/p>\n<p>Composici\u00f3n por 1 comprimido: 384 mg Fosfato dic\u00e1lcico; agente de relleno: E460; 112,5 mg magnesio (\u00f3xido de magnesio) (30% IR*); agente antiaglomerante: E570; agentes espesantes: E468, E464; agente antiaglomerante : E470b; colorante: E170; agente antiaglomerante: E551; agente espesante: E463; agente de glaseado: E903; 0,42 mg Vitamina B6 (piridoxina HCL) (30% IR*); Potenciador del sabor: E1518; Regulador de acidez: E553b; colorante: E133; 0,33 mg Vitamina B1 (tiamina HCL) (30% IR*); 15 \u00b5g biotina (D-Biotina) (30% IR*); 0,75 \u00b5g Vitamina B12 (cianocobalamina) (30% IR*). *IR = Ingestas de referencia.<\/p>\n<p><strong>Uso<\/strong><\/p>\n<p>Tomar 1 pastilla una vez al d\u00eda con agua suficiente. No tomar m\u00e1s de 1 pastilla en un lapso de 24 horas. No superar la dosis diaria recomendada.<\/p>\n<p>* Este producto contiene una etiqueta con instrucciones facilitadas en los siguientes idiomas: \/nl\/fr\/de\/<\/p>\n","protected":false},"excerpt":{"rendered":"<p>Provia es un complemento alimenticio que refuerza el nivel energ\u00e9tico tanto f\u00edsico como mental, gracias a los ingredientes Vitaminas B1, B6, B8, B12 y Magnesio. Este complemento alimenticio mejora el bienestar general del hombre. Provia refuerza el organismo para aumentar la potencia sexual del hombre. M\u00e1s potencia sexual para el hombre La vitamina B refuerza [&hellip;]<\/p>\n","protected":false},"featured_media":6258,"comment_status":"open","ping_status":"closed","template":"","meta":{"_eb_attr":"","site-sidebar-layout":"default","site-content-layout":"default","ast-site-content-layout":"default","site-content-style":"default","site-sidebar-style":"default","ast-global-header-display":"","ast-banner-title-visibility":"","ast-main-header-display":"","ast-hfb-above-header-display":"","ast-hfb-below-header-display":"","ast-hfb-mobile-header-display":"","site-post-title":"","ast-breadcrumbs-content":"","ast-featured-img":"","footer-sml-layout":"","ast-disable-related-posts":"","theme-transparent-header-meta":"default","adv-header-id-meta":"","stick-header-meta":"","header-above-stick-meta":"","header-main-stick-meta":"","header-below-stick-meta":"","astra-migrate-meta-layouts":"default","ast-page-background-enabled":"default","ast-page-background-meta":{"desktop":{"background-color":"var(--ast-global-color-4)","background-image":"","background-repeat":"repeat","background-position":"center center","background-size":"auto","background-attachment":"scroll","background-type":"","background-media":"","overlay-type":"","overlay-color":"","overlay-opacity":"","overlay-gradient":""},"tablet":{"background-color":"","background-image":"","background-repeat":"repeat","background-position":"center center","background-size":"auto","background-attachment":"scroll","background-type":"","background-media":"","overlay-type":"","overlay-color":"","overlay-opacity":"","overlay-gradient":""},"mobile":{"background-color":"","background-image":"","background-repeat":"repeat","background-position":"center center","background-size":"auto","background-attachment":"scroll","background-type":"","background-media":"","overlay-type":"","overlay-color":"","overlay-opacity":"","overlay-gradient":""}},"ast-content-background-meta":{"desktop":{"background-color":"var(--ast-global-color-5)","background-image":"","background-repeat":"repeat","background-position":"center center","background-size":"auto","background-attachment":"scroll","background-type":"","background-media":"","overlay-type":"","overlay-color":"","overlay-opacity":"","overlay-gradient":""},"tablet":{"background-color":"var(--ast-global-color-5)","background-image":"","background-repeat":"repeat","background-position":"center center","background-size":"auto","background-attachment":"scroll","background-type":"","background-media":"","overlay-type":"","overlay-color":"","overlay-opacity":"","overlay-gradient":""},"mobile":{"background-color":"var(--ast-global-color-5)","background-image":"","background-repeat":"repeat","background-position":"center center","background-size":"auto","background-attachment":"scroll","background-type":"","background-media":"","overlay-type":"","overlay-color":"","overlay-opacity":"","overlay-gradient":""}}},"product_brand":[],"product_cat":[230,238,255],"product_tag":[],"class_list":{"0":"post-6257","1":"product","2":"type-product","3":"status-publish","4":"has-post-thumbnail","6":"product_cat-farmacia","7":"product_cat-todos-los-afrodisiacos-para-hombres","8":"product_cat-vida-sexual-saludable","9":"desktop-align-left","10":"tablet-align-left","11":"mobile-align-left","13":"first","14":"instock","15":"shipping-taxable","16":"purchasable","17":"product-type-simple"},"_links":{"self":[{"href":"https:\/\/chibolita.es\/index.php\/wp-json\/wp\/v2\/product\/6257","targetHints":{"allow":["GET"]}}],"collection":[{"href":"https:\/\/chibolita.es\/index.php\/wp-json\/wp\/v2\/product"}],"about":[{"href":"https:\/\/chibolita.es\/index.php\/wp-json\/wp\/v2\/types\/product"}],"replies":[{"embeddable":true,"href":"https:\/\/chibolita.es\/index.php\/wp-json\/wp\/v2\/comments?post=6257"}],"wp:featuredmedia":[{"embeddable":true,"href":"https:\/\/chibolita.es\/index.php\/wp-json\/wp\/v2\/media\/6258"}],"wp:attachment":[{"href":"https:\/\/chibolita.es\/index.php\/wp-json\/wp\/v2\/media?parent=6257"}],"wp:term":[{"taxonomy":"product_brand","embeddable":true,"href":"https:\/\/chibolita.es\/index.php\/wp-json\/wp\/v2\/product_brand?post=6257"},{"taxonomy":"product_cat","embeddable":true,"href":"https:\/\/chibolita.es\/index.php\/wp-json\/wp\/v2\/product_cat?post=6257"},{"taxonomy":"product_tag","embeddable":true,"href":"https:\/\/chibolita.es\/index.php\/wp-json\/wp\/v2\/product_tag?post=6257"}],"curies":[{"name":"wp","href":"https:\/\/api.w.org\/{rel}","templated":true}]}}