{"id":6184,"date":"2023-05-14T15:11:37","date_gmt":"2023-05-14T15:11:37","guid":{"rendered":"https:\/\/chibolita.es\/?post_type=product&#038;p=6184"},"modified":"2023-05-14T15:12:46","modified_gmt":"2023-05-14T15:12:46","slug":"ohmama-masturbador-con-vibracion-ano","status":"publish","type":"product","link":"https:\/\/chibolita.es\/index.php\/product\/ohmama-masturbador-con-vibracion-ano\/","title":{"rendered":"OHMAMA MASTURBADOR CON VIBRACION &#8211; ANO"},"content":{"rendered":"<p>\u00a1OH mama! Esto es exactamente lo que dir\u00e1s cuando tengas en tus manos y puedas difrutar del placer que te proporcionar\u00e1\u00a0este increible masturbador para hombres con vibraci\u00f3n. Aplica una cantidad generosa de lubricante base agua (recomendamos los lubricantes de la marca Waterfeel para un mayor disfrute) y \u00a1a gozar!<\/p>\n<ul>\n<li>Masturbador para hombres<\/li>\n<li>Entrada: Ano<\/li>\n<li>Con vibraci\u00f3n<\/li>\n<li>Bala extraible<\/li>\n<li>Perfecto para jugar solo o en pareja<\/li>\n<li>Se limpia f\u00e1cilmente con agua tibia y jab\u00f3n ph neutro<\/li>\n<li>Ergon\u00f3mico para un f\u00e1cil agarre y manejo<\/li>\n<li>Pilas de la bala vibradora: 3 x LR44<\/li>\n<li>Medidas carcasa: 18 x 6.5 cm<\/li>\n<\/ul>\n<p>LA MARCA<\/p>\n<p>La gama de productos OHMAMA es perfecta para regalar. Un producto al alcance de todos con una calidad perfecta. Una combinaci\u00f3n \u00fanica en esta l\u00ednea de juguetes especial edici\u00f3n Navidad.<\/p>\n","protected":false},"excerpt":{"rendered":"<p>\u00a1OH mama! Esto es exactamente lo que dir\u00e1s cuando tengas en tus manos y puedas difrutar del placer que te proporcionar\u00e1\u00a0este increible masturbador para hombres con vibraci\u00f3n. Aplica una cantidad generosa de lubricante base agua (recomendamos los lubricantes de la marca Waterfeel para un mayor disfrute) y \u00a1a gozar! Masturbador para hombres Entrada: Ano Con [&hellip;]<\/p>\n","protected":false},"featured_media":6188,"comment_status":"open","ping_status":"closed","template":"","meta":{"_eb_attr":"","site-sidebar-layout":"default","site-content-layout":"default","ast-site-content-layout":"default","site-content-style":"default","site-sidebar-style":"default","ast-global-header-display":"","ast-banner-title-visibility":"","ast-main-header-display":"","ast-hfb-above-header-display":"","ast-hfb-below-header-display":"","ast-hfb-mobile-header-display":"","site-post-title":"","ast-breadcrumbs-content":"","ast-featured-img":"","footer-sml-layout":"","ast-disable-related-posts":"","theme-transparent-header-meta":"default","adv-header-id-meta":"","stick-header-meta":"","header-above-stick-meta":"","header-main-stick-meta":"","header-below-stick-meta":"","astra-migrate-meta-layouts":"default","ast-page-background-enabled":"default","ast-page-background-meta":{"desktop":{"background-color":"var(--ast-global-color-4)","background-image":"","background-repeat":"repeat","background-position":"center center","background-size":"auto","background-attachment":"scroll","background-type":"","background-media":"","overlay-type":"","overlay-color":"","overlay-opacity":"","overlay-gradient":""},"tablet":{"background-color":"","background-image":"","background-repeat":"repeat","background-position":"center center","background-size":"auto","background-attachment":"scroll","background-type":"","background-media":"","overlay-type":"","overlay-color":"","overlay-opacity":"","overlay-gradient":""},"mobile":{"background-color":"","background-image":"","background-repeat":"repeat","background-position":"center center","background-size":"auto","background-attachment":"scroll","background-type":"","background-media":"","overlay-type":"","overlay-color":"","overlay-opacity":"","overlay-gradient":""}},"ast-content-background-meta":{"desktop":{"background-color":"var(--ast-global-color-5)","background-image":"","background-repeat":"repeat","background-position":"center center","background-size":"auto","background-attachment":"scroll","background-type":"","background-media":"","overlay-type":"","overlay-color":"","overlay-opacity":"","overlay-gradient":""},"tablet":{"background-color":"var(--ast-global-color-5)","background-image":"","background-repeat":"repeat","background-position":"center center","background-size":"auto","background-attachment":"scroll","background-type":"","background-media":"","overlay-type":"","overlay-color":"","overlay-opacity":"","overlay-gradient":""},"mobile":{"background-color":"var(--ast-global-color-5)","background-image":"","background-repeat":"repeat","background-position":"center center","background-size":"auto","background-attachment":"scroll","background-type":"","background-media":"","overlay-type":"","overlay-color":"","overlay-opacity":"","overlay-gradient":""}}},"product_brand":[],"product_cat":[273,276],"product_tag":[],"class_list":{"0":"post-6184","1":"product","2":"type-product","3":"status-publish","4":"has-post-thumbnail","6":"product_cat-juguetes-para-hombres","7":"product_cat-masturbadores-para-ellos","8":"desktop-align-left","9":"tablet-align-left","10":"mobile-align-left","12":"first","13":"instock","14":"shipping-taxable","15":"purchasable","16":"product-type-simple"},"_links":{"self":[{"href":"https:\/\/chibolita.es\/index.php\/wp-json\/wp\/v2\/product\/6184","targetHints":{"allow":["GET"]}}],"collection":[{"href":"https:\/\/chibolita.es\/index.php\/wp-json\/wp\/v2\/product"}],"about":[{"href":"https:\/\/chibolita.es\/index.php\/wp-json\/wp\/v2\/types\/product"}],"replies":[{"embeddable":true,"href":"https:\/\/chibolita.es\/index.php\/wp-json\/wp\/v2\/comments?post=6184"}],"wp:featuredmedia":[{"embeddable":true,"href":"https:\/\/chibolita.es\/index.php\/wp-json\/wp\/v2\/media\/6188"}],"wp:attachment":[{"href":"https:\/\/chibolita.es\/index.php\/wp-json\/wp\/v2\/media?parent=6184"}],"wp:term":[{"taxonomy":"product_brand","embeddable":true,"href":"https:\/\/chibolita.es\/index.php\/wp-json\/wp\/v2\/product_brand?post=6184"},{"taxonomy":"product_cat","embeddable":true,"href":"https:\/\/chibolita.es\/index.php\/wp-json\/wp\/v2\/product_cat?post=6184"},{"taxonomy":"product_tag","embeddable":true,"href":"https:\/\/chibolita.es\/index.php\/wp-json\/wp\/v2\/product_tag?post=6184"}],"curies":[{"name":"wp","href":"https:\/\/api.w.org\/{rel}","templated":true}]}}