{"id":6158,"date":"2023-05-14T15:01:10","date_gmt":"2023-05-14T15:01:10","guid":{"rendered":"https:\/\/chibolita.es\/?post_type=product&#038;p=6158"},"modified":"2023-05-14T15:02:12","modified_gmt":"2023-05-14T15:02:12","slug":"jamyjob-rocket-masturbador-tecnologia-soft-compression-y-vibracion","status":"publish","type":"product","link":"https:\/\/chibolita.es\/index.php\/product\/jamyjob-rocket-masturbador-tecnologia-soft-compression-y-vibracion\/","title":{"rendered":"JAMYJOB ROCKET MASTURBADOR TECNOLOG\u00cdA SOFT COMPRESSION Y VIBRACION"},"content":{"rendered":"<p>\u00a1Cuatro, tres, dos, uno&#8230; la cuenta atr\u00e1s ha terminado y el\u00a0Rocket despega a la velocidad de la luz para llevarte directamente a universos de placer!<\/p>\n<p>El Rocket es un masturbador masculino para aquellos que deseen vivir experiencias de otro planeta pues\u00a0este art\u00edculo de alta tecnolog\u00eda puede vibrar y comprimir al mismo tiempo. El efecto simula el comportamiento del cuerpo humano para hacer tu masturbaci\u00f3n mucho m\u00e1s placentera.\u00a0Aplica un poco de lubricante base agua (Jamyjob recomienda el uso de los lubricantes Aqua Quality para un deslizamiento eficaz y duradero) y deslizate por su suave manga interior texturada, ahora viene lo mejor&#8230; escoge entre sus modos de vibraci\u00f3n y compresi\u00f3n y&#8230;\u00a1sentir\u00e1s un placer de otra galaxia!<\/p>\n<p><strong>Caracter\u00edsticas:\u00a0<\/strong><\/p>\n<ul>\n<li>Masturbador Rocket<\/li>\n<li>7 modos de compresi\u00f3n<\/li>\n<li>7 modos de vibraci\u00f3n<\/li>\n<li>F\u00e1cil de limpiar<\/li>\n<li>Silicona super suave y ABS<\/li>\n<li>Jamyjob recomienda su uso con los lubricantes Aqua Quality<\/li>\n<li>Material bodysafe. Sin Ftalatos<\/li>\n<li>USB recargable<\/li>\n<\/ul>\n<p><strong>Jamyjob<\/strong>\u00a0es el resultado de multitud\u00a0de estudios unidos al empleo de materiales de primera calidad en su firme prop\u00f3sito de ofrecer la \u00faltima tecnolog\u00eda del mercado adaptada al placer para adultos.<\/p>\n","protected":false},"excerpt":{"rendered":"<p>\u00a1Cuatro, tres, dos, uno&#8230; la cuenta atr\u00e1s ha terminado y el\u00a0Rocket despega a la velocidad de la luz para llevarte directamente a universos de placer! El Rocket es un masturbador masculino para aquellos que deseen vivir experiencias de otro planeta pues\u00a0este art\u00edculo de alta tecnolog\u00eda puede vibrar y comprimir al mismo tiempo. El efecto simula [&hellip;]<\/p>\n","protected":false},"featured_media":6162,"comment_status":"open","ping_status":"closed","template":"","meta":{"_eb_attr":"","site-sidebar-layout":"default","site-content-layout":"default","ast-site-content-layout":"default","site-content-style":"default","site-sidebar-style":"default","ast-global-header-display":"","ast-banner-title-visibility":"","ast-main-header-display":"","ast-hfb-above-header-display":"","ast-hfb-below-header-display":"","ast-hfb-mobile-header-display":"","site-post-title":"","ast-breadcrumbs-content":"","ast-featured-img":"","footer-sml-layout":"","ast-disable-related-posts":"","theme-transparent-header-meta":"default","adv-header-id-meta":"","stick-header-meta":"","header-above-stick-meta":"","header-main-stick-meta":"","header-below-stick-meta":"","astra-migrate-meta-layouts":"default","ast-page-background-enabled":"default","ast-page-background-meta":{"desktop":{"background-color":"var(--ast-global-color-4)","background-image":"","background-repeat":"repeat","background-position":"center center","background-size":"auto","background-attachment":"scroll","background-type":"","background-media":"","overlay-type":"","overlay-color":"","overlay-opacity":"","overlay-gradient":""},"tablet":{"background-color":"","background-image":"","background-repeat":"repeat","background-position":"center center","background-size":"auto","background-attachment":"scroll","background-type":"","background-media":"","overlay-type":"","overlay-color":"","overlay-opacity":"","overlay-gradient":""},"mobile":{"background-color":"","background-image":"","background-repeat":"repeat","background-position":"center center","background-size":"auto","background-attachment":"scroll","background-type":"","background-media":"","overlay-type":"","overlay-color":"","overlay-opacity":"","overlay-gradient":""}},"ast-content-background-meta":{"desktop":{"background-color":"var(--ast-global-color-5)","background-image":"","background-repeat":"repeat","background-position":"center center","background-size":"auto","background-attachment":"scroll","background-type":"","background-media":"","overlay-type":"","overlay-color":"","overlay-opacity":"","overlay-gradient":""},"tablet":{"background-color":"var(--ast-global-color-5)","background-image":"","background-repeat":"repeat","background-position":"center center","background-size":"auto","background-attachment":"scroll","background-type":"","background-media":"","overlay-type":"","overlay-color":"","overlay-opacity":"","overlay-gradient":""},"mobile":{"background-color":"var(--ast-global-color-5)","background-image":"","background-repeat":"repeat","background-position":"center center","background-size":"auto","background-attachment":"scroll","background-type":"","background-media":"","overlay-type":"","overlay-color":"","overlay-opacity":"","overlay-gradient":""}}},"product_brand":[],"product_cat":[273,276],"product_tag":[],"class_list":{"0":"post-6158","1":"product","2":"type-product","3":"status-publish","4":"has-post-thumbnail","6":"product_cat-juguetes-para-hombres","7":"product_cat-masturbadores-para-ellos","8":"desktop-align-left","9":"tablet-align-left","10":"mobile-align-left","12":"first","13":"instock","14":"sale","15":"shipping-taxable","16":"purchasable","17":"product-type-simple"},"_links":{"self":[{"href":"https:\/\/chibolita.es\/index.php\/wp-json\/wp\/v2\/product\/6158","targetHints":{"allow":["GET"]}}],"collection":[{"href":"https:\/\/chibolita.es\/index.php\/wp-json\/wp\/v2\/product"}],"about":[{"href":"https:\/\/chibolita.es\/index.php\/wp-json\/wp\/v2\/types\/product"}],"replies":[{"embeddable":true,"href":"https:\/\/chibolita.es\/index.php\/wp-json\/wp\/v2\/comments?post=6158"}],"wp:featuredmedia":[{"embeddable":true,"href":"https:\/\/chibolita.es\/index.php\/wp-json\/wp\/v2\/media\/6162"}],"wp:attachment":[{"href":"https:\/\/chibolita.es\/index.php\/wp-json\/wp\/v2\/media?parent=6158"}],"wp:term":[{"taxonomy":"product_brand","embeddable":true,"href":"https:\/\/chibolita.es\/index.php\/wp-json\/wp\/v2\/product_brand?post=6158"},{"taxonomy":"product_cat","embeddable":true,"href":"https:\/\/chibolita.es\/index.php\/wp-json\/wp\/v2\/product_cat?post=6158"},{"taxonomy":"product_tag","embeddable":true,"href":"https:\/\/chibolita.es\/index.php\/wp-json\/wp\/v2\/product_tag?post=6158"}],"curies":[{"name":"wp","href":"https:\/\/api.w.org\/{rel}","templated":true}]}}