{"id":6138,"date":"2023-05-14T14:55:26","date_gmt":"2023-05-14T14:55:26","guid":{"rendered":"https:\/\/chibolita.es\/?post_type=product&#038;p=6138"},"modified":"2023-05-14T14:57:08","modified_gmt":"2023-05-14T14:57:08","slug":"jamyjob-turbo-masturbador-doble","status":"publish","type":"product","link":"https:\/\/chibolita.es\/index.php\/product\/jamyjob-turbo-masturbador-doble\/","title":{"rendered":"JAMYJOB TURBO MASTURBADOR DOBLE"},"content":{"rendered":"<p>Bienvenido al futuro, el Turbo de Jamyjob te saluda. Permite que este masturbador masculino te muestre el mejor lado de la masturbaci\u00f3n para hombres porque Turbo incorpora dos entradas, boca y vagina y&#8230;\u00a1las dos son increibles!<\/p>\n<p>Su manga masturbadora de material real\u00edstico simula piel real y su interior texturado incrementa las sensaciones. Tan solo tienes que retirar su carcasa protectora, elegir en qu\u00e9 lado quieres empezar, aplicar una buena cantidad de lubricante base agua (Jamyjob recomienda el uso de los lubricantes Aqua Quality) e iniciar tu sensi\u00f3n de placer. Puedes hacerlo solo o dejar el control a tu pareja, cuando lo hagas, prueba a apretar&#8230; no te diremos nada mas.<\/p>\n<p><strong>Caracter\u00edsticas\u00a0<\/strong><\/p>\n<ul>\n<li>Masturbador doble<\/li>\n<li>Dos entradas: Vagina y boca<\/li>\n<li>Interior texturado<\/li>\n<li>Material bodysafe<\/li>\n<li>Sin ftalatos<\/li>\n<li>Materiales: TPE y ABS<\/li>\n<li>Para mayor sensaci\u00f3n aprieta la manga masturbadora<\/li>\n<li>Para optimizar el placer, Jamyjob recomienda el uso de los lubricantes Aqua Quality para una lubricaci\u00f3n de calidad y duradera<\/li>\n<\/ul>\n<p><strong>Jamyjob<\/strong>\u00a0es el resultado de multitud\u00a0de estudios unidos al empleo de materiales de primera calidad en su firme prop\u00f3sito de ofrecer la \u00faltima tecnolog\u00eda del mercado adaptada al placer para adultos.<\/p>\n","protected":false},"excerpt":{"rendered":"<p>Bienvenido al futuro, el Turbo de Jamyjob te saluda. Permite que este masturbador masculino te muestre el mejor lado de la masturbaci\u00f3n para hombres porque Turbo incorpora dos entradas, boca y vagina y&#8230;\u00a1las dos son increibles! Su manga masturbadora de material real\u00edstico simula piel real y su interior texturado incrementa las sensaciones. Tan solo tienes [&hellip;]<\/p>\n","protected":false},"featured_media":6145,"comment_status":"open","ping_status":"closed","template":"","meta":{"_eb_attr":"","site-sidebar-layout":"default","site-content-layout":"default","ast-site-content-layout":"default","site-content-style":"default","site-sidebar-style":"default","ast-global-header-display":"","ast-banner-title-visibility":"","ast-main-header-display":"","ast-hfb-above-header-display":"","ast-hfb-below-header-display":"","ast-hfb-mobile-header-display":"","site-post-title":"","ast-breadcrumbs-content":"","ast-featured-img":"","footer-sml-layout":"","ast-disable-related-posts":"","theme-transparent-header-meta":"default","adv-header-id-meta":"","stick-header-meta":"","header-above-stick-meta":"","header-main-stick-meta":"","header-below-stick-meta":"","astra-migrate-meta-layouts":"default","ast-page-background-enabled":"default","ast-page-background-meta":{"desktop":{"background-color":"var(--ast-global-color-4)","background-image":"","background-repeat":"repeat","background-position":"center center","background-size":"auto","background-attachment":"scroll","background-type":"","background-media":"","overlay-type":"","overlay-color":"","overlay-opacity":"","overlay-gradient":""},"tablet":{"background-color":"","background-image":"","background-repeat":"repeat","background-position":"center center","background-size":"auto","background-attachment":"scroll","background-type":"","background-media":"","overlay-type":"","overlay-color":"","overlay-opacity":"","overlay-gradient":""},"mobile":{"background-color":"","background-image":"","background-repeat":"repeat","background-position":"center center","background-size":"auto","background-attachment":"scroll","background-type":"","background-media":"","overlay-type":"","overlay-color":"","overlay-opacity":"","overlay-gradient":""}},"ast-content-background-meta":{"desktop":{"background-color":"var(--ast-global-color-5)","background-image":"","background-repeat":"repeat","background-position":"center center","background-size":"auto","background-attachment":"scroll","background-type":"","background-media":"","overlay-type":"","overlay-color":"","overlay-opacity":"","overlay-gradient":""},"tablet":{"background-color":"var(--ast-global-color-5)","background-image":"","background-repeat":"repeat","background-position":"center center","background-size":"auto","background-attachment":"scroll","background-type":"","background-media":"","overlay-type":"","overlay-color":"","overlay-opacity":"","overlay-gradient":""},"mobile":{"background-color":"var(--ast-global-color-5)","background-image":"","background-repeat":"repeat","background-position":"center center","background-size":"auto","background-attachment":"scroll","background-type":"","background-media":"","overlay-type":"","overlay-color":"","overlay-opacity":"","overlay-gradient":""}}},"product_brand":[],"product_cat":[273,276],"product_tag":[],"class_list":{"0":"post-6138","1":"product","2":"type-product","3":"status-publish","4":"has-post-thumbnail","6":"product_cat-juguetes-para-hombres","7":"product_cat-masturbadores-para-ellos","8":"desktop-align-left","9":"tablet-align-left","10":"mobile-align-left","12":"first","13":"instock","14":"shipping-taxable","15":"purchasable","16":"product-type-simple"},"_links":{"self":[{"href":"https:\/\/chibolita.es\/index.php\/wp-json\/wp\/v2\/product\/6138","targetHints":{"allow":["GET"]}}],"collection":[{"href":"https:\/\/chibolita.es\/index.php\/wp-json\/wp\/v2\/product"}],"about":[{"href":"https:\/\/chibolita.es\/index.php\/wp-json\/wp\/v2\/types\/product"}],"replies":[{"embeddable":true,"href":"https:\/\/chibolita.es\/index.php\/wp-json\/wp\/v2\/comments?post=6138"}],"wp:featuredmedia":[{"embeddable":true,"href":"https:\/\/chibolita.es\/index.php\/wp-json\/wp\/v2\/media\/6145"}],"wp:attachment":[{"href":"https:\/\/chibolita.es\/index.php\/wp-json\/wp\/v2\/media?parent=6138"}],"wp:term":[{"taxonomy":"product_brand","embeddable":true,"href":"https:\/\/chibolita.es\/index.php\/wp-json\/wp\/v2\/product_brand?post=6138"},{"taxonomy":"product_cat","embeddable":true,"href":"https:\/\/chibolita.es\/index.php\/wp-json\/wp\/v2\/product_cat?post=6138"},{"taxonomy":"product_tag","embeddable":true,"href":"https:\/\/chibolita.es\/index.php\/wp-json\/wp\/v2\/product_tag?post=6138"}],"curies":[{"name":"wp","href":"https:\/\/api.w.org\/{rel}","templated":true}]}}