{"id":6106,"date":"2023-05-14T14:42:13","date_gmt":"2023-05-14T14:42:13","guid":{"rendered":"https:\/\/chibolita.es\/?post_type=product&#038;p=6106"},"modified":"2023-05-14T14:43:21","modified_gmt":"2023-05-14T14:43:21","slug":"jamyjob-huevo-masturbador-discreto-edicion-rojo-fun","status":"publish","type":"product","link":"https:\/\/chibolita.es\/index.php\/product\/jamyjob-huevo-masturbador-discreto-edicion-rojo-fun\/","title":{"rendered":"JAMYJOB HUEVO MASTURBADOR DISCRETO EDICION ROJO FUN"},"content":{"rendered":"<p>Fabricado con un elast\u00f3mero de grado m\u00e9dico que no causa ninguna reacci\u00f3n al\u00e9rgica, tolerado por el cuerpo, muy el\u00e1stico y ajustable que se adapta a todos los tama\u00f1os de pene. El interior de este huevo Jamyjob tiene un sistema nuevo de estr\u00edas que proporcionan diferentes tipos de placer.<\/p>\n<p>El interior del modelo Jamyjob tiene una estructura en forma de filamentos de seda, suave y envolvente que produce un torrente de placer.<\/p>\n<p>Los huevos Jamyjob, permiten una masturbaci\u00f3n placentera y suave, produciendo sensaciones al contacto de la piel, nunca antes experimentadas.<\/p>\n<ul>\n<li>Para usarlo, tan solo hay que retirar el envoltorio y lubricarlo.\u00a0Colocar en la punta como si de un preservativo se tratase y estirar hacia abajo.<\/li>\n<li>Interior texturado. M\u00e1ximo placer.<\/li>\n<li>Discreta carcasa de transporte para que puedas guardarlo y transportarlo de forma segura<\/li>\n<li>Incluye 1 lubricante Waterfeel Natural base agua de 6 ml<\/li>\n<\/ul>\n","protected":false},"excerpt":{"rendered":"<p>Fabricado con un elast\u00f3mero de grado m\u00e9dico que no causa ninguna reacci\u00f3n al\u00e9rgica, tolerado por el cuerpo, muy el\u00e1stico y ajustable que se adapta a todos los tama\u00f1os de pene. El interior de este huevo Jamyjob tiene un sistema nuevo de estr\u00edas que proporcionan diferentes tipos de placer. El interior del modelo Jamyjob tiene una [&hellip;]<\/p>\n","protected":false},"featured_media":6111,"comment_status":"open","ping_status":"closed","template":"","meta":{"_eb_attr":"","site-sidebar-layout":"default","site-content-layout":"default","ast-site-content-layout":"default","site-content-style":"default","site-sidebar-style":"default","ast-global-header-display":"","ast-banner-title-visibility":"","ast-main-header-display":"","ast-hfb-above-header-display":"","ast-hfb-below-header-display":"","ast-hfb-mobile-header-display":"","site-post-title":"","ast-breadcrumbs-content":"","ast-featured-img":"","footer-sml-layout":"","ast-disable-related-posts":"","theme-transparent-header-meta":"default","adv-header-id-meta":"","stick-header-meta":"","header-above-stick-meta":"","header-main-stick-meta":"","header-below-stick-meta":"","astra-migrate-meta-layouts":"default","ast-page-background-enabled":"default","ast-page-background-meta":{"desktop":{"background-color":"var(--ast-global-color-4)","background-image":"","background-repeat":"repeat","background-position":"center center","background-size":"auto","background-attachment":"scroll","background-type":"","background-media":"","overlay-type":"","overlay-color":"","overlay-opacity":"","overlay-gradient":""},"tablet":{"background-color":"","background-image":"","background-repeat":"repeat","background-position":"center center","background-size":"auto","background-attachment":"scroll","background-type":"","background-media":"","overlay-type":"","overlay-color":"","overlay-opacity":"","overlay-gradient":""},"mobile":{"background-color":"","background-image":"","background-repeat":"repeat","background-position":"center center","background-size":"auto","background-attachment":"scroll","background-type":"","background-media":"","overlay-type":"","overlay-color":"","overlay-opacity":"","overlay-gradient":""}},"ast-content-background-meta":{"desktop":{"background-color":"var(--ast-global-color-5)","background-image":"","background-repeat":"repeat","background-position":"center center","background-size":"auto","background-attachment":"scroll","background-type":"","background-media":"","overlay-type":"","overlay-color":"","overlay-opacity":"","overlay-gradient":""},"tablet":{"background-color":"var(--ast-global-color-5)","background-image":"","background-repeat":"repeat","background-position":"center center","background-size":"auto","background-attachment":"scroll","background-type":"","background-media":"","overlay-type":"","overlay-color":"","overlay-opacity":"","overlay-gradient":""},"mobile":{"background-color":"var(--ast-global-color-5)","background-image":"","background-repeat":"repeat","background-position":"center center","background-size":"auto","background-attachment":"scroll","background-type":"","background-media":"","overlay-type":"","overlay-color":"","overlay-opacity":"","overlay-gradient":""}}},"product_brand":[],"product_cat":[273,276],"product_tag":[],"class_list":{"0":"post-6106","1":"product","2":"type-product","3":"status-publish","4":"has-post-thumbnail","6":"product_cat-juguetes-para-hombres","7":"product_cat-masturbadores-para-ellos","8":"desktop-align-left","9":"tablet-align-left","10":"mobile-align-left","12":"first","13":"instock","14":"shipping-taxable","15":"purchasable","16":"product-type-simple"},"_links":{"self":[{"href":"https:\/\/chibolita.es\/index.php\/wp-json\/wp\/v2\/product\/6106","targetHints":{"allow":["GET"]}}],"collection":[{"href":"https:\/\/chibolita.es\/index.php\/wp-json\/wp\/v2\/product"}],"about":[{"href":"https:\/\/chibolita.es\/index.php\/wp-json\/wp\/v2\/types\/product"}],"replies":[{"embeddable":true,"href":"https:\/\/chibolita.es\/index.php\/wp-json\/wp\/v2\/comments?post=6106"}],"wp:featuredmedia":[{"embeddable":true,"href":"https:\/\/chibolita.es\/index.php\/wp-json\/wp\/v2\/media\/6111"}],"wp:attachment":[{"href":"https:\/\/chibolita.es\/index.php\/wp-json\/wp\/v2\/media?parent=6106"}],"wp:term":[{"taxonomy":"product_brand","embeddable":true,"href":"https:\/\/chibolita.es\/index.php\/wp-json\/wp\/v2\/product_brand?post=6106"},{"taxonomy":"product_cat","embeddable":true,"href":"https:\/\/chibolita.es\/index.php\/wp-json\/wp\/v2\/product_cat?post=6106"},{"taxonomy":"product_tag","embeddable":true,"href":"https:\/\/chibolita.es\/index.php\/wp-json\/wp\/v2\/product_tag?post=6106"}],"curies":[{"name":"wp","href":"https:\/\/api.w.org\/{rel}","templated":true}]}}