{"id":6098,"date":"2023-05-14T14:39:41","date_gmt":"2023-05-14T14:39:41","guid":{"rendered":"https:\/\/chibolita.es\/?post_type=product&#038;p=6098"},"modified":"2023-05-14T14:41:06","modified_gmt":"2023-05-14T14:41:06","slug":"jamyjob-masturbador-stroker-vibrador-2-motores","status":"publish","type":"product","link":"https:\/\/chibolita.es\/index.php\/product\/jamyjob-masturbador-stroker-vibrador-2-motores\/","title":{"rendered":"JAMYJOB MASTURBADOR STROKER VIBRADOR 2 MOTORES"},"content":{"rendered":"<p>Una cubierta exterior de silicona en gel resistente encierra dos potentes vibradores con 9 modos \u00fanicos para enviar la estimulaci\u00f3n a un \u00e9xtasis, mientras que un lujoso interior forrado con doble densidad \u00a0gelsilicone, una silicona en gel suave que adapta r\u00e1pidamente el calor corporal a la temperatura del Jamyjob.<\/p>\n<p>Los botones individuales operan las funciones de vibraci\u00f3n lo que le brinda el poder de combinar y cronometrar los modos estimulantes del \u00a0Jamyjob y que pueda disfrutarlo perfectamente.<\/p>\n<p>Jamyjob estimula el glande con un motor independiente. \u00a1Experimenta sensaciones incre\u00edbles con el estimulador vibrador para el glande! se ajusta c\u00f3modamente alrededor de tu pene y se siente como si fuese real o incluso mejor! Disfruta de nueve potentes funciones pulsando el bot\u00f3n para cambiar de modo.<\/p>\n<p>Jamyjob estimula los test\u00edculos de forma que si utilizas el estimulador del glande al sentido contrario, proporciona vibraci\u00f3n a los test\u00edculos. \u00a1\u00a1Un lujo absoluto!!<\/p>\n<p>Jamyjob es un masturbador \u00fanico gracias a su forma, dise\u00f1o y prestaciones.<\/p>\n<p>Caracter\u00edsticas:<\/p>\n<ul>\n<li>Silicona Premium de lujo<\/li>\n<li>9 modos de vibraci\u00f3n de gran alcance<\/li>\n<li>Sumergible \/ apto para la ducha o spa.<\/li>\n<li>Tiempo de carga ; 60 Minutos<\/li>\n<li>Tiempo de uso; 60 minutos con el 100% de carga<\/li>\n<li>Pesa; 182 gramos.<\/li>\n<li>Recargable con USB<\/li>\n<\/ul>\n<p><strong>MATERIAL Y CUIDADO<\/strong><\/p>\n<p>Jamyjob es un juguete impermeable hecho de silicona m\u00e9dica suave y sedosa, que es extremadamente resbaladiza y absorbe el calor de su cuerpo r\u00e1pidamente. El juguete se puede limpiar f\u00e1cilmente con un poco de jab\u00f3n bajo agua tibia. Con un poco de limpiador desinfectante para juguetes, puede garantizar una higiene especialmente profunda despu\u00e9s, idealmente con el spray de desinfecci\u00f3n perfectamente coordinado de Waterfeel. Para obtener el m\u00e1ximo placer, use siempre su juguete con uno de los lubricantes a base de agua de Waterfeel que se adaptan perfectamente al producto. Est\u00e1n disponibles en las versiones cl\u00e1sica, sedosa y c\u00e1lida. La composici\u00f3n vegana a base de agua protege el material y mantiene la superficie de su juguete agradable y suave.<\/p>\n","protected":false},"excerpt":{"rendered":"<p>Una cubierta exterior de silicona en gel resistente encierra dos potentes vibradores con 9 modos \u00fanicos para enviar la estimulaci\u00f3n a un \u00e9xtasis, mientras que un lujoso interior forrado con doble densidad \u00a0gelsilicone, una silicona en gel suave que adapta r\u00e1pidamente el calor corporal a la temperatura del Jamyjob. Los botones individuales operan las funciones [&hellip;]<\/p>\n","protected":false},"featured_media":6104,"comment_status":"open","ping_status":"closed","template":"","meta":{"_eb_attr":"","site-sidebar-layout":"default","site-content-layout":"default","ast-site-content-layout":"default","site-content-style":"default","site-sidebar-style":"default","ast-global-header-display":"","ast-banner-title-visibility":"","ast-main-header-display":"","ast-hfb-above-header-display":"","ast-hfb-below-header-display":"","ast-hfb-mobile-header-display":"","site-post-title":"","ast-breadcrumbs-content":"","ast-featured-img":"","footer-sml-layout":"","ast-disable-related-posts":"","theme-transparent-header-meta":"default","adv-header-id-meta":"","stick-header-meta":"","header-above-stick-meta":"","header-main-stick-meta":"","header-below-stick-meta":"","astra-migrate-meta-layouts":"default","ast-page-background-enabled":"default","ast-page-background-meta":{"desktop":{"background-color":"var(--ast-global-color-4)","background-image":"","background-repeat":"repeat","background-position":"center center","background-size":"auto","background-attachment":"scroll","background-type":"","background-media":"","overlay-type":"","overlay-color":"","overlay-opacity":"","overlay-gradient":""},"tablet":{"background-color":"","background-image":"","background-repeat":"repeat","background-position":"center center","background-size":"auto","background-attachment":"scroll","background-type":"","background-media":"","overlay-type":"","overlay-color":"","overlay-opacity":"","overlay-gradient":""},"mobile":{"background-color":"","background-image":"","background-repeat":"repeat","background-position":"center center","background-size":"auto","background-attachment":"scroll","background-type":"","background-media":"","overlay-type":"","overlay-color":"","overlay-opacity":"","overlay-gradient":""}},"ast-content-background-meta":{"desktop":{"background-color":"var(--ast-global-color-5)","background-image":"","background-repeat":"repeat","background-position":"center center","background-size":"auto","background-attachment":"scroll","background-type":"","background-media":"","overlay-type":"","overlay-color":"","overlay-opacity":"","overlay-gradient":""},"tablet":{"background-color":"var(--ast-global-color-5)","background-image":"","background-repeat":"repeat","background-position":"center center","background-size":"auto","background-attachment":"scroll","background-type":"","background-media":"","overlay-type":"","overlay-color":"","overlay-opacity":"","overlay-gradient":""},"mobile":{"background-color":"var(--ast-global-color-5)","background-image":"","background-repeat":"repeat","background-position":"center center","background-size":"auto","background-attachment":"scroll","background-type":"","background-media":"","overlay-type":"","overlay-color":"","overlay-opacity":"","overlay-gradient":""}}},"product_brand":[],"product_cat":[273,276],"product_tag":[],"class_list":{"0":"post-6098","1":"product","2":"type-product","3":"status-publish","4":"has-post-thumbnail","6":"product_cat-juguetes-para-hombres","7":"product_cat-masturbadores-para-ellos","8":"desktop-align-left","9":"tablet-align-left","10":"mobile-align-left","12":"first","13":"instock","14":"shipping-taxable","15":"purchasable","16":"product-type-simple"},"_links":{"self":[{"href":"https:\/\/chibolita.es\/index.php\/wp-json\/wp\/v2\/product\/6098","targetHints":{"allow":["GET"]}}],"collection":[{"href":"https:\/\/chibolita.es\/index.php\/wp-json\/wp\/v2\/product"}],"about":[{"href":"https:\/\/chibolita.es\/index.php\/wp-json\/wp\/v2\/types\/product"}],"replies":[{"embeddable":true,"href":"https:\/\/chibolita.es\/index.php\/wp-json\/wp\/v2\/comments?post=6098"}],"wp:featuredmedia":[{"embeddable":true,"href":"https:\/\/chibolita.es\/index.php\/wp-json\/wp\/v2\/media\/6104"}],"wp:attachment":[{"href":"https:\/\/chibolita.es\/index.php\/wp-json\/wp\/v2\/media?parent=6098"}],"wp:term":[{"taxonomy":"product_brand","embeddable":true,"href":"https:\/\/chibolita.es\/index.php\/wp-json\/wp\/v2\/product_brand?post=6098"},{"taxonomy":"product_cat","embeddable":true,"href":"https:\/\/chibolita.es\/index.php\/wp-json\/wp\/v2\/product_cat?post=6098"},{"taxonomy":"product_tag","embeddable":true,"href":"https:\/\/chibolita.es\/index.php\/wp-json\/wp\/v2\/product_tag?post=6098"}],"curies":[{"name":"wp","href":"https:\/\/api.w.org\/{rel}","templated":true}]}}