{"id":6073,"date":"2023-05-14T14:32:42","date_gmt":"2023-05-14T14:32:42","guid":{"rendered":"https:\/\/chibolita.es\/?post_type=product&#038;p=6073"},"modified":"2023-05-14T14:35:33","modified_gmt":"2023-05-14T14:35:33","slug":"jamyjob-spinjob-masturbador-con-rotacion","status":"publish","type":"product","link":"https:\/\/chibolita.es\/index.php\/product\/jamyjob-spinjob-masturbador-con-rotacion\/","title":{"rendered":"JAMYJOB SPINJOB MASTURBADOR CON ROTACION"},"content":{"rendered":"<p>Bienvenido al futuro. Este art\u00edculo de alta tecnolog\u00eda no solo simula a la perfecci\u00f3n el sexo oral, sino que lo mejora.\u00a0Redefine el placer con sus poderosas rotaciones, escoge entre sus tres velocidades.\u00a0Sus surcos est\u00e1n colocados estrat\u00e9gicamente para mejorar aun m\u00e1s la sensaci\u00f3n de realismo.<\/p>\n<ul>\n<li>Simulador sexo oral con rotaci\u00f3n.<\/li>\n<li>3 velocidades de rotaci\u00f3n.<\/li>\n<li>USB recargable<\/li>\n<li>Alta tecnolog\u00eda con rotaci\u00f3n 360\u00ba<\/li>\n<li>Placentera textura interior.<\/li>\n<li>Material: TPE y ABS<\/li>\n<li>Limpieza f\u00e1cil<\/li>\n<li>Bodysafe y sin ftalatos.<\/li>\n<li>Insertable 8 cm<\/li>\n<\/ul>\n<p>\u00a1Con el Spinjob de Jamyjob vivir\u00e1s la experiencia m\u00e1s real\u00edstica de sexo oral que hayas tenido!<\/p>\n","protected":false},"excerpt":{"rendered":"<p>Bienvenido al futuro. Este art\u00edculo de alta tecnolog\u00eda no solo simula a la perfecci\u00f3n el sexo oral, sino que lo mejora.\u00a0Redefine el placer con sus poderosas rotaciones, escoge entre sus tres velocidades.\u00a0Sus surcos est\u00e1n colocados estrat\u00e9gicamente para mejorar aun m\u00e1s la sensaci\u00f3n de realismo. Simulador sexo oral con rotaci\u00f3n. 3 velocidades de rotaci\u00f3n. USB recargable [&hellip;]<\/p>\n","protected":false},"featured_media":6084,"comment_status":"open","ping_status":"closed","template":"","meta":{"_eb_attr":"","site-sidebar-layout":"default","site-content-layout":"default","ast-site-content-layout":"default","site-content-style":"default","site-sidebar-style":"default","ast-global-header-display":"","ast-banner-title-visibility":"","ast-main-header-display":"","ast-hfb-above-header-display":"","ast-hfb-below-header-display":"","ast-hfb-mobile-header-display":"","site-post-title":"","ast-breadcrumbs-content":"","ast-featured-img":"","footer-sml-layout":"","ast-disable-related-posts":"","theme-transparent-header-meta":"default","adv-header-id-meta":"","stick-header-meta":"","header-above-stick-meta":"","header-main-stick-meta":"","header-below-stick-meta":"","astra-migrate-meta-layouts":"default","ast-page-background-enabled":"default","ast-page-background-meta":{"desktop":{"background-color":"var(--ast-global-color-4)","background-image":"","background-repeat":"repeat","background-position":"center center","background-size":"auto","background-attachment":"scroll","background-type":"","background-media":"","overlay-type":"","overlay-color":"","overlay-opacity":"","overlay-gradient":""},"tablet":{"background-color":"","background-image":"","background-repeat":"repeat","background-position":"center center","background-size":"auto","background-attachment":"scroll","background-type":"","background-media":"","overlay-type":"","overlay-color":"","overlay-opacity":"","overlay-gradient":""},"mobile":{"background-color":"","background-image":"","background-repeat":"repeat","background-position":"center center","background-size":"auto","background-attachment":"scroll","background-type":"","background-media":"","overlay-type":"","overlay-color":"","overlay-opacity":"","overlay-gradient":""}},"ast-content-background-meta":{"desktop":{"background-color":"var(--ast-global-color-5)","background-image":"","background-repeat":"repeat","background-position":"center center","background-size":"auto","background-attachment":"scroll","background-type":"","background-media":"","overlay-type":"","overlay-color":"","overlay-opacity":"","overlay-gradient":""},"tablet":{"background-color":"var(--ast-global-color-5)","background-image":"","background-repeat":"repeat","background-position":"center center","background-size":"auto","background-attachment":"scroll","background-type":"","background-media":"","overlay-type":"","overlay-color":"","overlay-opacity":"","overlay-gradient":""},"mobile":{"background-color":"var(--ast-global-color-5)","background-image":"","background-repeat":"repeat","background-position":"center center","background-size":"auto","background-attachment":"scroll","background-type":"","background-media":"","overlay-type":"","overlay-color":"","overlay-opacity":"","overlay-gradient":""}}},"product_brand":[],"product_cat":[273,276],"product_tag":[],"class_list":{"0":"post-6073","1":"product","2":"type-product","3":"status-publish","4":"has-post-thumbnail","6":"product_cat-juguetes-para-hombres","7":"product_cat-masturbadores-para-ellos","8":"desktop-align-left","9":"tablet-align-left","10":"mobile-align-left","12":"first","13":"instock","14":"shipping-taxable","15":"purchasable","16":"product-type-simple"},"_links":{"self":[{"href":"https:\/\/chibolita.es\/index.php\/wp-json\/wp\/v2\/product\/6073","targetHints":{"allow":["GET"]}}],"collection":[{"href":"https:\/\/chibolita.es\/index.php\/wp-json\/wp\/v2\/product"}],"about":[{"href":"https:\/\/chibolita.es\/index.php\/wp-json\/wp\/v2\/types\/product"}],"replies":[{"embeddable":true,"href":"https:\/\/chibolita.es\/index.php\/wp-json\/wp\/v2\/comments?post=6073"}],"wp:featuredmedia":[{"embeddable":true,"href":"https:\/\/chibolita.es\/index.php\/wp-json\/wp\/v2\/media\/6084"}],"wp:attachment":[{"href":"https:\/\/chibolita.es\/index.php\/wp-json\/wp\/v2\/media?parent=6073"}],"wp:term":[{"taxonomy":"product_brand","embeddable":true,"href":"https:\/\/chibolita.es\/index.php\/wp-json\/wp\/v2\/product_brand?post=6073"},{"taxonomy":"product_cat","embeddable":true,"href":"https:\/\/chibolita.es\/index.php\/wp-json\/wp\/v2\/product_cat?post=6073"},{"taxonomy":"product_tag","embeddable":true,"href":"https:\/\/chibolita.es\/index.php\/wp-json\/wp\/v2\/product_tag?post=6073"}],"curies":[{"name":"wp","href":"https:\/\/api.w.org\/{rel}","templated":true}]}}