{"id":6047,"date":"2023-05-14T14:19:26","date_gmt":"2023-05-14T14:19:26","guid":{"rendered":"https:\/\/chibolita.es\/?post_type=product&#038;p=6047"},"modified":"2023-05-14T14:20:17","modified_gmt":"2023-05-14T14:20:17","slug":"pump-worx-bomba-de-ereccion-principiantes-transparente","status":"publish","type":"product","link":"https:\/\/chibolita.es\/index.php\/product\/pump-worx-bomba-de-ereccion-principiantes-transparente\/","title":{"rendered":"PUMP WORX BOMBA DE ERECCION PRINCIPIANTES TRANSPARENTE"},"content":{"rendered":"<p>La bomba de erecci\u00f3n para principiantes te dar\u00e1 el tama\u00f1o y confianza que siempre hab\u00edas deseado sin necesidad de cirug\u00eda.<\/p>\n<p>Despu\u00e9s de s\u00f3lo unas pocas veces, descubrir\u00e1s erecciones gruesas y palpitantes que duran y duran.<\/p>\n<p>Desarrollado como una segura y asequible alternativa no quir\u00fargica a los costosos procedimientos m\u00e9dicos y pastillas, esta bomba de pene de mano es el camino m\u00e1s f\u00e1cil para agrandar tu pene al instante sin ning\u00fan tipo de efecto secundario.<\/p>\n<ul>\n<li>100% Libre de Phalatos.<\/li>\n<\/ul>\n<p>Para usarlo, simplemente introduce tu pene en el cilindro, aprieta la manilla de estilo m\u00e9dico, y mira como tu pene obtiene el poder con mucho placer!<\/p>\n<p>La boquilla el\u00e1stica forma un sello perfectamente apretado contra tu piel y crea un vac\u00edo de gran alcance dentro de la c\u00e1mara, obligando a tu pene a expandirse r\u00e1pidamente tanto en longitud como en grosor.<\/p>\n<p>El cilindro transparente te permite ver como tu miembro se hace m\u00e1s grande y m\u00e1s gordo con cada bombeo.<\/p>\n<p>Cuando hayas alcanzado el tama\u00f1o deseado, simplemente presiona el bot\u00f3n de liberaci\u00f3n r\u00e1pida para aliviar la presi\u00f3n al instante y ya estas listo para jugar!<\/p>\n<p>Utiliza el anillo que va incluido para ayudar a mantener la erecci\u00f3n y prolongar la eyaculaci\u00f3n.<\/p>\n<p>Cuando hayas terminado, s\u00f3lo tienes que separar el cilindro de la manguera y limpiarlo con el gel<\/p>\n<p>limpiador de juguetes de Pipedream y agua tibia.<\/p>\n<ul>\n<li>Incluye muestras de lubricante y gel limpiador de juguetes.<\/li>\n<\/ul>\n","protected":false},"excerpt":{"rendered":"<p>La bomba de erecci\u00f3n para principiantes te dar\u00e1 el tama\u00f1o y confianza que siempre hab\u00edas deseado sin necesidad de cirug\u00eda. Despu\u00e9s de s\u00f3lo unas pocas veces, descubrir\u00e1s erecciones gruesas y palpitantes que duran y duran. Desarrollado como una segura y asequible alternativa no quir\u00fargica a los costosos procedimientos m\u00e9dicos y pastillas, esta bomba de pene [&hellip;]<\/p>\n","protected":false},"featured_media":6049,"comment_status":"open","ping_status":"closed","template":"","meta":{"_eb_attr":"","site-sidebar-layout":"default","site-content-layout":"default","ast-site-content-layout":"default","site-content-style":"default","site-sidebar-style":"default","ast-global-header-display":"","ast-banner-title-visibility":"","ast-main-header-display":"","ast-hfb-above-header-display":"","ast-hfb-below-header-display":"","ast-hfb-mobile-header-display":"","site-post-title":"","ast-breadcrumbs-content":"","ast-featured-img":"","footer-sml-layout":"","ast-disable-related-posts":"","theme-transparent-header-meta":"default","adv-header-id-meta":"","stick-header-meta":"","header-above-stick-meta":"","header-main-stick-meta":"","header-below-stick-meta":"","astra-migrate-meta-layouts":"default","ast-page-background-enabled":"default","ast-page-background-meta":{"desktop":{"background-color":"var(--ast-global-color-4)","background-image":"","background-repeat":"repeat","background-position":"center center","background-size":"auto","background-attachment":"scroll","background-type":"","background-media":"","overlay-type":"","overlay-color":"","overlay-opacity":"","overlay-gradient":""},"tablet":{"background-color":"","background-image":"","background-repeat":"repeat","background-position":"center center","background-size":"auto","background-attachment":"scroll","background-type":"","background-media":"","overlay-type":"","overlay-color":"","overlay-opacity":"","overlay-gradient":""},"mobile":{"background-color":"","background-image":"","background-repeat":"repeat","background-position":"center center","background-size":"auto","background-attachment":"scroll","background-type":"","background-media":"","overlay-type":"","overlay-color":"","overlay-opacity":"","overlay-gradient":""}},"ast-content-background-meta":{"desktop":{"background-color":"var(--ast-global-color-5)","background-image":"","background-repeat":"repeat","background-position":"center center","background-size":"auto","background-attachment":"scroll","background-type":"","background-media":"","overlay-type":"","overlay-color":"","overlay-opacity":"","overlay-gradient":""},"tablet":{"background-color":"var(--ast-global-color-5)","background-image":"","background-repeat":"repeat","background-position":"center center","background-size":"auto","background-attachment":"scroll","background-type":"","background-media":"","overlay-type":"","overlay-color":"","overlay-opacity":"","overlay-gradient":""},"mobile":{"background-color":"var(--ast-global-color-5)","background-image":"","background-repeat":"repeat","background-position":"center center","background-size":"auto","background-attachment":"scroll","background-type":"","background-media":"","overlay-type":"","overlay-color":"","overlay-opacity":"","overlay-gradient":""}}},"product_brand":[],"product_cat":[243,275],"product_tag":[],"class_list":{"0":"post-6047","1":"product","2":"type-product","3":"status-publish","4":"has-post-thumbnail","6":"product_cat-aumento-del-pene","7":"product_cat-bomba-alargadora-pene","8":"desktop-align-left","9":"tablet-align-left","10":"mobile-align-left","12":"first","13":"instock","14":"shipping-taxable","15":"purchasable","16":"product-type-simple"},"_links":{"self":[{"href":"https:\/\/chibolita.es\/index.php\/wp-json\/wp\/v2\/product\/6047","targetHints":{"allow":["GET"]}}],"collection":[{"href":"https:\/\/chibolita.es\/index.php\/wp-json\/wp\/v2\/product"}],"about":[{"href":"https:\/\/chibolita.es\/index.php\/wp-json\/wp\/v2\/types\/product"}],"replies":[{"embeddable":true,"href":"https:\/\/chibolita.es\/index.php\/wp-json\/wp\/v2\/comments?post=6047"}],"wp:featuredmedia":[{"embeddable":true,"href":"https:\/\/chibolita.es\/index.php\/wp-json\/wp\/v2\/media\/6049"}],"wp:attachment":[{"href":"https:\/\/chibolita.es\/index.php\/wp-json\/wp\/v2\/media?parent=6047"}],"wp:term":[{"taxonomy":"product_brand","embeddable":true,"href":"https:\/\/chibolita.es\/index.php\/wp-json\/wp\/v2\/product_brand?post=6047"},{"taxonomy":"product_cat","embeddable":true,"href":"https:\/\/chibolita.es\/index.php\/wp-json\/wp\/v2\/product_cat?post=6047"},{"taxonomy":"product_tag","embeddable":true,"href":"https:\/\/chibolita.es\/index.php\/wp-json\/wp\/v2\/product_tag?post=6047"}],"curies":[{"name":"wp","href":"https:\/\/api.w.org\/{rel}","templated":true}]}}