{"id":6043,"date":"2023-05-14T14:18:02","date_gmt":"2023-05-14T14:18:02","guid":{"rendered":"https:\/\/chibolita.es\/?post_type=product&#038;p=6043"},"modified":"2023-05-14T14:18:56","modified_gmt":"2023-05-14T14:18:56","slug":"pump-worx-bomba-de-ereccion-con-vagina-para-principiantes","status":"publish","type":"product","link":"https:\/\/chibolita.es\/index.php\/product\/pump-worx-bomba-de-ereccion-con-vagina-para-principiantes\/","title":{"rendered":"PUMP WORX BOMBA DE ERECCION CON VAGINA PARA PRINCIPIANTES"},"content":{"rendered":"<p>Hemos tomado el tacto suave y de apariencia real de una vagina, combinada con una bomba de erecci\u00f3n que te permitir\u00e1 rendir m\u00e1s! Despu\u00e9s de s\u00f3lo unas pocas veces, descubrir\u00e1s gruesas y palpitantes erecciones que duran y duran.<\/p>\n<p>Desliza tu pene en el interior de la vagina real\u00edstica, inserta tu pene en el cilindro de vac\u00edo y apriete la manilla!<\/p>\n<p>La vagina suave est\u00e1 completamente sujeta y unida a la bomba de erecci\u00f3n, creando un vac\u00edo dentro de la c\u00e1mara, obligando a que tu pene se ponga duro y erecto con mucha potencia.<\/p>\n<ul>\n<li>Una vez que haya crecido lo suficiente, puedes cogerlo y usarlo como un masturbador!<\/li>\n<\/ul>\n<p>Cuando hayas terminado, s\u00f3lo tienes que separar el cilindro de la manguera y la limpieza es muy f\u00e1cil con el limpiador de de juguetes Pipedream y agua tibia<\/p>\n","protected":false},"excerpt":{"rendered":"<p>Hemos tomado el tacto suave y de apariencia real de una vagina, combinada con una bomba de erecci\u00f3n que te permitir\u00e1 rendir m\u00e1s! Despu\u00e9s de s\u00f3lo unas pocas veces, descubrir\u00e1s gruesas y palpitantes erecciones que duran y duran. Desliza tu pene en el interior de la vagina real\u00edstica, inserta tu pene en el cilindro de [&hellip;]<\/p>\n","protected":false},"featured_media":6046,"comment_status":"open","ping_status":"closed","template":"","meta":{"_eb_attr":"","site-sidebar-layout":"default","site-content-layout":"default","ast-site-content-layout":"default","site-content-style":"default","site-sidebar-style":"default","ast-global-header-display":"","ast-banner-title-visibility":"","ast-main-header-display":"","ast-hfb-above-header-display":"","ast-hfb-below-header-display":"","ast-hfb-mobile-header-display":"","site-post-title":"","ast-breadcrumbs-content":"","ast-featured-img":"","footer-sml-layout":"","ast-disable-related-posts":"","theme-transparent-header-meta":"default","adv-header-id-meta":"","stick-header-meta":"","header-above-stick-meta":"","header-main-stick-meta":"","header-below-stick-meta":"","astra-migrate-meta-layouts":"default","ast-page-background-enabled":"default","ast-page-background-meta":{"desktop":{"background-color":"var(--ast-global-color-4)","background-image":"","background-repeat":"repeat","background-position":"center center","background-size":"auto","background-attachment":"scroll","background-type":"","background-media":"","overlay-type":"","overlay-color":"","overlay-opacity":"","overlay-gradient":""},"tablet":{"background-color":"","background-image":"","background-repeat":"repeat","background-position":"center center","background-size":"auto","background-attachment":"scroll","background-type":"","background-media":"","overlay-type":"","overlay-color":"","overlay-opacity":"","overlay-gradient":""},"mobile":{"background-color":"","background-image":"","background-repeat":"repeat","background-position":"center center","background-size":"auto","background-attachment":"scroll","background-type":"","background-media":"","overlay-type":"","overlay-color":"","overlay-opacity":"","overlay-gradient":""}},"ast-content-background-meta":{"desktop":{"background-color":"var(--ast-global-color-5)","background-image":"","background-repeat":"repeat","background-position":"center center","background-size":"auto","background-attachment":"scroll","background-type":"","background-media":"","overlay-type":"","overlay-color":"","overlay-opacity":"","overlay-gradient":""},"tablet":{"background-color":"var(--ast-global-color-5)","background-image":"","background-repeat":"repeat","background-position":"center center","background-size":"auto","background-attachment":"scroll","background-type":"","background-media":"","overlay-type":"","overlay-color":"","overlay-opacity":"","overlay-gradient":""},"mobile":{"background-color":"var(--ast-global-color-5)","background-image":"","background-repeat":"repeat","background-position":"center center","background-size":"auto","background-attachment":"scroll","background-type":"","background-media":"","overlay-type":"","overlay-color":"","overlay-opacity":"","overlay-gradient":""}}},"product_brand":[],"product_cat":[243,275,273,276],"product_tag":[],"class_list":{"0":"post-6043","1":"product","2":"type-product","3":"status-publish","4":"has-post-thumbnail","6":"product_cat-aumento-del-pene","7":"product_cat-bomba-alargadora-pene","8":"product_cat-juguetes-para-hombres","9":"product_cat-masturbadores-para-ellos","10":"desktop-align-left","11":"tablet-align-left","12":"mobile-align-left","14":"first","15":"instock","16":"shipping-taxable","17":"purchasable","18":"product-type-simple"},"_links":{"self":[{"href":"https:\/\/chibolita.es\/index.php\/wp-json\/wp\/v2\/product\/6043","targetHints":{"allow":["GET"]}}],"collection":[{"href":"https:\/\/chibolita.es\/index.php\/wp-json\/wp\/v2\/product"}],"about":[{"href":"https:\/\/chibolita.es\/index.php\/wp-json\/wp\/v2\/types\/product"}],"replies":[{"embeddable":true,"href":"https:\/\/chibolita.es\/index.php\/wp-json\/wp\/v2\/comments?post=6043"}],"wp:featuredmedia":[{"embeddable":true,"href":"https:\/\/chibolita.es\/index.php\/wp-json\/wp\/v2\/media\/6046"}],"wp:attachment":[{"href":"https:\/\/chibolita.es\/index.php\/wp-json\/wp\/v2\/media?parent=6043"}],"wp:term":[{"taxonomy":"product_brand","embeddable":true,"href":"https:\/\/chibolita.es\/index.php\/wp-json\/wp\/v2\/product_brand?post=6043"},{"taxonomy":"product_cat","embeddable":true,"href":"https:\/\/chibolita.es\/index.php\/wp-json\/wp\/v2\/product_cat?post=6043"},{"taxonomy":"product_tag","embeddable":true,"href":"https:\/\/chibolita.es\/index.php\/wp-json\/wp\/v2\/product_tag?post=6043"}],"curies":[{"name":"wp","href":"https:\/\/api.w.org\/{rel}","templated":true}]}}