{"id":6037,"date":"2023-05-14T14:16:15","date_gmt":"2023-05-14T14:16:15","guid":{"rendered":"https:\/\/chibolita.es\/?post_type=product&#038;p=6037"},"modified":"2023-05-14T14:17:24","modified_gmt":"2023-05-14T14:17:24","slug":"bathmate-hydromax-7-bomba-aumento-pene-transparente","status":"publish","type":"product","link":"https:\/\/chibolita.es\/index.php\/product\/bathmate-hydromax-7-bomba-aumento-pene-transparente\/","title":{"rendered":"BATHMATE HYDROMAX 7 BOMBA AUMENTO PENE TRANSPARENTE"},"content":{"rendered":"<p>\u00bfQuieres maximizar tu potencial? Bathmate es la marca definitiva en bombas para el pene, que utiliza la presi\u00f3n del agua para generar ganancias duraderas en longitud y circunferencia. Est\u00e1 patentada bajo el nombre de Hydro, uno de los dispositvos de alargamiento de pene m\u00e1s vendidos del mundo.<\/p>\n<p>Las bombas Bathmate est\u00e1n dise\u00f1adas para ser utilizadas en el ba\u00f1o o en la ducha, ofreciendouna manera conveniente y efectiva de ejercitar su virilidad, lo que resulta un crecimiento natural. La colecci\u00f3n ofrece una gran variedad de bombas, desde los modelos cl\u00e1sicos en varios tama\u00f1os hasta la serie Hydro X, bombas con mayor intensidad y resultados m\u00e1s r\u00e1pidos. Adem\u00e1s de las innovadoras bombas de presi\u00f3n hidr\u00e1ulica, Bathmate tambi\u00e9n vende una gran selecci\u00f3n de potentes anillos para el pene, perfectos para aumentar la durabilidad y potencia.<\/p>\n<p>La bomba Hydromax7 es la elecci\u00f3n perfecta para los hombres que desean alargar su pene y aumentar la resistencia. Esta bomba mantiene el pene en plena forma, lo que aumenta la presi\u00f3n de sangre para una erecci\u00f3n m\u00e1s impresionante.<\/p>\n<p>La bomba Hydromax7 es m\u00e1s grande que la Hydro y cuenta con un suave sello y un anillo de lo m\u00e1s confortable. Esta bomba est\u00e1 dise\u00f1ada para una comodidad total y el detalle texturizado del tubo vac\u00edo permite un control m\u00e1s f\u00e1cil gracias a un gran agarre. Esta bomba dilata los vasos sangu\u00edneos y la v\u00e1lvula de cierre permite el llenado con una sola mano para una mayor comodidad.<\/p>\n<ul>\n<li>Color: Transparente<\/li>\n<\/ul>\n","protected":false},"excerpt":{"rendered":"<p>\u00bfQuieres maximizar tu potencial? Bathmate es la marca definitiva en bombas para el pene, que utiliza la presi\u00f3n del agua para generar ganancias duraderas en longitud y circunferencia. Est\u00e1 patentada bajo el nombre de Hydro, uno de los dispositvos de alargamiento de pene m\u00e1s vendidos del mundo. Las bombas Bathmate est\u00e1n dise\u00f1adas para ser utilizadas [&hellip;]<\/p>\n","protected":false},"featured_media":6042,"comment_status":"open","ping_status":"closed","template":"","meta":{"_eb_attr":"","site-sidebar-layout":"default","site-content-layout":"default","ast-site-content-layout":"default","site-content-style":"default","site-sidebar-style":"default","ast-global-header-display":"","ast-banner-title-visibility":"","ast-main-header-display":"","ast-hfb-above-header-display":"","ast-hfb-below-header-display":"","ast-hfb-mobile-header-display":"","site-post-title":"","ast-breadcrumbs-content":"","ast-featured-img":"","footer-sml-layout":"","ast-disable-related-posts":"","theme-transparent-header-meta":"default","adv-header-id-meta":"","stick-header-meta":"","header-above-stick-meta":"","header-main-stick-meta":"","header-below-stick-meta":"","astra-migrate-meta-layouts":"default","ast-page-background-enabled":"default","ast-page-background-meta":{"desktop":{"background-color":"var(--ast-global-color-4)","background-image":"","background-repeat":"repeat","background-position":"center center","background-size":"auto","background-attachment":"scroll","background-type":"","background-media":"","overlay-type":"","overlay-color":"","overlay-opacity":"","overlay-gradient":""},"tablet":{"background-color":"","background-image":"","background-repeat":"repeat","background-position":"center center","background-size":"auto","background-attachment":"scroll","background-type":"","background-media":"","overlay-type":"","overlay-color":"","overlay-opacity":"","overlay-gradient":""},"mobile":{"background-color":"","background-image":"","background-repeat":"repeat","background-position":"center center","background-size":"auto","background-attachment":"scroll","background-type":"","background-media":"","overlay-type":"","overlay-color":"","overlay-opacity":"","overlay-gradient":""}},"ast-content-background-meta":{"desktop":{"background-color":"var(--ast-global-color-5)","background-image":"","background-repeat":"repeat","background-position":"center center","background-size":"auto","background-attachment":"scroll","background-type":"","background-media":"","overlay-type":"","overlay-color":"","overlay-opacity":"","overlay-gradient":""},"tablet":{"background-color":"var(--ast-global-color-5)","background-image":"","background-repeat":"repeat","background-position":"center center","background-size":"auto","background-attachment":"scroll","background-type":"","background-media":"","overlay-type":"","overlay-color":"","overlay-opacity":"","overlay-gradient":""},"mobile":{"background-color":"var(--ast-global-color-5)","background-image":"","background-repeat":"repeat","background-position":"center center","background-size":"auto","background-attachment":"scroll","background-type":"","background-media":"","overlay-type":"","overlay-color":"","overlay-opacity":"","overlay-gradient":""}}},"product_brand":[],"product_cat":[243,275],"product_tag":[],"class_list":{"0":"post-6037","1":"product","2":"type-product","3":"status-publish","4":"has-post-thumbnail","6":"product_cat-aumento-del-pene","7":"product_cat-bomba-alargadora-pene","8":"desktop-align-left","9":"tablet-align-left","10":"mobile-align-left","12":"first","13":"instock","14":"sale","15":"shipping-taxable","16":"purchasable","17":"product-type-simple"},"_links":{"self":[{"href":"https:\/\/chibolita.es\/index.php\/wp-json\/wp\/v2\/product\/6037","targetHints":{"allow":["GET"]}}],"collection":[{"href":"https:\/\/chibolita.es\/index.php\/wp-json\/wp\/v2\/product"}],"about":[{"href":"https:\/\/chibolita.es\/index.php\/wp-json\/wp\/v2\/types\/product"}],"replies":[{"embeddable":true,"href":"https:\/\/chibolita.es\/index.php\/wp-json\/wp\/v2\/comments?post=6037"}],"wp:featuredmedia":[{"embeddable":true,"href":"https:\/\/chibolita.es\/index.php\/wp-json\/wp\/v2\/media\/6042"}],"wp:attachment":[{"href":"https:\/\/chibolita.es\/index.php\/wp-json\/wp\/v2\/media?parent=6037"}],"wp:term":[{"taxonomy":"product_brand","embeddable":true,"href":"https:\/\/chibolita.es\/index.php\/wp-json\/wp\/v2\/product_brand?post=6037"},{"taxonomy":"product_cat","embeddable":true,"href":"https:\/\/chibolita.es\/index.php\/wp-json\/wp\/v2\/product_cat?post=6037"},{"taxonomy":"product_tag","embeddable":true,"href":"https:\/\/chibolita.es\/index.php\/wp-json\/wp\/v2\/product_tag?post=6037"}],"curies":[{"name":"wp","href":"https:\/\/api.w.org\/{rel}","templated":true}]}}