{"id":6034,"date":"2023-05-14T14:14:50","date_gmt":"2023-05-14T14:14:50","guid":{"rendered":"https:\/\/chibolita.es\/?post_type=product&#038;p=6034"},"modified":"2023-05-14T14:15:33","modified_gmt":"2023-05-14T14:15:33","slug":"pump-worx-bomba-de-ereccion-europea","status":"publish","type":"product","link":"https:\/\/chibolita.es\/index.php\/product\/pump-worx-bomba-de-ereccion-europea\/","title":{"rendered":"PUMP WORX BOMBA DE ERECCION EUROPEA"},"content":{"rendered":"<p>Inspirada en el dise\u00f1o europeo y desarrollada para producir los m\u00e1ximos resultados, la bomba de erecci\u00f3n Euro es la primera opci\u00f3n para aquellos que quieran alargar su pene.<\/p>\n<p>Con cada apret\u00f3n de la manilla de estilo m\u00e9dico, tu barra del placer se har\u00e1 m\u00e1s grande, m\u00e1s dura y rebosante de poder.<\/p>\n<ul>\n<li>Medidas del cilindro: 20 x 5 cm.<\/li>\n<li>100% Libre de Phalatos.<\/li>\n<\/ul>\n<p>Una vez que la introduces a trav\u00e9s de la apertura suave de PVC, r\u00e1pidamente descubrir\u00e1s erecciones duras como piedras que duran, y duran, y duran.<\/p>\n<p>El tubo de color ahumado te permite ver como tu pene crece, mientras que la v\u00e1lvula liberadora de la manilla te permite aliviar la presi\u00f3n con solo pulsar un bot\u00f3n.<\/p>\n<p>Rechaza imitaciones, solo este poderoso desarrollador puede ofrecerte resultados satisfactorios!<\/p>\n<p>Cuando hayas terminado, s\u00f3lo tienes que separar el cilindro de la manguera y limpiarlo con el gel limpiador de juguetes de Pipedream y agua tibia.<\/p>\n","protected":false},"excerpt":{"rendered":"<p>Inspirada en el dise\u00f1o europeo y desarrollada para producir los m\u00e1ximos resultados, la bomba de erecci\u00f3n Euro es la primera opci\u00f3n para aquellos que quieran alargar su pene. Con cada apret\u00f3n de la manilla de estilo m\u00e9dico, tu barra del placer se har\u00e1 m\u00e1s grande, m\u00e1s dura y rebosante de poder. Medidas del cilindro: 20 [&hellip;]<\/p>\n","protected":false},"featured_media":6036,"comment_status":"open","ping_status":"closed","template":"","meta":{"_eb_attr":"","site-sidebar-layout":"default","site-content-layout":"default","ast-site-content-layout":"default","site-content-style":"default","site-sidebar-style":"default","ast-global-header-display":"","ast-banner-title-visibility":"","ast-main-header-display":"","ast-hfb-above-header-display":"","ast-hfb-below-header-display":"","ast-hfb-mobile-header-display":"","site-post-title":"","ast-breadcrumbs-content":"","ast-featured-img":"","footer-sml-layout":"","ast-disable-related-posts":"","theme-transparent-header-meta":"default","adv-header-id-meta":"","stick-header-meta":"","header-above-stick-meta":"","header-main-stick-meta":"","header-below-stick-meta":"","astra-migrate-meta-layouts":"default","ast-page-background-enabled":"default","ast-page-background-meta":{"desktop":{"background-color":"var(--ast-global-color-4)","background-image":"","background-repeat":"repeat","background-position":"center center","background-size":"auto","background-attachment":"scroll","background-type":"","background-media":"","overlay-type":"","overlay-color":"","overlay-opacity":"","overlay-gradient":""},"tablet":{"background-color":"","background-image":"","background-repeat":"repeat","background-position":"center center","background-size":"auto","background-attachment":"scroll","background-type":"","background-media":"","overlay-type":"","overlay-color":"","overlay-opacity":"","overlay-gradient":""},"mobile":{"background-color":"","background-image":"","background-repeat":"repeat","background-position":"center center","background-size":"auto","background-attachment":"scroll","background-type":"","background-media":"","overlay-type":"","overlay-color":"","overlay-opacity":"","overlay-gradient":""}},"ast-content-background-meta":{"desktop":{"background-color":"var(--ast-global-color-5)","background-image":"","background-repeat":"repeat","background-position":"center center","background-size":"auto","background-attachment":"scroll","background-type":"","background-media":"","overlay-type":"","overlay-color":"","overlay-opacity":"","overlay-gradient":""},"tablet":{"background-color":"var(--ast-global-color-5)","background-image":"","background-repeat":"repeat","background-position":"center center","background-size":"auto","background-attachment":"scroll","background-type":"","background-media":"","overlay-type":"","overlay-color":"","overlay-opacity":"","overlay-gradient":""},"mobile":{"background-color":"var(--ast-global-color-5)","background-image":"","background-repeat":"repeat","background-position":"center center","background-size":"auto","background-attachment":"scroll","background-type":"","background-media":"","overlay-type":"","overlay-color":"","overlay-opacity":"","overlay-gradient":""}}},"product_brand":[],"product_cat":[243,275],"product_tag":[],"class_list":{"0":"post-6034","1":"product","2":"type-product","3":"status-publish","4":"has-post-thumbnail","6":"product_cat-aumento-del-pene","7":"product_cat-bomba-alargadora-pene","8":"desktop-align-left","9":"tablet-align-left","10":"mobile-align-left","12":"first","13":"instock","14":"shipping-taxable","15":"purchasable","16":"product-type-simple"},"_links":{"self":[{"href":"https:\/\/chibolita.es\/index.php\/wp-json\/wp\/v2\/product\/6034","targetHints":{"allow":["GET"]}}],"collection":[{"href":"https:\/\/chibolita.es\/index.php\/wp-json\/wp\/v2\/product"}],"about":[{"href":"https:\/\/chibolita.es\/index.php\/wp-json\/wp\/v2\/types\/product"}],"replies":[{"embeddable":true,"href":"https:\/\/chibolita.es\/index.php\/wp-json\/wp\/v2\/comments?post=6034"}],"wp:featuredmedia":[{"embeddable":true,"href":"https:\/\/chibolita.es\/index.php\/wp-json\/wp\/v2\/media\/6036"}],"wp:attachment":[{"href":"https:\/\/chibolita.es\/index.php\/wp-json\/wp\/v2\/media?parent=6034"}],"wp:term":[{"taxonomy":"product_brand","embeddable":true,"href":"https:\/\/chibolita.es\/index.php\/wp-json\/wp\/v2\/product_brand?post=6034"},{"taxonomy":"product_cat","embeddable":true,"href":"https:\/\/chibolita.es\/index.php\/wp-json\/wp\/v2\/product_cat?post=6034"},{"taxonomy":"product_tag","embeddable":true,"href":"https:\/\/chibolita.es\/index.php\/wp-json\/wp\/v2\/product_tag?post=6034"}],"curies":[{"name":"wp","href":"https:\/\/api.w.org\/{rel}","templated":true}]}}