{"id":6022,"date":"2023-05-14T14:08:06","date_gmt":"2023-05-14T14:08:06","guid":{"rendered":"https:\/\/chibolita.es\/?post_type=product&#038;p=6022"},"modified":"2023-05-14T14:09:15","modified_gmt":"2023-05-14T14:09:15","slug":"pump-addicted-rx3-bomba-ereccion-negro-con-masturbador","status":"publish","type":"product","link":"https:\/\/chibolita.es\/index.php\/product\/pump-addicted-rx3-bomba-ereccion-negro-con-masturbador\/","title":{"rendered":"PUMP ADDICTED RX3 BOMBA ERECCI\u00d3N NEGRO CON MASTURBADOR"},"content":{"rendered":"<p>\u00a1Todas las bombas Pump Addicted est\u00e1n aqu\u00ed para impresionar con una variedad fant\u00e1stica de dispositivos para el crecimiento del pene!<br \/>\nPump addicted es la mejor forma de mejorar su rendimiento sexual, tama\u00f1o y resistencia. Hemos enviado las muestras de productos a hombres entre 25 y 55 a\u00f1os con problemas de erecci\u00f3n o simplemente por mejorar el rendimiento y el tama\u00f1o del pene. El feedback fue positivo al 100%, todos han comprobado es el mejor producto del mercado.<\/p>\n<p>Pump Addicted ayuda a alcanzar la erecci\u00f3n de una forma m\u00e1s sencilla utilizando un sistema de vac\u00edo que hace que la sangre se concentre en el pene cuando todav\u00eda est\u00e1 fl\u00e1cido. La erecci\u00f3n se alcanza y mantiene mediante un sellado c\u00f3modo y herm\u00e9tico en la base del cuerpo, justo en la uni\u00f3n del pene con el pubis, gracias al cual se mantiene la sangre en el tronco. Gracias a la manga, el sellado es firme, c\u00f3modo y estrecho sin apretar.<\/p>\n<p>Adem\u00e1s, todos los productos Pump pueden ser combinados con el lanzamiento de Pump vibrating bullet para aumentar la sensaci\u00f3n de placer.<\/p>\n<p>Por si fuera poco, tambi\u00e9n puede ser combinado con algunos modelos de la serie Pump la manga masturbadora pleasure sleeve, disponible en dos tama\u00f1os, este fabuloso accesorio convierte a tu Pump Addicted favorito en un masturbador, pero por si fuera poco al hacer el vac\u00edo el tama\u00f1o del pene se multiplica por 5 visualmente un efecto \u00f3ptico realmente atractivo cuando utilizas Pump<br \/>\nLos doctores ven la bomba para el pene es un tratamiento efectivo y econ\u00f3mico para la disfunci\u00f3n er\u00e9ctil y declaran que el uso prolongado de dispositivos incrementar\u00e1 el tama\u00f1o del pene permanentemente.<\/p>\n<p>Otras ventajas de la variedad de PUMP ADDICTED son entre otras la dilaci\u00f3n en la eyaculaci\u00f3n, mejor\u00eda en el apetito sexual, disparo de testosterona, el mantenimiento de erecciones m\u00e1s duras y duraderas y el soporte del tejido del pene despu\u00e9s de una cirug\u00eda prost\u00e1tica.<\/p>\n<p>\u00a1PUMP ADDICTED, le da resultados instant\u00e1neos!<\/p>\n<p>Especificaciones tenicas de Pump Addicted RX3;<\/p>\n<ul>\n<li>Longitud insertable; 23cm<\/li>\n<li>Diametro total interior; 5.5 cm<\/li>\n<li>Material; Abs + Silicona<\/li>\n<li>Resistente al agua<\/li>\n<li>Libre de Phalatos<\/li>\n<li>Con\u00a0 Masturbador incluido<\/li>\n<\/ul>\n<p>\u00a1Te encanta verte en acci\u00f3n, y ahora puedes hacerlo con el masturbador pleasure Sleeve mientras utilizas tu PUMP ADDICTED! Presta atenci\u00f3n a como cada cent\u00edmetro de tu pene penetra este masturbador transparente ultra estrecha y has realidad tus perversas fantas\u00edas m\u00e1s voyeuristas. Tendr\u00e1s la sensaci\u00f3n de estar penetrando una suave vagina o ano (seg\u00fan el modelo)\u00a0 y adem\u00e1s podr\u00e1s observar como el masturbador transparente de acaricia con su textura interior creando un efecto de succi\u00f3n, aumentando tu estimulaci\u00f3n y masajeando tu pene con cada golpe, mientras que el real\u00edstico material con el que est\u00e1 fabricado (TPE) envuelve cada mil\u00edmetro de tu pene como un amante real. Hazle el amor a esta vagina hasta que explotes, para a continuaci\u00f3n ver como fluyen tus fluidos en su interior.<\/p>\n<ul>\n<li>Al utilizarlo con la succi\u00f3n de tu bomba PUMP, ver\u00e1s el pene con el doble de tama\u00f1o.<\/li>\n<li>Valido para bomba PUMP ADDICTED RX 11<\/li>\n<\/ul>\n<p>Utiliza lubricante Waterfeel si lo que quieres es un encuentro extra h\u00famedo y Waterfeel toy cleaner\u00a0 con agua tibia para cuando termines limpiarlo.<\/p>\n","protected":false},"excerpt":{"rendered":"<p>\u00a1Todas las bombas Pump Addicted est\u00e1n aqu\u00ed para impresionar con una variedad fant\u00e1stica de dispositivos para el crecimiento del pene! Pump addicted es la mejor forma de mejorar su rendimiento sexual, tama\u00f1o y resistencia. Hemos enviado las muestras de productos a hombres entre 25 y 55 a\u00f1os con problemas de erecci\u00f3n o simplemente por mejorar [&hellip;]<\/p>\n","protected":false},"featured_media":6023,"comment_status":"open","ping_status":"closed","template":"","meta":{"_eb_attr":"","site-sidebar-layout":"default","site-content-layout":"default","ast-site-content-layout":"default","site-content-style":"default","site-sidebar-style":"default","ast-global-header-display":"","ast-banner-title-visibility":"","ast-main-header-display":"","ast-hfb-above-header-display":"","ast-hfb-below-header-display":"","ast-hfb-mobile-header-display":"","site-post-title":"","ast-breadcrumbs-content":"","ast-featured-img":"","footer-sml-layout":"","ast-disable-related-posts":"","theme-transparent-header-meta":"default","adv-header-id-meta":"","stick-header-meta":"","header-above-stick-meta":"","header-main-stick-meta":"","header-below-stick-meta":"","astra-migrate-meta-layouts":"default","ast-page-background-enabled":"default","ast-page-background-meta":{"desktop":{"background-color":"var(--ast-global-color-4)","background-image":"","background-repeat":"repeat","background-position":"center center","background-size":"auto","background-attachment":"scroll","background-type":"","background-media":"","overlay-type":"","overlay-color":"","overlay-opacity":"","overlay-gradient":""},"tablet":{"background-color":"","background-image":"","background-repeat":"repeat","background-position":"center center","background-size":"auto","background-attachment":"scroll","background-type":"","background-media":"","overlay-type":"","overlay-color":"","overlay-opacity":"","overlay-gradient":""},"mobile":{"background-color":"","background-image":"","background-repeat":"repeat","background-position":"center center","background-size":"auto","background-attachment":"scroll","background-type":"","background-media":"","overlay-type":"","overlay-color":"","overlay-opacity":"","overlay-gradient":""}},"ast-content-background-meta":{"desktop":{"background-color":"var(--ast-global-color-5)","background-image":"","background-repeat":"repeat","background-position":"center center","background-size":"auto","background-attachment":"scroll","background-type":"","background-media":"","overlay-type":"","overlay-color":"","overlay-opacity":"","overlay-gradient":""},"tablet":{"background-color":"var(--ast-global-color-5)","background-image":"","background-repeat":"repeat","background-position":"center center","background-size":"auto","background-attachment":"scroll","background-type":"","background-media":"","overlay-type":"","overlay-color":"","overlay-opacity":"","overlay-gradient":""},"mobile":{"background-color":"var(--ast-global-color-5)","background-image":"","background-repeat":"repeat","background-position":"center center","background-size":"auto","background-attachment":"scroll","background-type":"","background-media":"","overlay-type":"","overlay-color":"","overlay-opacity":"","overlay-gradient":""}}},"product_brand":[],"product_cat":[243,275,273,276],"product_tag":[],"class_list":{"0":"post-6022","1":"product","2":"type-product","3":"status-publish","4":"has-post-thumbnail","6":"product_cat-aumento-del-pene","7":"product_cat-bomba-alargadora-pene","8":"product_cat-juguetes-para-hombres","9":"product_cat-masturbadores-para-ellos","10":"desktop-align-left","11":"tablet-align-left","12":"mobile-align-left","14":"first","15":"instock","16":"shipping-taxable","17":"purchasable","18":"product-type-simple"},"_links":{"self":[{"href":"https:\/\/chibolita.es\/index.php\/wp-json\/wp\/v2\/product\/6022","targetHints":{"allow":["GET"]}}],"collection":[{"href":"https:\/\/chibolita.es\/index.php\/wp-json\/wp\/v2\/product"}],"about":[{"href":"https:\/\/chibolita.es\/index.php\/wp-json\/wp\/v2\/types\/product"}],"replies":[{"embeddable":true,"href":"https:\/\/chibolita.es\/index.php\/wp-json\/wp\/v2\/comments?post=6022"}],"wp:featuredmedia":[{"embeddable":true,"href":"https:\/\/chibolita.es\/index.php\/wp-json\/wp\/v2\/media\/6023"}],"wp:attachment":[{"href":"https:\/\/chibolita.es\/index.php\/wp-json\/wp\/v2\/media?parent=6022"}],"wp:term":[{"taxonomy":"product_brand","embeddable":true,"href":"https:\/\/chibolita.es\/index.php\/wp-json\/wp\/v2\/product_brand?post=6022"},{"taxonomy":"product_cat","embeddable":true,"href":"https:\/\/chibolita.es\/index.php\/wp-json\/wp\/v2\/product_cat?post=6022"},{"taxonomy":"product_tag","embeddable":true,"href":"https:\/\/chibolita.es\/index.php\/wp-json\/wp\/v2\/product_tag?post=6022"}],"curies":[{"name":"wp","href":"https:\/\/api.w.org\/{rel}","templated":true}]}}