{"id":5996,"date":"2023-05-14T13:54:41","date_gmt":"2023-05-14T13:54:41","guid":{"rendered":"https:\/\/chibolita.es\/?post_type=product&#038;p=5996"},"modified":"2023-05-14T13:55:47","modified_gmt":"2023-05-14T13:55:47","slug":"pump-addicted-bomba-ereccion-rx11-automatica","status":"publish","type":"product","link":"https:\/\/chibolita.es\/index.php\/product\/pump-addicted-bomba-ereccion-rx11-automatica\/","title":{"rendered":"PUMP ADDICTED BOMBA ERECCI\u00d3N RX11 AUTOMATICA"},"content":{"rendered":"<p>\u00a1Convierte el agrandamiento del pene de la era cibern\u00e9tica con nuestra bomba de erecci\u00f3n autom\u00e1tica m\u00e1s avanzada jam\u00e1s creado! Despu\u00e9s de s\u00f3lo unas pocas veces, descubrir\u00e1s erecciones gruesas y palpitantes que duran y duran.<\/p>\n<p>Desarrollado como una segura y asequible alternativa no quir\u00fargica a los costosos procedimientos m\u00e9dicos y pastillas, esta bomba de pene de mano es el camino m\u00e1s f\u00e1cil para agrandar tu pene al instante sin ning\u00fan tipo de efecto secundario.<\/p>\n<p>Simplemente introduce tu pene en el cilindro, presiona el bot\u00f3n, \u00a1y mira como tu pene obtiene el poder con mucho placer! La boquilla el\u00e1stica forma un sello perfectamente apretado contra tu piel y crea un vac\u00edo de gran alcance dentro de la c\u00e1mara, obligando a tu pene a expandirse r\u00e1pidamente tanto en longitud como en grosor.<\/p>\n<p>El cilindro transparente te permite ver como tu miembro se hace m\u00e1s grande y gordo con el aumento autom\u00e1tico de la presi\u00f3n. Cuando hayas alcanzado el punto deseado, pulsa el bot\u00f3n para que esa presi\u00f3n desaparezca.<br \/>\nCuando hayas terminado, s\u00f3lo tienes que separar el cilindro de la manguera y limpiarlo con el gel limpiador de juguetes Waterfeel toy cleaner o el esterilizador stertoy.<\/p>\n<p>\u00a1Todas las bombas Pump Addicted est\u00e1n aqu\u00ed para impresionar con una variedad fant\u00e1stica de dispositivos para el crecimiento del pene!<br \/>\nPump addicted es la mejor forma de mejorar su rendimiento sexual, tama\u00f1o y resistencia. Hemos enviado las muestras de productos a hombres entre 25 y 55 a\u00f1os con problemas de erecci\u00f3n o simplemente por mejorar el rendimiento y el tama\u00f1o del pene.<\/p>\n<p>El feedback fue positivo al 100%, todos han comprobado es el mejor producto del mercado.<\/p>\n<p>Pump Addicted ayuda a alcanzar la erecci\u00f3n de una forma m\u00e1s sencilla utilizando un sistema de vac\u00edo que hace que la sangre se concentre en el pene cuando todav\u00eda est\u00e1 fl\u00e1cido. La erecci\u00f3n se alcanza y mantiene mediante un sellado c\u00f3modo y herm\u00e9tico en la base del cuerpo, justo en la uni\u00f3n del pene con el pubis, gracias al cual se mantiene la sangre en el tronco. Gracias a la manga, el sellado es firme, c\u00f3modo y estrecho sin apretar.<\/p>\n<p>Adem\u00e1s, todos los productos Pump pueden ser combinados con el lanzamiento de Pump vibrating bullet para aumentar la sensaci\u00f3n de placer.<\/p>\n<p>\u00a1PUMP ADDICTED, le da resultados instant\u00e1neos!<\/p>\n<p>Especificaciones tenicas de Pump Addicted RX11;<\/p>\n<ul>\n<li>Longitud insertable:\u00a020.5cm<\/li>\n<li>Longitud total:\u00a029cm<\/li>\n<li>Diametro total interior:\u00a07cm<\/li>\n<li>Material; Abs + Silicona<\/li>\n<li>Resistente al agua<\/li>\n<li>Libre de Phalatos<\/li>\n<\/ul>\n<div class=\"ast-oembed-container \" style=\"height: 100%;\"><iframe title=\"PUMP ADDICTED FOR MEN\" src=\"https:\/\/player.vimeo.com\/video\/819288050?dnt=1&amp;app_id=122963\" width=\"500\" height=\"281\" frameborder=\"0\" allow=\"autoplay; fullscreen; picture-in-picture; clipboard-write; encrypted-media\"><\/iframe><\/div>\n","protected":false},"excerpt":{"rendered":"<p>\u00a1Convierte el agrandamiento del pene de la era cibern\u00e9tica con nuestra bomba de erecci\u00f3n autom\u00e1tica m\u00e1s avanzada jam\u00e1s creado! Despu\u00e9s de s\u00f3lo unas pocas veces, descubrir\u00e1s erecciones gruesas y palpitantes que duran y duran. Desarrollado como una segura y asequible alternativa no quir\u00fargica a los costosos procedimientos m\u00e9dicos y pastillas, esta bomba de pene de [&hellip;]<\/p>\n","protected":false},"featured_media":5998,"comment_status":"open","ping_status":"closed","template":"","meta":{"_eb_attr":"","site-sidebar-layout":"default","site-content-layout":"default","ast-site-content-layout":"default","site-content-style":"default","site-sidebar-style":"default","ast-global-header-display":"","ast-banner-title-visibility":"","ast-main-header-display":"","ast-hfb-above-header-display":"","ast-hfb-below-header-display":"","ast-hfb-mobile-header-display":"","site-post-title":"","ast-breadcrumbs-content":"","ast-featured-img":"","footer-sml-layout":"","ast-disable-related-posts":"","theme-transparent-header-meta":"default","adv-header-id-meta":"","stick-header-meta":"","header-above-stick-meta":"","header-main-stick-meta":"","header-below-stick-meta":"","astra-migrate-meta-layouts":"default","ast-page-background-enabled":"default","ast-page-background-meta":{"desktop":{"background-color":"var(--ast-global-color-4)","background-image":"","background-repeat":"repeat","background-position":"center center","background-size":"auto","background-attachment":"scroll","background-type":"","background-media":"","overlay-type":"","overlay-color":"","overlay-opacity":"","overlay-gradient":""},"tablet":{"background-color":"","background-image":"","background-repeat":"repeat","background-position":"center center","background-size":"auto","background-attachment":"scroll","background-type":"","background-media":"","overlay-type":"","overlay-color":"","overlay-opacity":"","overlay-gradient":""},"mobile":{"background-color":"","background-image":"","background-repeat":"repeat","background-position":"center center","background-size":"auto","background-attachment":"scroll","background-type":"","background-media":"","overlay-type":"","overlay-color":"","overlay-opacity":"","overlay-gradient":""}},"ast-content-background-meta":{"desktop":{"background-color":"var(--ast-global-color-5)","background-image":"","background-repeat":"repeat","background-position":"center center","background-size":"auto","background-attachment":"scroll","background-type":"","background-media":"","overlay-type":"","overlay-color":"","overlay-opacity":"","overlay-gradient":""},"tablet":{"background-color":"var(--ast-global-color-5)","background-image":"","background-repeat":"repeat","background-position":"center center","background-size":"auto","background-attachment":"scroll","background-type":"","background-media":"","overlay-type":"","overlay-color":"","overlay-opacity":"","overlay-gradient":""},"mobile":{"background-color":"var(--ast-global-color-5)","background-image":"","background-repeat":"repeat","background-position":"center center","background-size":"auto","background-attachment":"scroll","background-type":"","background-media":"","overlay-type":"","overlay-color":"","overlay-opacity":"","overlay-gradient":""}}},"product_brand":[],"product_cat":[243,275],"product_tag":[],"class_list":{"0":"post-5996","1":"product","2":"type-product","3":"status-publish","4":"has-post-thumbnail","6":"product_cat-aumento-del-pene","7":"product_cat-bomba-alargadora-pene","8":"desktop-align-left","9":"tablet-align-left","10":"mobile-align-left","12":"first","13":"instock","14":"shipping-taxable","15":"purchasable","16":"product-type-simple"},"_links":{"self":[{"href":"https:\/\/chibolita.es\/index.php\/wp-json\/wp\/v2\/product\/5996","targetHints":{"allow":["GET"]}}],"collection":[{"href":"https:\/\/chibolita.es\/index.php\/wp-json\/wp\/v2\/product"}],"about":[{"href":"https:\/\/chibolita.es\/index.php\/wp-json\/wp\/v2\/types\/product"}],"replies":[{"embeddable":true,"href":"https:\/\/chibolita.es\/index.php\/wp-json\/wp\/v2\/comments?post=5996"}],"wp:featuredmedia":[{"embeddable":true,"href":"https:\/\/chibolita.es\/index.php\/wp-json\/wp\/v2\/media\/5998"}],"wp:attachment":[{"href":"https:\/\/chibolita.es\/index.php\/wp-json\/wp\/v2\/media?parent=5996"}],"wp:term":[{"taxonomy":"product_brand","embeddable":true,"href":"https:\/\/chibolita.es\/index.php\/wp-json\/wp\/v2\/product_brand?post=5996"},{"taxonomy":"product_cat","embeddable":true,"href":"https:\/\/chibolita.es\/index.php\/wp-json\/wp\/v2\/product_cat?post=5996"},{"taxonomy":"product_tag","embeddable":true,"href":"https:\/\/chibolita.es\/index.php\/wp-json\/wp\/v2\/product_tag?post=5996"}],"curies":[{"name":"wp","href":"https:\/\/api.w.org\/{rel}","templated":true}]}}