{"id":5965,"date":"2023-05-14T11:41:25","date_gmt":"2023-05-14T11:41:25","guid":{"rendered":"https:\/\/chibolita.es\/?post_type=product&#038;p=5965"},"modified":"2023-05-14T11:42:13","modified_gmt":"2023-05-14T11:42:13","slug":"b-swish-bcharmed-basic-plus-turquesa","status":"publish","type":"product","link":"https:\/\/chibolita.es\/index.php\/product\/b-swish-bcharmed-basic-plus-turquesa\/","title":{"rendered":"B SWISH &#8211; BCHARMED BASIC PLUS TURQUESA"},"content":{"rendered":"<p>Si buscas art\u00edculos er\u00f3ticos a buen precio, descubre el Anillo para el Pene Bcharmed B Swish!<\/p>\n<p>Todo un mundo de posibilidades para la imaginaci\u00f3n y la diversi\u00f3n!<\/p>\n<ul>\n<li>Color: Turquesa<\/li>\n<li>Material: Silicona \/ ABS<\/li>\n<li>Patrones: 5 niveles<\/li>\n<li>Caracter\u00edsticas: Texturizado Uso Recomendado: Hombre \/ Lubricante a Base de agua<\/li>\n<li>Longitud: 7,9 cm<\/li>\n<li>Funciones: 6<\/li>\n<li>Autonom\u00eda aprox.: 3 horas<\/li>\n<li>Medidas aprox.: 3,1 x 4,1 cm<\/li>\n<\/ul>\n","protected":false},"excerpt":{"rendered":"<p>Si buscas art\u00edculos er\u00f3ticos a buen precio, descubre el Anillo para el Pene Bcharmed B Swish! Todo un mundo de posibilidades para la imaginaci\u00f3n y la diversi\u00f3n! Color: Turquesa Material: Silicona \/ ABS Patrones: 5 niveles Caracter\u00edsticas: Texturizado Uso Recomendado: Hombre \/ Lubricante a Base de agua Longitud: 7,9 cm Funciones: 6 Autonom\u00eda aprox.: 3 [&hellip;]<\/p>\n","protected":false},"featured_media":5968,"comment_status":"open","ping_status":"closed","template":"","meta":{"_eb_attr":"","site-sidebar-layout":"default","site-content-layout":"default","ast-site-content-layout":"default","site-content-style":"default","site-sidebar-style":"default","ast-global-header-display":"","ast-banner-title-visibility":"","ast-main-header-display":"","ast-hfb-above-header-display":"","ast-hfb-below-header-display":"","ast-hfb-mobile-header-display":"","site-post-title":"","ast-breadcrumbs-content":"","ast-featured-img":"","footer-sml-layout":"","ast-disable-related-posts":"","theme-transparent-header-meta":"default","adv-header-id-meta":"","stick-header-meta":"","header-above-stick-meta":"","header-main-stick-meta":"","header-below-stick-meta":"","astra-migrate-meta-layouts":"default","ast-page-background-enabled":"default","ast-page-background-meta":{"desktop":{"background-color":"var(--ast-global-color-4)","background-image":"","background-repeat":"repeat","background-position":"center center","background-size":"auto","background-attachment":"scroll","background-type":"","background-media":"","overlay-type":"","overlay-color":"","overlay-opacity":"","overlay-gradient":""},"tablet":{"background-color":"","background-image":"","background-repeat":"repeat","background-position":"center center","background-size":"auto","background-attachment":"scroll","background-type":"","background-media":"","overlay-type":"","overlay-color":"","overlay-opacity":"","overlay-gradient":""},"mobile":{"background-color":"","background-image":"","background-repeat":"repeat","background-position":"center center","background-size":"auto","background-attachment":"scroll","background-type":"","background-media":"","overlay-type":"","overlay-color":"","overlay-opacity":"","overlay-gradient":""}},"ast-content-background-meta":{"desktop":{"background-color":"var(--ast-global-color-5)","background-image":"","background-repeat":"repeat","background-position":"center center","background-size":"auto","background-attachment":"scroll","background-type":"","background-media":"","overlay-type":"","overlay-color":"","overlay-opacity":"","overlay-gradient":""},"tablet":{"background-color":"var(--ast-global-color-5)","background-image":"","background-repeat":"repeat","background-position":"center center","background-size":"auto","background-attachment":"scroll","background-type":"","background-media":"","overlay-type":"","overlay-color":"","overlay-opacity":"","overlay-gradient":""},"mobile":{"background-color":"var(--ast-global-color-5)","background-image":"","background-repeat":"repeat","background-position":"center center","background-size":"auto","background-attachment":"scroll","background-type":"","background-media":"","overlay-type":"","overlay-color":"","overlay-opacity":"","overlay-gradient":""}}},"product_brand":[],"product_cat":[274,273],"product_tag":[],"class_list":{"0":"post-5965","1":"product","2":"type-product","3":"status-publish","4":"has-post-thumbnail","6":"product_cat-accesorios-para-el-pene","7":"product_cat-juguetes-para-hombres","8":"desktop-align-left","9":"tablet-align-left","10":"mobile-align-left","12":"first","13":"instock","14":"shipping-taxable","15":"purchasable","16":"product-type-simple"},"_links":{"self":[{"href":"https:\/\/chibolita.es\/index.php\/wp-json\/wp\/v2\/product\/5965","targetHints":{"allow":["GET"]}}],"collection":[{"href":"https:\/\/chibolita.es\/index.php\/wp-json\/wp\/v2\/product"}],"about":[{"href":"https:\/\/chibolita.es\/index.php\/wp-json\/wp\/v2\/types\/product"}],"replies":[{"embeddable":true,"href":"https:\/\/chibolita.es\/index.php\/wp-json\/wp\/v2\/comments?post=5965"}],"wp:featuredmedia":[{"embeddable":true,"href":"https:\/\/chibolita.es\/index.php\/wp-json\/wp\/v2\/media\/5968"}],"wp:attachment":[{"href":"https:\/\/chibolita.es\/index.php\/wp-json\/wp\/v2\/media?parent=5965"}],"wp:term":[{"taxonomy":"product_brand","embeddable":true,"href":"https:\/\/chibolita.es\/index.php\/wp-json\/wp\/v2\/product_brand?post=5965"},{"taxonomy":"product_cat","embeddable":true,"href":"https:\/\/chibolita.es\/index.php\/wp-json\/wp\/v2\/product_cat?post=5965"},{"taxonomy":"product_tag","embeddable":true,"href":"https:\/\/chibolita.es\/index.php\/wp-json\/wp\/v2\/product_tag?post=5965"}],"curies":[{"name":"wp","href":"https:\/\/api.w.org\/{rel}","templated":true}]}}