{"id":5948,"date":"2023-05-14T11:29:55","date_gmt":"2023-05-14T11:29:55","guid":{"rendered":"https:\/\/chibolita.es\/?post_type=product&#038;p=5948"},"modified":"2023-05-14T11:31:04","modified_gmt":"2023-05-14T11:31:04","slug":"addicted-toys-plug-anal-vibrador-con-anillo-pene","status":"publish","type":"product","link":"https:\/\/chibolita.es\/index.php\/product\/addicted-toys-plug-anal-vibrador-con-anillo-pene\/","title":{"rendered":"ADDICTED TOYS PLUG ANAL VIBRADOR CON ANILLO PENE"},"content":{"rendered":"<p>Dentro de toda la extensa gama de productos ADDICTED TOYS queremos ofrecerte la posibilidad de explorar el juego sexual con formas excitantes y sensuales experiencias.<\/p>\n<p>Si nunca has probado el juego anal, el Annal massager y cockring de ADDICTED TOYS es justo lo que necesitas para explorar el maravilloso mundo de la estimulaci\u00f3n anal.<\/p>\n<p>El anal plug &amp; cock ring introducido en el ano y el anillo alrededor del pene, conseguir\u00e1s unas erecciones m\u00e1s duras que nunca! \u00a1El anillo de silicona s\u00faper el\u00e1stico pone la presi\u00f3n sobre las bajadas de energ\u00eda, manteniendo erecciones firmes que duran y duran! La cabeza redonda y suave hace que la entrada y la recuperaci\u00f3n sea muy sencilla, mientras que el eje delgado, afilado asegura que el plug permanecer\u00e1 en su lugar. \u00a1Coloca el anillo alrededor de la base del pene y los test\u00edculos y empieza a disfrutar de placer de larga duraci\u00f3n!<\/p>\n<p>Fabricado con silicona de grado m\u00e9dico supersuave, agradable para la piel, suave al tacto y extremadamente higi\u00e9nica<\/p>\n<ul>\n<li>Ideal para principiantes y para probar experiencias anales<\/li>\n<li>Medidas del Plug; 15 X 10.6cm ( Mirad imagen para detallar medidas )<\/li>\n<\/ul>\n<p>\u00bfQu\u00e9 debo tener en cuenta al utilizar juguetes anales?<\/p>\n<p>Para conseguir una experiencia \u00f3ptima y poder disfrutar de manera placentera y sin sentir dolor, Addicted toys recomienda el uso de los lubricantes de la marca Black Hole<\/p>\n<p>Con el fin de que puedas disfrutar del juguete anal el mayor tiempo posible, te aconsejamos que lo limpies y desinfectes con un limpiador de juguetes antes y despu\u00e9s de cada uso. La composici\u00f3n de Desinfectante Spray de Waterfeel se adapta a la silicona suave y es cuidadosa con el material para que la superficie permanezca lisa y flexible.<\/p>\n","protected":false},"excerpt":{"rendered":"<p>Dentro de toda la extensa gama de productos ADDICTED TOYS queremos ofrecerte la posibilidad de explorar el juego sexual con formas excitantes y sensuales experiencias. Si nunca has probado el juego anal, el Annal massager y cockring de ADDICTED TOYS es justo lo que necesitas para explorar el maravilloso mundo de la estimulaci\u00f3n anal. El [&hellip;]<\/p>\n","protected":false},"featured_media":5952,"comment_status":"open","ping_status":"closed","template":"","meta":{"_eb_attr":"","site-sidebar-layout":"default","site-content-layout":"default","ast-site-content-layout":"default","site-content-style":"default","site-sidebar-style":"default","ast-global-header-display":"","ast-banner-title-visibility":"","ast-main-header-display":"","ast-hfb-above-header-display":"","ast-hfb-below-header-display":"","ast-hfb-mobile-header-display":"","site-post-title":"","ast-breadcrumbs-content":"","ast-featured-img":"","footer-sml-layout":"","ast-disable-related-posts":"","theme-transparent-header-meta":"default","adv-header-id-meta":"","stick-header-meta":"","header-above-stick-meta":"","header-main-stick-meta":"","header-below-stick-meta":"","astra-migrate-meta-layouts":"default","ast-page-background-enabled":"default","ast-page-background-meta":{"desktop":{"background-color":"var(--ast-global-color-4)","background-image":"","background-repeat":"repeat","background-position":"center center","background-size":"auto","background-attachment":"scroll","background-type":"","background-media":"","overlay-type":"","overlay-color":"","overlay-opacity":"","overlay-gradient":""},"tablet":{"background-color":"","background-image":"","background-repeat":"repeat","background-position":"center center","background-size":"auto","background-attachment":"scroll","background-type":"","background-media":"","overlay-type":"","overlay-color":"","overlay-opacity":"","overlay-gradient":""},"mobile":{"background-color":"","background-image":"","background-repeat":"repeat","background-position":"center center","background-size":"auto","background-attachment":"scroll","background-type":"","background-media":"","overlay-type":"","overlay-color":"","overlay-opacity":"","overlay-gradient":""}},"ast-content-background-meta":{"desktop":{"background-color":"var(--ast-global-color-5)","background-image":"","background-repeat":"repeat","background-position":"center center","background-size":"auto","background-attachment":"scroll","background-type":"","background-media":"","overlay-type":"","overlay-color":"","overlay-opacity":"","overlay-gradient":""},"tablet":{"background-color":"var(--ast-global-color-5)","background-image":"","background-repeat":"repeat","background-position":"center center","background-size":"auto","background-attachment":"scroll","background-type":"","background-media":"","overlay-type":"","overlay-color":"","overlay-opacity":"","overlay-gradient":""},"mobile":{"background-color":"var(--ast-global-color-5)","background-image":"","background-repeat":"repeat","background-position":"center center","background-size":"auto","background-attachment":"scroll","background-type":"","background-media":"","overlay-type":"","overlay-color":"","overlay-opacity":"","overlay-gradient":""}}},"product_brand":[],"product_cat":[274,265,273,270],"product_tag":[],"class_list":{"0":"post-5948","1":"product","2":"type-product","3":"status-publish","4":"has-post-thumbnail","6":"product_cat-accesorios-para-el-pene","7":"product_cat-fetish-bdsm","8":"product_cat-juguetes-para-hombres","9":"product_cat-sexo-anal","10":"desktop-align-left","11":"tablet-align-left","12":"mobile-align-left","14":"first","15":"instock","16":"shipping-taxable","17":"purchasable","18":"product-type-simple"},"_links":{"self":[{"href":"https:\/\/chibolita.es\/index.php\/wp-json\/wp\/v2\/product\/5948","targetHints":{"allow":["GET"]}}],"collection":[{"href":"https:\/\/chibolita.es\/index.php\/wp-json\/wp\/v2\/product"}],"about":[{"href":"https:\/\/chibolita.es\/index.php\/wp-json\/wp\/v2\/types\/product"}],"replies":[{"embeddable":true,"href":"https:\/\/chibolita.es\/index.php\/wp-json\/wp\/v2\/comments?post=5948"}],"wp:featuredmedia":[{"embeddable":true,"href":"https:\/\/chibolita.es\/index.php\/wp-json\/wp\/v2\/media\/5952"}],"wp:attachment":[{"href":"https:\/\/chibolita.es\/index.php\/wp-json\/wp\/v2\/media?parent=5948"}],"wp:term":[{"taxonomy":"product_brand","embeddable":true,"href":"https:\/\/chibolita.es\/index.php\/wp-json\/wp\/v2\/product_brand?post=5948"},{"taxonomy":"product_cat","embeddable":true,"href":"https:\/\/chibolita.es\/index.php\/wp-json\/wp\/v2\/product_cat?post=5948"},{"taxonomy":"product_tag","embeddable":true,"href":"https:\/\/chibolita.es\/index.php\/wp-json\/wp\/v2\/product_tag?post=5948"}],"curies":[{"name":"wp","href":"https:\/\/api.w.org\/{rel}","templated":true}]}}