{"id":5903,"date":"2023-05-14T09:39:09","date_gmt":"2023-05-14T09:39:09","guid":{"rendered":"https:\/\/chibolita.es\/?post_type=product&#038;p=5903"},"modified":"2023-05-14T09:42:18","modified_gmt":"2023-05-14T09:42:18","slug":"darkness-anilla-pene-con-correa","status":"publish","type":"product","link":"https:\/\/chibolita.es\/index.php\/product\/darkness-anilla-pene-con-correa\/","title":{"rendered":"DARKNESS ANILLA PENE CON CORREA"},"content":{"rendered":"<p>Ad\u00e9ntrate en el mundo de la sumisi\u00f3n con la l\u00ednea DARKNESS, una l\u00ednea para aquellos m\u00e1s valientes y apasionados del BDSM.<\/p>\n<p>Sujeci\u00f3n para la base del pene, \u00a0es adaptable y cuenta con una cadena de metal para que puedas llevar a tu pareja d\u00f3nde t\u00fa quieras, o para que te lleven, una pr\u00e1ctica de sumisi\u00f3n del BDSM.<\/p>\n<p>El cuerpo del collar est\u00e1 fabricado con cuerpo vegano, un material suave y sedoso pero firme, perfecto para mantener a tu sumiso\/a en su lugar. La cadena y el enganche de metal est\u00e1n libres de n\u00edquel y son muy resistentes, por si en alg\u00fan momento tu pareja\/sumiso\/a se revela ante su maestro.<\/p>\n<p>Caracter\u00edsticas:<\/p>\n<ul>\n<li>Cuero vegano<\/li>\n<li>Cadena de metal 100% libre de n\u00edquel<\/li>\n<li>Fabricaci\u00f3n de alta calidad<\/li>\n<li>Enganche resistente<\/li>\n<li>Adaptable<\/li>\n<li>Seguro y agradable<\/li>\n<\/ul>\n<p>LA MARCA<\/p>\n<p>Darkness es una marca de nueva generaci\u00f3n 2020, todos nuestros materiales son de excelente calidad asegurando que la fabricaci\u00f3n compromete un resultado perfecto para principiantes o avanzados que le gusta el mundo Fetish o bdsm.<\/p>\n<p>&nbsp;<\/p>\n<p>https:\/\/www.youtube.com\/watch?v=zyzIGE1qUy0<\/p>\n","protected":false},"excerpt":{"rendered":"<p>Ad\u00e9ntrate en el mundo de la sumisi\u00f3n con la l\u00ednea DARKNESS, una l\u00ednea para aquellos m\u00e1s valientes y apasionados del BDSM. Sujeci\u00f3n para la base del pene, \u00a0es adaptable y cuenta con una cadena de metal para que puedas llevar a tu pareja d\u00f3nde t\u00fa quieras, o para que te lleven, una pr\u00e1ctica de sumisi\u00f3n [&hellip;]<\/p>\n","protected":false},"featured_media":5907,"comment_status":"open","ping_status":"closed","template":"","meta":{"_eb_attr":"","site-sidebar-layout":"default","site-content-layout":"default","ast-site-content-layout":"default","site-content-style":"default","site-sidebar-style":"default","ast-global-header-display":"","ast-banner-title-visibility":"","ast-main-header-display":"","ast-hfb-above-header-display":"","ast-hfb-below-header-display":"","ast-hfb-mobile-header-display":"","site-post-title":"","ast-breadcrumbs-content":"","ast-featured-img":"","footer-sml-layout":"","ast-disable-related-posts":"","theme-transparent-header-meta":"default","adv-header-id-meta":"","stick-header-meta":"","header-above-stick-meta":"","header-main-stick-meta":"","header-below-stick-meta":"","astra-migrate-meta-layouts":"default","ast-page-background-enabled":"default","ast-page-background-meta":{"desktop":{"background-color":"var(--ast-global-color-4)","background-image":"","background-repeat":"repeat","background-position":"center center","background-size":"auto","background-attachment":"scroll","background-type":"","background-media":"","overlay-type":"","overlay-color":"","overlay-opacity":"","overlay-gradient":""},"tablet":{"background-color":"","background-image":"","background-repeat":"repeat","background-position":"center center","background-size":"auto","background-attachment":"scroll","background-type":"","background-media":"","overlay-type":"","overlay-color":"","overlay-opacity":"","overlay-gradient":""},"mobile":{"background-color":"","background-image":"","background-repeat":"repeat","background-position":"center center","background-size":"auto","background-attachment":"scroll","background-type":"","background-media":"","overlay-type":"","overlay-color":"","overlay-opacity":"","overlay-gradient":""}},"ast-content-background-meta":{"desktop":{"background-color":"var(--ast-global-color-5)","background-image":"","background-repeat":"repeat","background-position":"center center","background-size":"auto","background-attachment":"scroll","background-type":"","background-media":"","overlay-type":"","overlay-color":"","overlay-opacity":"","overlay-gradient":""},"tablet":{"background-color":"var(--ast-global-color-5)","background-image":"","background-repeat":"repeat","background-position":"center center","background-size":"auto","background-attachment":"scroll","background-type":"","background-media":"","overlay-type":"","overlay-color":"","overlay-opacity":"","overlay-gradient":""},"mobile":{"background-color":"var(--ast-global-color-5)","background-image":"","background-repeat":"repeat","background-position":"center center","background-size":"auto","background-attachment":"scroll","background-type":"","background-media":"","overlay-type":"","overlay-color":"","overlay-opacity":"","overlay-gradient":""}}},"product_brand":[],"product_cat":[274,265,273],"product_tag":[],"class_list":{"0":"post-5903","1":"product","2":"type-product","3":"status-publish","4":"has-post-thumbnail","6":"product_cat-accesorios-para-el-pene","7":"product_cat-fetish-bdsm","8":"product_cat-juguetes-para-hombres","9":"desktop-align-left","10":"tablet-align-left","11":"mobile-align-left","13":"first","14":"instock","15":"shipping-taxable","16":"purchasable","17":"product-type-simple"},"_links":{"self":[{"href":"https:\/\/chibolita.es\/index.php\/wp-json\/wp\/v2\/product\/5903","targetHints":{"allow":["GET"]}}],"collection":[{"href":"https:\/\/chibolita.es\/index.php\/wp-json\/wp\/v2\/product"}],"about":[{"href":"https:\/\/chibolita.es\/index.php\/wp-json\/wp\/v2\/types\/product"}],"replies":[{"embeddable":true,"href":"https:\/\/chibolita.es\/index.php\/wp-json\/wp\/v2\/comments?post=5903"}],"wp:featuredmedia":[{"embeddable":true,"href":"https:\/\/chibolita.es\/index.php\/wp-json\/wp\/v2\/media\/5907"}],"wp:attachment":[{"href":"https:\/\/chibolita.es\/index.php\/wp-json\/wp\/v2\/media?parent=5903"}],"wp:term":[{"taxonomy":"product_brand","embeddable":true,"href":"https:\/\/chibolita.es\/index.php\/wp-json\/wp\/v2\/product_brand?post=5903"},{"taxonomy":"product_cat","embeddable":true,"href":"https:\/\/chibolita.es\/index.php\/wp-json\/wp\/v2\/product_cat?post=5903"},{"taxonomy":"product_tag","embeddable":true,"href":"https:\/\/chibolita.es\/index.php\/wp-json\/wp\/v2\/product_tag?post=5903"}],"curies":[{"name":"wp","href":"https:\/\/api.w.org\/{rel}","templated":true}]}}