{"id":5893,"date":"2023-05-14T09:27:08","date_gmt":"2023-05-14T09:27:08","guid":{"rendered":"https:\/\/chibolita.es\/?post_type=product&#038;p=5893"},"modified":"2023-05-14T09:27:58","modified_gmt":"2023-05-14T09:27:58","slug":"casual-ring-double-pleasure-anillo-transparente","status":"publish","type":"product","link":"https:\/\/chibolita.es\/index.php\/product\/casual-ring-double-pleasure-anillo-transparente\/","title":{"rendered":"CASUAL RING DOUBLE PLEASURE ANILLO TRANSPARENTE"},"content":{"rendered":"<p>\u00a1Soporte de erecci\u00f3n, vibraciones incre\u00edbles y orgasmos explosivos!<\/p>\n<p>Prolongua la diversi\u00f3n y haz que el placer dure con este vibrante casual ring double\u00a0para principiantes. Este divertido anillo producir\u00e1 resultados explosivos y es el complemento perfecto para cualquier encuentro espont\u00e1neo.<\/p>\n<p>La poderosa bala proporciona vibraciones incre\u00edbles para tu pareja, mientras que el anillo s\u00faper el\u00e1stico ayuda a mantener erecciones m\u00e1s gruesas y m\u00e1s duras. Prueba el anillo en la ducha y convierte la hora del ba\u00f1o en tiempo de juego. \u00dasalo alrededor de la base de tu eje o alrededor de todo el paquete para la m\u00e1xima comodidad y constricci\u00f3n m\u00e1xima.<\/p>\n<p>La bola inferior estimula a ambos con el movimiento.<\/p>\n<ul>\n<li>Material: TPR<\/li>\n<li>Flexible adaptable\u00a0 a todos los tama\u00f1os de pene<\/li>\n<\/ul>\n<p>Casual ring funciona con 1 pila L754F (Incluida)\u00a0 que\u00a0 adem\u00e1s tras su uso puedes encontrar en las secci\u00f3n Pilas.<\/p>\n<p>Se recomienda el uso de lubricante a base de agua waterfeel y para una perfecta conservaci\u00f3n limpiarlo con agua y finalizar con el esterilizador waterfeel toycleaner.<\/p>\n","protected":false},"excerpt":{"rendered":"<p>\u00a1Soporte de erecci\u00f3n, vibraciones incre\u00edbles y orgasmos explosivos! Prolongua la diversi\u00f3n y haz que el placer dure con este vibrante casual ring double\u00a0para principiantes. Este divertido anillo producir\u00e1 resultados explosivos y es el complemento perfecto para cualquier encuentro espont\u00e1neo. La poderosa bala proporciona vibraciones incre\u00edbles para tu pareja, mientras que el anillo s\u00faper el\u00e1stico ayuda [&hellip;]<\/p>\n","protected":false},"featured_media":5896,"comment_status":"open","ping_status":"closed","template":"","meta":{"_eb_attr":"","site-sidebar-layout":"default","site-content-layout":"default","ast-site-content-layout":"default","site-content-style":"default","site-sidebar-style":"default","ast-global-header-display":"","ast-banner-title-visibility":"","ast-main-header-display":"","ast-hfb-above-header-display":"","ast-hfb-below-header-display":"","ast-hfb-mobile-header-display":"","site-post-title":"","ast-breadcrumbs-content":"","ast-featured-img":"","footer-sml-layout":"","ast-disable-related-posts":"","theme-transparent-header-meta":"default","adv-header-id-meta":"","stick-header-meta":"","header-above-stick-meta":"","header-main-stick-meta":"","header-below-stick-meta":"","astra-migrate-meta-layouts":"default","ast-page-background-enabled":"default","ast-page-background-meta":{"desktop":{"background-color":"var(--ast-global-color-4)","background-image":"","background-repeat":"repeat","background-position":"center center","background-size":"auto","background-attachment":"scroll","background-type":"","background-media":"","overlay-type":"","overlay-color":"","overlay-opacity":"","overlay-gradient":""},"tablet":{"background-color":"","background-image":"","background-repeat":"repeat","background-position":"center center","background-size":"auto","background-attachment":"scroll","background-type":"","background-media":"","overlay-type":"","overlay-color":"","overlay-opacity":"","overlay-gradient":""},"mobile":{"background-color":"","background-image":"","background-repeat":"repeat","background-position":"center center","background-size":"auto","background-attachment":"scroll","background-type":"","background-media":"","overlay-type":"","overlay-color":"","overlay-opacity":"","overlay-gradient":""}},"ast-content-background-meta":{"desktop":{"background-color":"var(--ast-global-color-5)","background-image":"","background-repeat":"repeat","background-position":"center center","background-size":"auto","background-attachment":"scroll","background-type":"","background-media":"","overlay-type":"","overlay-color":"","overlay-opacity":"","overlay-gradient":""},"tablet":{"background-color":"var(--ast-global-color-5)","background-image":"","background-repeat":"repeat","background-position":"center center","background-size":"auto","background-attachment":"scroll","background-type":"","background-media":"","overlay-type":"","overlay-color":"","overlay-opacity":"","overlay-gradient":""},"mobile":{"background-color":"var(--ast-global-color-5)","background-image":"","background-repeat":"repeat","background-position":"center center","background-size":"auto","background-attachment":"scroll","background-type":"","background-media":"","overlay-type":"","overlay-color":"","overlay-opacity":"","overlay-gradient":""}}},"product_brand":[],"product_cat":[274,273],"product_tag":[],"class_list":{"0":"post-5893","1":"product","2":"type-product","3":"status-publish","4":"has-post-thumbnail","6":"product_cat-accesorios-para-el-pene","7":"product_cat-juguetes-para-hombres","8":"desktop-align-left","9":"tablet-align-left","10":"mobile-align-left","12":"first","13":"instock","14":"shipping-taxable","15":"purchasable","16":"product-type-simple"},"_links":{"self":[{"href":"https:\/\/chibolita.es\/index.php\/wp-json\/wp\/v2\/product\/5893","targetHints":{"allow":["GET"]}}],"collection":[{"href":"https:\/\/chibolita.es\/index.php\/wp-json\/wp\/v2\/product"}],"about":[{"href":"https:\/\/chibolita.es\/index.php\/wp-json\/wp\/v2\/types\/product"}],"replies":[{"embeddable":true,"href":"https:\/\/chibolita.es\/index.php\/wp-json\/wp\/v2\/comments?post=5893"}],"wp:featuredmedia":[{"embeddable":true,"href":"https:\/\/chibolita.es\/index.php\/wp-json\/wp\/v2\/media\/5896"}],"wp:attachment":[{"href":"https:\/\/chibolita.es\/index.php\/wp-json\/wp\/v2\/media?parent=5893"}],"wp:term":[{"taxonomy":"product_brand","embeddable":true,"href":"https:\/\/chibolita.es\/index.php\/wp-json\/wp\/v2\/product_brand?post=5893"},{"taxonomy":"product_cat","embeddable":true,"href":"https:\/\/chibolita.es\/index.php\/wp-json\/wp\/v2\/product_cat?post=5893"},{"taxonomy":"product_tag","embeddable":true,"href":"https:\/\/chibolita.es\/index.php\/wp-json\/wp\/v2\/product_tag?post=5893"}],"curies":[{"name":"wp","href":"https:\/\/api.w.org\/{rel}","templated":true}]}}