{"id":5871,"date":"2023-05-14T09:19:34","date_gmt":"2023-05-14T09:19:34","guid":{"rendered":"https:\/\/chibolita.es\/?post_type=product&#038;p=5871"},"modified":"2023-05-14T09:20:56","modified_gmt":"2023-05-14T09:20:56","slug":"blacksilver-agron-anillo-2-o","status":"publish","type":"product","link":"https:\/\/chibolita.es\/index.php\/product\/blacksilver-agron-anillo-2-o\/","title":{"rendered":"BLACK&#038;SILVER AGRON ANILLO 2.O"},"content":{"rendered":"<p>Blackandsilver sorprende con el anillo vibrador Agron, elegante y sexy este anillo es f\u00e1cil de colocar gracias a su elasticidad, sino que tambi\u00e9n vibra como ning\u00fan otro anillo en esta gama de precios.<\/p>\n<p>El anillo Agron tiene una anchura de 3.6cm interior y 5.6cm exterior, lo que permite que el anillo se pueda colocar con el pene completamente erecto<\/p>\n<p>Gron te ayuda a mantener unas erecciones uniformes y duraderas, a retrasar la eyaculaci\u00f3n y potenciar el orgasmo.<\/p>\n<p>Completa la acci\u00f3n gracias a su brazo saliente rabbit, transmite vibraciones al contacto con el cl\u00edtoris o perineo.<\/p>\n<p>El vibrador est\u00e1 alimentado con una bater\u00eda en su interior que lleva incorporado un acumulador de recarga. El proceso de recarga funciona a trav\u00e9s de un cargador USB incluido que utiliza la tecnolog\u00eda carga r\u00e1pida en menos de 2 horas.<\/p>\n<ul>\n<li>Recargable v\u00eda USB incluido con bater\u00eda de litio iones.<\/li>\n<li>100% Silicona libre de ftalatos suave y sedosa.<\/li>\n<li>100% Sumergible, apto para la ducha o Spa<\/li>\n<li>Medidas; 3.6cm di\u00e1metro interior y 5.6 cm di\u00e1metro exterior.<\/li>\n<li>10 patrones de vibraci\u00f3n.<\/li>\n<\/ul>\n<p>Agron, el anillo que nunca te fallar\u00e1!<\/p>\n<p>1 a\u00f1o completo de garant\u00eda.<\/p>\n<p>&nbsp;<\/p>\n<div class=\"ast-oembed-container \" style=\"height: 100%;\"><iframe title=\"BLACK&amp;SILVER the new revolution brand erotic toys.mp4\" src=\"https:\/\/player.vimeo.com\/video\/534135103?dnt=1&amp;app_id=122963\" width=\"500\" height=\"281\" frameborder=\"0\" allow=\"autoplay; fullscreen; picture-in-picture; clipboard-write; encrypted-media\"><\/iframe><\/div>\n","protected":false},"excerpt":{"rendered":"<p>Blackandsilver sorprende con el anillo vibrador Agron, elegante y sexy este anillo es f\u00e1cil de colocar gracias a su elasticidad, sino que tambi\u00e9n vibra como ning\u00fan otro anillo en esta gama de precios. El anillo Agron tiene una anchura de 3.6cm interior y 5.6cm exterior, lo que permite que el anillo se pueda colocar con [&hellip;]<\/p>\n","protected":false},"featured_media":5874,"comment_status":"open","ping_status":"closed","template":"","meta":{"_eb_attr":"","site-sidebar-layout":"default","site-content-layout":"default","ast-site-content-layout":"default","site-content-style":"default","site-sidebar-style":"default","ast-global-header-display":"","ast-banner-title-visibility":"","ast-main-header-display":"","ast-hfb-above-header-display":"","ast-hfb-below-header-display":"","ast-hfb-mobile-header-display":"","site-post-title":"","ast-breadcrumbs-content":"","ast-featured-img":"","footer-sml-layout":"","ast-disable-related-posts":"","theme-transparent-header-meta":"default","adv-header-id-meta":"","stick-header-meta":"","header-above-stick-meta":"","header-main-stick-meta":"","header-below-stick-meta":"","astra-migrate-meta-layouts":"default","ast-page-background-enabled":"default","ast-page-background-meta":{"desktop":{"background-color":"var(--ast-global-color-4)","background-image":"","background-repeat":"repeat","background-position":"center center","background-size":"auto","background-attachment":"scroll","background-type":"","background-media":"","overlay-type":"","overlay-color":"","overlay-opacity":"","overlay-gradient":""},"tablet":{"background-color":"","background-image":"","background-repeat":"repeat","background-position":"center center","background-size":"auto","background-attachment":"scroll","background-type":"","background-media":"","overlay-type":"","overlay-color":"","overlay-opacity":"","overlay-gradient":""},"mobile":{"background-color":"","background-image":"","background-repeat":"repeat","background-position":"center center","background-size":"auto","background-attachment":"scroll","background-type":"","background-media":"","overlay-type":"","overlay-color":"","overlay-opacity":"","overlay-gradient":""}},"ast-content-background-meta":{"desktop":{"background-color":"var(--ast-global-color-5)","background-image":"","background-repeat":"repeat","background-position":"center center","background-size":"auto","background-attachment":"scroll","background-type":"","background-media":"","overlay-type":"","overlay-color":"","overlay-opacity":"","overlay-gradient":""},"tablet":{"background-color":"var(--ast-global-color-5)","background-image":"","background-repeat":"repeat","background-position":"center center","background-size":"auto","background-attachment":"scroll","background-type":"","background-media":"","overlay-type":"","overlay-color":"","overlay-opacity":"","overlay-gradient":""},"mobile":{"background-color":"var(--ast-global-color-5)","background-image":"","background-repeat":"repeat","background-position":"center center","background-size":"auto","background-attachment":"scroll","background-type":"","background-media":"","overlay-type":"","overlay-color":"","overlay-opacity":"","overlay-gradient":""}}},"product_brand":[],"product_cat":[274,273],"product_tag":[],"class_list":{"0":"post-5871","1":"product","2":"type-product","3":"status-publish","4":"has-post-thumbnail","6":"product_cat-accesorios-para-el-pene","7":"product_cat-juguetes-para-hombres","8":"desktop-align-left","9":"tablet-align-left","10":"mobile-align-left","12":"first","13":"instock","14":"shipping-taxable","15":"purchasable","16":"product-type-simple"},"_links":{"self":[{"href":"https:\/\/chibolita.es\/index.php\/wp-json\/wp\/v2\/product\/5871","targetHints":{"allow":["GET"]}}],"collection":[{"href":"https:\/\/chibolita.es\/index.php\/wp-json\/wp\/v2\/product"}],"about":[{"href":"https:\/\/chibolita.es\/index.php\/wp-json\/wp\/v2\/types\/product"}],"replies":[{"embeddable":true,"href":"https:\/\/chibolita.es\/index.php\/wp-json\/wp\/v2\/comments?post=5871"}],"wp:featuredmedia":[{"embeddable":true,"href":"https:\/\/chibolita.es\/index.php\/wp-json\/wp\/v2\/media\/5874"}],"wp:attachment":[{"href":"https:\/\/chibolita.es\/index.php\/wp-json\/wp\/v2\/media?parent=5871"}],"wp:term":[{"taxonomy":"product_brand","embeddable":true,"href":"https:\/\/chibolita.es\/index.php\/wp-json\/wp\/v2\/product_brand?post=5871"},{"taxonomy":"product_cat","embeddable":true,"href":"https:\/\/chibolita.es\/index.php\/wp-json\/wp\/v2\/product_cat?post=5871"},{"taxonomy":"product_tag","embeddable":true,"href":"https:\/\/chibolita.es\/index.php\/wp-json\/wp\/v2\/product_tag?post=5871"}],"curies":[{"name":"wp","href":"https:\/\/api.w.org\/{rel}","templated":true}]}}