{"id":5866,"date":"2023-05-14T09:17:17","date_gmt":"2023-05-14T09:17:17","guid":{"rendered":"https:\/\/chibolita.es\/?post_type=product&#038;p=5866"},"modified":"2023-05-14T09:18:42","modified_gmt":"2023-05-14T09:18:42","slug":"addicted-toys-extensor-para-el-pene-transparente","status":"publish","type":"product","link":"https:\/\/chibolita.es\/index.php\/product\/addicted-toys-extensor-para-el-pene-transparente\/","title":{"rendered":"ADDICTED TOYS EXTENSOR PARA EL PENE TRANSPARENTE"},"content":{"rendered":"<p>\u00bfDeseas un poco m\u00e1s de grosor de la forma m\u00e1s c\u00f3moda posible? \u00a1Entonces esto es exactamente lo que necesitas!<\/p>\n<p>La funda est\u00e1 dise\u00f1ada para alargar el pene 2,5 cm y a\u00f1adir 0,4 cm de circunferencia.<\/p>\n<p>Tiene un contorno que proporciona una estimulaci\u00f3n \u00f3ptima y gracias a la anilla para test\u00edculos se mantendr\u00e1 en su lugar. \u00a1Ni siquiera sus mejores movimientos podr\u00e1n hacer que se suelte! Se ha dise\u00f1ado a partir de suaves elast\u00f3meros termopl\u00e1sticos de la mejor calidad y est\u00e1 disponible en color negro, gris y transparente.<\/p>\n<ul>\n<li>Longitud Total: 20\u00a0cm<\/li>\n<li>Di\u00e1metro de la Funda: 4.5 cm<\/li>\n<\/ul>\n<p>Preparado para la accion?<\/p>\n","protected":false},"excerpt":{"rendered":"<p>\u00bfDeseas un poco m\u00e1s de grosor de la forma m\u00e1s c\u00f3moda posible? \u00a1Entonces esto es exactamente lo que necesitas! La funda est\u00e1 dise\u00f1ada para alargar el pene 2,5 cm y a\u00f1adir 0,4 cm de circunferencia. Tiene un contorno que proporciona una estimulaci\u00f3n \u00f3ptima y gracias a la anilla para test\u00edculos se mantendr\u00e1 en su lugar. [&hellip;]<\/p>\n","protected":false},"featured_media":5869,"comment_status":"open","ping_status":"closed","template":"","meta":{"_eb_attr":"","site-sidebar-layout":"default","site-content-layout":"default","ast-site-content-layout":"default","site-content-style":"default","site-sidebar-style":"default","ast-global-header-display":"","ast-banner-title-visibility":"","ast-main-header-display":"","ast-hfb-above-header-display":"","ast-hfb-below-header-display":"","ast-hfb-mobile-header-display":"","site-post-title":"","ast-breadcrumbs-content":"","ast-featured-img":"","footer-sml-layout":"","ast-disable-related-posts":"","theme-transparent-header-meta":"default","adv-header-id-meta":"","stick-header-meta":"","header-above-stick-meta":"","header-main-stick-meta":"","header-below-stick-meta":"","astra-migrate-meta-layouts":"default","ast-page-background-enabled":"default","ast-page-background-meta":{"desktop":{"background-color":"var(--ast-global-color-4)","background-image":"","background-repeat":"repeat","background-position":"center center","background-size":"auto","background-attachment":"scroll","background-type":"","background-media":"","overlay-type":"","overlay-color":"","overlay-opacity":"","overlay-gradient":""},"tablet":{"background-color":"","background-image":"","background-repeat":"repeat","background-position":"center center","background-size":"auto","background-attachment":"scroll","background-type":"","background-media":"","overlay-type":"","overlay-color":"","overlay-opacity":"","overlay-gradient":""},"mobile":{"background-color":"","background-image":"","background-repeat":"repeat","background-position":"center center","background-size":"auto","background-attachment":"scroll","background-type":"","background-media":"","overlay-type":"","overlay-color":"","overlay-opacity":"","overlay-gradient":""}},"ast-content-background-meta":{"desktop":{"background-color":"var(--ast-global-color-5)","background-image":"","background-repeat":"repeat","background-position":"center center","background-size":"auto","background-attachment":"scroll","background-type":"","background-media":"","overlay-type":"","overlay-color":"","overlay-opacity":"","overlay-gradient":""},"tablet":{"background-color":"var(--ast-global-color-5)","background-image":"","background-repeat":"repeat","background-position":"center center","background-size":"auto","background-attachment":"scroll","background-type":"","background-media":"","overlay-type":"","overlay-color":"","overlay-opacity":"","overlay-gradient":""},"mobile":{"background-color":"var(--ast-global-color-5)","background-image":"","background-repeat":"repeat","background-position":"center center","background-size":"auto","background-attachment":"scroll","background-type":"","background-media":"","overlay-type":"","overlay-color":"","overlay-opacity":"","overlay-gradient":""}}},"product_brand":[],"product_cat":[274,273],"product_tag":[],"class_list":{"0":"post-5866","1":"product","2":"type-product","3":"status-publish","4":"has-post-thumbnail","6":"product_cat-accesorios-para-el-pene","7":"product_cat-juguetes-para-hombres","8":"desktop-align-left","9":"tablet-align-left","10":"mobile-align-left","12":"first","13":"instock","14":"shipping-taxable","15":"purchasable","16":"product-type-simple"},"_links":{"self":[{"href":"https:\/\/chibolita.es\/index.php\/wp-json\/wp\/v2\/product\/5866","targetHints":{"allow":["GET"]}}],"collection":[{"href":"https:\/\/chibolita.es\/index.php\/wp-json\/wp\/v2\/product"}],"about":[{"href":"https:\/\/chibolita.es\/index.php\/wp-json\/wp\/v2\/types\/product"}],"replies":[{"embeddable":true,"href":"https:\/\/chibolita.es\/index.php\/wp-json\/wp\/v2\/comments?post=5866"}],"wp:featuredmedia":[{"embeddable":true,"href":"https:\/\/chibolita.es\/index.php\/wp-json\/wp\/v2\/media\/5869"}],"wp:attachment":[{"href":"https:\/\/chibolita.es\/index.php\/wp-json\/wp\/v2\/media?parent=5866"}],"wp:term":[{"taxonomy":"product_brand","embeddable":true,"href":"https:\/\/chibolita.es\/index.php\/wp-json\/wp\/v2\/product_brand?post=5866"},{"taxonomy":"product_cat","embeddable":true,"href":"https:\/\/chibolita.es\/index.php\/wp-json\/wp\/v2\/product_cat?post=5866"},{"taxonomy":"product_tag","embeddable":true,"href":"https:\/\/chibolita.es\/index.php\/wp-json\/wp\/v2\/product_tag?post=5866"}],"curies":[{"name":"wp","href":"https:\/\/api.w.org\/{rel}","templated":true}]}}