{"id":5808,"date":"2023-05-13T22:13:16","date_gmt":"2023-05-13T22:13:16","guid":{"rendered":"https:\/\/chibolita.es\/?post_type=product&#038;p=5808"},"modified":"2023-05-13T22:14:22","modified_gmt":"2023-05-13T22:14:22","slug":"sweet-abs-10-ritmos-ring-anillo-pene-vibrador-rosa","status":"publish","type":"product","link":"https:\/\/chibolita.es\/index.php\/product\/sweet-abs-10-ritmos-ring-anillo-pene-vibrador-rosa\/","title":{"rendered":"SWEET ABS 10 RITMOS RING ANILLO PENE VIBRADOR ROSA"},"content":{"rendered":"<p>Anillo vibrador fabricado en ABS\/TPR\u00a0para el pene con estimulador de cl\u00edtoris, con dise\u00f1o ergon\u00f3mico. Este agradable anillo da en la penetraci\u00f3n una fuerte vibraci\u00f3n que es deliciosamente enardecedora tanto para el hombre como para la mujer. La bala vibradora puede utilizarse aparte como estimulador.<\/p>\n<p>La Revolucion de la vibracion, ahora llega tambien para los anillos, dispone de 10 ritmos de vibracion.<\/p>\n<ul>\n<li>Material ultra flexible.<\/li>\n<li>Funciona con 3 pilas LR44 que van incluidas.<\/li>\n<li>Fabricado en TPR s\u00f3lido, muy f\u00e1cil de limpiar.<\/li>\n<li>Medida de la bala: 4 cm. x 1,5 cm.<\/li>\n<\/ul>\n<p>Di\u00e1metro exterior del anillo: 4.6 cm.<\/p>\n","protected":false},"excerpt":{"rendered":"<p>Anillo vibrador fabricado en ABS\/TPR\u00a0para el pene con estimulador de cl\u00edtoris, con dise\u00f1o ergon\u00f3mico. Este agradable anillo da en la penetraci\u00f3n una fuerte vibraci\u00f3n que es deliciosamente enardecedora tanto para el hombre como para la mujer. La bala vibradora puede utilizarse aparte como estimulador. La Revolucion de la vibracion, ahora llega tambien para los anillos, [&hellip;]<\/p>\n","protected":false},"featured_media":5812,"comment_status":"open","ping_status":"closed","template":"","meta":{"_eb_attr":"","site-sidebar-layout":"default","site-content-layout":"default","ast-site-content-layout":"default","site-content-style":"default","site-sidebar-style":"default","ast-global-header-display":"","ast-banner-title-visibility":"","ast-main-header-display":"","ast-hfb-above-header-display":"","ast-hfb-below-header-display":"","ast-hfb-mobile-header-display":"","site-post-title":"","ast-breadcrumbs-content":"","ast-featured-img":"","footer-sml-layout":"","ast-disable-related-posts":"","theme-transparent-header-meta":"default","adv-header-id-meta":"","stick-header-meta":"","header-above-stick-meta":"","header-main-stick-meta":"","header-below-stick-meta":"","astra-migrate-meta-layouts":"default","ast-page-background-enabled":"default","ast-page-background-meta":{"desktop":{"background-color":"var(--ast-global-color-4)","background-image":"","background-repeat":"repeat","background-position":"center center","background-size":"auto","background-attachment":"scroll","background-type":"","background-media":"","overlay-type":"","overlay-color":"","overlay-opacity":"","overlay-gradient":""},"tablet":{"background-color":"","background-image":"","background-repeat":"repeat","background-position":"center center","background-size":"auto","background-attachment":"scroll","background-type":"","background-media":"","overlay-type":"","overlay-color":"","overlay-opacity":"","overlay-gradient":""},"mobile":{"background-color":"","background-image":"","background-repeat":"repeat","background-position":"center center","background-size":"auto","background-attachment":"scroll","background-type":"","background-media":"","overlay-type":"","overlay-color":"","overlay-opacity":"","overlay-gradient":""}},"ast-content-background-meta":{"desktop":{"background-color":"var(--ast-global-color-5)","background-image":"","background-repeat":"repeat","background-position":"center center","background-size":"auto","background-attachment":"scroll","background-type":"","background-media":"","overlay-type":"","overlay-color":"","overlay-opacity":"","overlay-gradient":""},"tablet":{"background-color":"var(--ast-global-color-5)","background-image":"","background-repeat":"repeat","background-position":"center center","background-size":"auto","background-attachment":"scroll","background-type":"","background-media":"","overlay-type":"","overlay-color":"","overlay-opacity":"","overlay-gradient":""},"mobile":{"background-color":"var(--ast-global-color-5)","background-image":"","background-repeat":"repeat","background-position":"center center","background-size":"auto","background-attachment":"scroll","background-type":"","background-media":"","overlay-type":"","overlay-color":"","overlay-opacity":"","overlay-gradient":""}}},"product_brand":[],"product_cat":[274,273],"product_tag":[],"class_list":{"0":"post-5808","1":"product","2":"type-product","3":"status-publish","4":"has-post-thumbnail","6":"product_cat-accesorios-para-el-pene","7":"product_cat-juguetes-para-hombres","8":"desktop-align-left","9":"tablet-align-left","10":"mobile-align-left","12":"first","13":"instock","14":"shipping-taxable","15":"purchasable","16":"product-type-simple"},"_links":{"self":[{"href":"https:\/\/chibolita.es\/index.php\/wp-json\/wp\/v2\/product\/5808","targetHints":{"allow":["GET"]}}],"collection":[{"href":"https:\/\/chibolita.es\/index.php\/wp-json\/wp\/v2\/product"}],"about":[{"href":"https:\/\/chibolita.es\/index.php\/wp-json\/wp\/v2\/types\/product"}],"replies":[{"embeddable":true,"href":"https:\/\/chibolita.es\/index.php\/wp-json\/wp\/v2\/comments?post=5808"}],"wp:featuredmedia":[{"embeddable":true,"href":"https:\/\/chibolita.es\/index.php\/wp-json\/wp\/v2\/media\/5812"}],"wp:attachment":[{"href":"https:\/\/chibolita.es\/index.php\/wp-json\/wp\/v2\/media?parent=5808"}],"wp:term":[{"taxonomy":"product_brand","embeddable":true,"href":"https:\/\/chibolita.es\/index.php\/wp-json\/wp\/v2\/product_brand?post=5808"},{"taxonomy":"product_cat","embeddable":true,"href":"https:\/\/chibolita.es\/index.php\/wp-json\/wp\/v2\/product_cat?post=5808"},{"taxonomy":"product_tag","embeddable":true,"href":"https:\/\/chibolita.es\/index.php\/wp-json\/wp\/v2\/product_tag?post=5808"}],"curies":[{"name":"wp","href":"https:\/\/api.w.org\/{rel}","templated":true}]}}