{"id":5796,"date":"2023-05-13T22:07:52","date_gmt":"2023-05-13T22:07:52","guid":{"rendered":"https:\/\/chibolita.es\/?post_type=product&#038;p=5796"},"modified":"2023-05-13T22:08:43","modified_gmt":"2023-05-13T22:08:43","slug":"addicted-toys-anillas-ajustable-pene","status":"publish","type":"product","link":"https:\/\/chibolita.es\/index.php\/product\/addicted-toys-anillas-ajustable-pene\/","title":{"rendered":"ADDICTED TOYS ANILLAS AJUSTABLE PENE"},"content":{"rendered":"<p>ddicted toys son juguetes de calidad. Su dise\u00f1o ha sido revisado para estimular a la perfecci\u00f3n el pene y todos sus sentidos, cada uno ha sido dise\u00f1ado por un equipo de ingenieros de Adicted Toys.<\/p>\n<p>Al limitar el flujo de sangre, nuestros anillos mejoran el tama\u00f1o del pene y la resistencia, mientras estimulan el cl\u00edtoris y ayudan a lograr un orgasmo m\u00e1s r\u00e1pido. Con el incre\u00edble Anillo actuar\u00e1s como un profesional y disfrutar\u00e1s de la clase de sexo que siempre has so\u00f1ado.<\/p>\n<p>Fabricado en silicona de alta calidad puede disfrutarse con cualquier lubricante a base de agua. El anillo de silicona suave como la seda se adapta c\u00f3moda y f\u00e1cilmente a la mayor\u00eda de los tama\u00f1os. El anillo superior se ajusta alrededor del pene, mientras que la parte inferior del anillo se envuelve alrededor de los test\u00edculos lo que lo hace m\u00e1s grande, m\u00e1s grueso, y proporciona erecciones m\u00e1s duraderas. \u00a1Ll\u00e9vatelo a cualquier lugar y estar\u00e1s listo para la acci\u00f3n en todo momento!<\/p>\n<ul>\n<li>Di\u00e1metro anillo superior: 3.8 m<\/li>\n<li>Di\u00e1metro anillo inferior: 5.8 cm<\/li>\n<\/ul>\n<p>Flexible se adapta a casi todos los tama\u00f1os de Pene.<\/p>\n","protected":false},"excerpt":{"rendered":"<p>ddicted toys son juguetes de calidad. Su dise\u00f1o ha sido revisado para estimular a la perfecci\u00f3n el pene y todos sus sentidos, cada uno ha sido dise\u00f1ado por un equipo de ingenieros de Adicted Toys. Al limitar el flujo de sangre, nuestros anillos mejoran el tama\u00f1o del pene y la resistencia, mientras estimulan el cl\u00edtoris [&hellip;]<\/p>\n","protected":false},"featured_media":5798,"comment_status":"open","ping_status":"closed","template":"","meta":{"_eb_attr":"","site-sidebar-layout":"default","site-content-layout":"default","ast-site-content-layout":"default","site-content-style":"default","site-sidebar-style":"default","ast-global-header-display":"","ast-banner-title-visibility":"","ast-main-header-display":"","ast-hfb-above-header-display":"","ast-hfb-below-header-display":"","ast-hfb-mobile-header-display":"","site-post-title":"","ast-breadcrumbs-content":"","ast-featured-img":"","footer-sml-layout":"","ast-disable-related-posts":"","theme-transparent-header-meta":"default","adv-header-id-meta":"","stick-header-meta":"","header-above-stick-meta":"","header-main-stick-meta":"","header-below-stick-meta":"","astra-migrate-meta-layouts":"default","ast-page-background-enabled":"default","ast-page-background-meta":{"desktop":{"background-color":"var(--ast-global-color-4)","background-image":"","background-repeat":"repeat","background-position":"center center","background-size":"auto","background-attachment":"scroll","background-type":"","background-media":"","overlay-type":"","overlay-color":"","overlay-opacity":"","overlay-gradient":""},"tablet":{"background-color":"","background-image":"","background-repeat":"repeat","background-position":"center center","background-size":"auto","background-attachment":"scroll","background-type":"","background-media":"","overlay-type":"","overlay-color":"","overlay-opacity":"","overlay-gradient":""},"mobile":{"background-color":"","background-image":"","background-repeat":"repeat","background-position":"center center","background-size":"auto","background-attachment":"scroll","background-type":"","background-media":"","overlay-type":"","overlay-color":"","overlay-opacity":"","overlay-gradient":""}},"ast-content-background-meta":{"desktop":{"background-color":"var(--ast-global-color-5)","background-image":"","background-repeat":"repeat","background-position":"center center","background-size":"auto","background-attachment":"scroll","background-type":"","background-media":"","overlay-type":"","overlay-color":"","overlay-opacity":"","overlay-gradient":""},"tablet":{"background-color":"var(--ast-global-color-5)","background-image":"","background-repeat":"repeat","background-position":"center center","background-size":"auto","background-attachment":"scroll","background-type":"","background-media":"","overlay-type":"","overlay-color":"","overlay-opacity":"","overlay-gradient":""},"mobile":{"background-color":"var(--ast-global-color-5)","background-image":"","background-repeat":"repeat","background-position":"center center","background-size":"auto","background-attachment":"scroll","background-type":"","background-media":"","overlay-type":"","overlay-color":"","overlay-opacity":"","overlay-gradient":""}}},"product_brand":[],"product_cat":[274,273],"product_tag":[],"class_list":{"0":"post-5796","1":"product","2":"type-product","3":"status-publish","4":"has-post-thumbnail","6":"product_cat-accesorios-para-el-pene","7":"product_cat-juguetes-para-hombres","8":"desktop-align-left","9":"tablet-align-left","10":"mobile-align-left","12":"first","13":"instock","14":"shipping-taxable","15":"purchasable","16":"product-type-simple"},"_links":{"self":[{"href":"https:\/\/chibolita.es\/index.php\/wp-json\/wp\/v2\/product\/5796","targetHints":{"allow":["GET"]}}],"collection":[{"href":"https:\/\/chibolita.es\/index.php\/wp-json\/wp\/v2\/product"}],"about":[{"href":"https:\/\/chibolita.es\/index.php\/wp-json\/wp\/v2\/types\/product"}],"replies":[{"embeddable":true,"href":"https:\/\/chibolita.es\/index.php\/wp-json\/wp\/v2\/comments?post=5796"}],"wp:featuredmedia":[{"embeddable":true,"href":"https:\/\/chibolita.es\/index.php\/wp-json\/wp\/v2\/media\/5798"}],"wp:attachment":[{"href":"https:\/\/chibolita.es\/index.php\/wp-json\/wp\/v2\/media?parent=5796"}],"wp:term":[{"taxonomy":"product_brand","embeddable":true,"href":"https:\/\/chibolita.es\/index.php\/wp-json\/wp\/v2\/product_brand?post=5796"},{"taxonomy":"product_cat","embeddable":true,"href":"https:\/\/chibolita.es\/index.php\/wp-json\/wp\/v2\/product_cat?post=5796"},{"taxonomy":"product_tag","embeddable":true,"href":"https:\/\/chibolita.es\/index.php\/wp-json\/wp\/v2\/product_tag?post=5796"}],"curies":[{"name":"wp","href":"https:\/\/api.w.org\/{rel}","templated":true}]}}